{"id":5254,"date":"2025-12-23T12:22:58","date_gmt":"2025-12-23T12:22:58","guid":{"rendered":"https:\/\/blizzcool.es\/sem categoria\/arrefecedor-evaporativo-portatil-blizzcool-bc290-industrial\/"},"modified":"2025-12-23T12:22:58","modified_gmt":"2025-12-23T12:22:58","slug":"arrefecedor-evaporativo-portatil-blizzcool-bc290-industrial","status":"publish","type":"product","link":"https:\/\/blizzcool.es\/pt-pt\/arrefecedor-evaporativo\/arrefecedor-evaporativo-portatil-blizzcool-bc290-industrial\/","title":{"rendered":"Arrefecedor evaporativo port\u00e1til Blizzcool BC290 industrial"},"content":{"rendered":"<h3>Caracter\u00edsticas principais<\/h3>\n<ul>\n<li>Refrigera\u00e7\u00e3o evaporativa para grandes superf\u00edcies.<\/li>\n<li>Baixo consumo energ\u00e9tico e funcionamento ecol\u00f3gico.<\/li>\n<li>Tecnologia antibacteriana com gerador de ani\u00f5es.<\/li>\n<li>Grande capacidade de \u00e1gua para uso cont\u00ednuo.<\/li>\n<li>Estrutura robusta para ambientes industriais.<\/li>\n<\/ul>\n<h3>Detalhes t\u00e9cnicos<\/h3>\n<ul>\n<li>\u00c1rea de arrefecimento at\u00e9 290 m\u00b2.<\/li>\n<li>Fluxo de ar m\u00e1ximo 220 m\u00b3\/min.<\/li>\n<li>Capacidade do dep\u00f3sito de \u00e1gua 110 litros.<\/li>\n<li>Pot\u00eancia do motor 530 W.<\/li>\n<li>Di\u00e2metro do ventilador 600 mm.<\/li>\n<li>N\u00edvel sonoro entre 70 e 90 dB.<\/li>\n<li>Alimenta\u00e7\u00e3o 220\u2013240 V, 50 Hz.<\/li>\n<li>Peso em vazio 97 kg.<\/li>\n<li>Dimens\u00f5es 1140 \u00d7 580 \u00d7 1180 mm.<\/li>\n<\/ul>\n","protected":false},"excerpt":{"rendered":"<p>O <strong>arrefecedor evaporativo port\u00e1til Blizzcool BC 290<\/strong> foi concebido para a refrigera\u00e7\u00e3o eficiente de <strong>espa\u00e7os industriais at\u00e9 290 m\u00b2<\/strong>. Reduz a temperatura ambiente aproximadamente 10 graus atrav\u00e9s de um sistema evaporativo de baixo consumo el\u00e9trico e grande caudal de ar. <\/p>\n","protected":false},"featured_media":2206,"comment_status":"open","ping_status":"closed","template":"","meta":{"_acf_changed":false,"site-sidebar-layout":"default","site-content-layout":"","ast-site-content-layout":"default","site-content-style":"default","site-sidebar-style":"default","ast-global-header-display":"","ast-banner-title-visibility":"","ast-main-header-display":"","ast-hfb-above-header-display":"","ast-hfb-below-header-display":"","ast-hfb-mobile-header-display":"","site-post-title":"","ast-breadcrumbs-content":"","ast-featured-img":"","footer-sml-layout":"","ast-disable-related-posts":"","theme-transparent-header-meta":"default","adv-header-id-meta":"","stick-header-meta":"","header-above-stick-meta":"","header-main-stick-meta":"","header-below-stick-meta":"","astra-migrate-meta-layouts":"default","ast-page-background-enabled":"default","ast-page-background-meta":{"desktop":{"background-color":"var(--ast-global-color-5)","background-image":"","background-repeat":"repeat","background-position":"center center","background-size":"auto","background-attachment":"scroll","background-type":"","background-media":"","overlay-type":"","overlay-color":"","overlay-opacity":"","overlay-gradient":""},"tablet":{"background-color":"","background-image":"","background-repeat":"repeat","background-position":"center center","background-size":"auto","background-attachment":"scroll","background-type":"","background-media":"","overlay-type":"","overlay-color":"","overlay-opacity":"","overlay-gradient":""},"mobile":{"background-color":"","background-image":"","background-repeat":"repeat","background-position":"center center","background-size":"auto","background-attachment":"scroll","background-type":"","background-media":"","overlay-type":"","overlay-color":"","overlay-opacity":"","overlay-gradient":""}},"ast-content-background-meta":{"desktop":{"background-color":"var(--ast-global-color-4)","background-image":"","background-repeat":"repeat","background-position":"center center","background-size":"auto","background-attachment":"scroll","background-type":"","background-media":"","overlay-type":"","overlay-color":"","overlay-opacity":"","overlay-gradient":""},"tablet":{"background-color":"var(--ast-global-color-4)","background-image":"","background-repeat":"repeat","background-position":"center center","background-size":"auto","background-attachment":"scroll","background-type":"","background-media":"","overlay-type":"","overlay-color":"","overlay-opacity":"","overlay-gradient":""},"mobile":{"background-color":"var(--ast-global-color-4)","background-image":"","background-repeat":"repeat","background-position":"center center","background-size":"auto","background-attachment":"scroll","background-type":"","background-media":"","overlay-type":"","overlay-color":"","overlay-opacity":"","overlay-gradient":""}}},"product_brand":[],"product_cat":[207],"product_tag":[],"class_list":{"0":"post-5254","1":"product","2":"type-product","3":"status-publish","4":"has-post-thumbnail","6":"product_cat-arrefecedor-evaporativo","7":"desktop-align-left","8":"tablet-align-left","9":"mobile-align-left","11":"first","12":"instock","13":"taxable","14":"shipping-taxable","15":"purchasable","16":"product-type-simple"},"acf":[],"_links":{"self":[{"href":"https:\/\/blizzcool.es\/pt-pt\/wp-json\/wp\/v2\/product\/5254","targetHints":{"allow":["GET"]}}],"collection":[{"href":"https:\/\/blizzcool.es\/pt-pt\/wp-json\/wp\/v2\/product"}],"about":[{"href":"https:\/\/blizzcool.es\/pt-pt\/wp-json\/wp\/v2\/types\/product"}],"replies":[{"embeddable":true,"href":"https:\/\/blizzcool.es\/pt-pt\/wp-json\/wp\/v2\/comments?post=5254"}],"wp:featuredmedia":[{"embeddable":true,"href":"https:\/\/blizzcool.es\/pt-pt\/wp-json\/wp\/v2\/media\/2206"}],"wp:attachment":[{"href":"https:\/\/blizzcool.es\/pt-pt\/wp-json\/wp\/v2\/media?parent=5254"}],"wp:term":[{"taxonomy":"product_brand","embeddable":true,"href":"https:\/\/blizzcool.es\/pt-pt\/wp-json\/wp\/v2\/product_brand?post=5254"},{"taxonomy":"product_cat","embeddable":true,"href":"https:\/\/blizzcool.es\/pt-pt\/wp-json\/wp\/v2\/product_cat?post=5254"},{"taxonomy":"product_tag","embeddable":true,"href":"https:\/\/blizzcool.es\/pt-pt\/wp-json\/wp\/v2\/product_tag?post=5254"}],"curies":[{"name":"wp","href":"https:\/\/api.w.org\/{rel}","templated":true}]}}