{"id":5236,"date":"2025-12-23T11:56:57","date_gmt":"2025-12-23T11:56:57","guid":{"rendered":"https:\/\/blizzcool.es\/sem categoria\/arrefecedor-evaporativo-portatil-blizzcool-bc200-industrial\/"},"modified":"2025-12-23T11:56:57","modified_gmt":"2025-12-23T11:56:57","slug":"arrefecedor-evaporativo-portatil-blizzcool-bc200-industrial","status":"publish","type":"product","link":"https:\/\/blizzcool.es\/pt-pt\/arrefecedor-evaporativo\/arrefecedor-evaporativo-portatil-blizzcool-bc200-industrial\/","title":{"rendered":"Arrefecedor evaporativo port\u00e1til Blizzcool BC200 industrial"},"content":{"rendered":"<h3>Caracter\u00edsticas principais<\/h3>\n<ul>\n<li><strong>Refrigera\u00e7\u00e3o industrial eficiente<\/strong> para \u00e1reas amplas<\/li>\n<li><strong>Baixo consumo el\u00e9trico<\/strong> com sistema ecol\u00f3gico<\/li>\n<li><strong>Tecnologia antibacteriana<\/strong> com gerador de ani\u00f5es<\/li>\n<li><strong>Elevado fluxo de ar<\/strong> para uma distribui\u00e7\u00e3o uniforme<\/li>\n<li><strong>Estrutura resistente<\/strong> concebida para uso intensivo<\/li>\n<\/ul>\n<h3>Detalhes t\u00e9cnicos<\/h3>\n<ul>\n<li><strong>\u00c1rea de arrefecimento<\/strong> at\u00e9 200 m\u00b2<\/li>\n<li><strong>Fluxo de ar m\u00e1ximo<\/strong> 150 m\u00b3 por minuto<\/li>\n<li><strong>Capacidade do dep\u00f3sito<\/strong> 72 litros<\/li>\n<li><strong>Pot\u00eancia do motor<\/strong> 630 W<\/li>\n<li><strong>Di\u00e2metro do ventilador<\/strong> 460 mm<\/li>\n<li><strong>N\u00edvel sonoro<\/strong> entre 70 e 90 dB<\/li>\n<li><strong>Alimenta\u00e7\u00e3o<\/strong> 220-240 V 50 Hz<\/li>\n<li><strong>Peso em vazio<\/strong> 54 kg<\/li>\n<li><strong>Dimens\u00f5es<\/strong> 920 x 580 x 1180 mm<\/li>\n<\/ul>\n","protected":false},"excerpt":{"rendered":"<p>O <strong>arrefecedor evaporativo port\u00e1til Blizzcool BC 200<\/strong> foi concebido para a refrigera\u00e7\u00e3o eficiente de <strong>espa\u00e7os industriais at\u00e9 200 m\u00b2<\/strong>. Reduz a temperatura ambiente em aproximadamente 10 graus atrav\u00e9s de um sistema evaporativo de baixo consumo el\u00e9trico. Incorpora tecnologia antibacteriana com gerador de ani\u00f5es para melhorar a qualidade do ar.  <\/p>\n","protected":false},"featured_media":2201,"comment_status":"open","ping_status":"closed","template":"","meta":{"_acf_changed":false,"site-sidebar-layout":"default","site-content-layout":"","ast-site-content-layout":"default","site-content-style":"default","site-sidebar-style":"default","ast-global-header-display":"","ast-banner-title-visibility":"","ast-main-header-display":"","ast-hfb-above-header-display":"","ast-hfb-below-header-display":"","ast-hfb-mobile-header-display":"","site-post-title":"","ast-breadcrumbs-content":"","ast-featured-img":"","footer-sml-layout":"","ast-disable-related-posts":"","theme-transparent-header-meta":"default","adv-header-id-meta":"","stick-header-meta":"","header-above-stick-meta":"","header-main-stick-meta":"","header-below-stick-meta":"","astra-migrate-meta-layouts":"default","ast-page-background-enabled":"default","ast-page-background-meta":{"desktop":{"background-color":"var(--ast-global-color-5)","background-image":"","background-repeat":"repeat","background-position":"center center","background-size":"auto","background-attachment":"scroll","background-type":"","background-media":"","overlay-type":"","overlay-color":"","overlay-opacity":"","overlay-gradient":""},"tablet":{"background-color":"","background-image":"","background-repeat":"repeat","background-position":"center center","background-size":"auto","background-attachment":"scroll","background-type":"","background-media":"","overlay-type":"","overlay-color":"","overlay-opacity":"","overlay-gradient":""},"mobile":{"background-color":"","background-image":"","background-repeat":"repeat","background-position":"center center","background-size":"auto","background-attachment":"scroll","background-type":"","background-media":"","overlay-type":"","overlay-color":"","overlay-opacity":"","overlay-gradient":""}},"ast-content-background-meta":{"desktop":{"background-color":"var(--ast-global-color-4)","background-image":"","background-repeat":"repeat","background-position":"center center","background-size":"auto","background-attachment":"scroll","background-type":"","background-media":"","overlay-type":"","overlay-color":"","overlay-opacity":"","overlay-gradient":""},"tablet":{"background-color":"var(--ast-global-color-4)","background-image":"","background-repeat":"repeat","background-position":"center center","background-size":"auto","background-attachment":"scroll","background-type":"","background-media":"","overlay-type":"","overlay-color":"","overlay-opacity":"","overlay-gradient":""},"mobile":{"background-color":"var(--ast-global-color-4)","background-image":"","background-repeat":"repeat","background-position":"center center","background-size":"auto","background-attachment":"scroll","background-type":"","background-media":"","overlay-type":"","overlay-color":"","overlay-opacity":"","overlay-gradient":""}}},"product_brand":[],"product_cat":[207],"product_tag":[],"class_list":{"0":"post-5236","1":"product","2":"type-product","3":"status-publish","4":"has-post-thumbnail","6":"product_cat-arrefecedor-evaporativo","7":"desktop-align-left","8":"tablet-align-left","9":"mobile-align-left","11":"first","12":"instock","13":"taxable","14":"shipping-taxable","15":"purchasable","16":"product-type-simple"},"acf":[],"_links":{"self":[{"href":"https:\/\/blizzcool.es\/pt-pt\/wp-json\/wp\/v2\/product\/5236","targetHints":{"allow":["GET"]}}],"collection":[{"href":"https:\/\/blizzcool.es\/pt-pt\/wp-json\/wp\/v2\/product"}],"about":[{"href":"https:\/\/blizzcool.es\/pt-pt\/wp-json\/wp\/v2\/types\/product"}],"replies":[{"embeddable":true,"href":"https:\/\/blizzcool.es\/pt-pt\/wp-json\/wp\/v2\/comments?post=5236"}],"wp:featuredmedia":[{"embeddable":true,"href":"https:\/\/blizzcool.es\/pt-pt\/wp-json\/wp\/v2\/media\/2201"}],"wp:attachment":[{"href":"https:\/\/blizzcool.es\/pt-pt\/wp-json\/wp\/v2\/media?parent=5236"}],"wp:term":[{"taxonomy":"product_brand","embeddable":true,"href":"https:\/\/blizzcool.es\/pt-pt\/wp-json\/wp\/v2\/product_brand?post=5236"},{"taxonomy":"product_cat","embeddable":true,"href":"https:\/\/blizzcool.es\/pt-pt\/wp-json\/wp\/v2\/product_cat?post=5236"},{"taxonomy":"product_tag","embeddable":true,"href":"https:\/\/blizzcool.es\/pt-pt\/wp-json\/wp\/v2\/product_tag?post=5236"}],"curies":[{"name":"wp","href":"https:\/\/api.w.org\/{rel}","templated":true}]}}