{"id":5168,"date":"2025-12-23T12:22:59","date_gmt":"2025-12-23T12:22:59","guid":{"rendered":"https:\/\/blizzcool.es\/sem categoria\/ar-condicionado-portatil-industrial-blizzcool-ac5300-3\/"},"modified":"2025-12-23T12:22:59","modified_gmt":"2025-12-23T12:22:59","slug":"ar-condicionado-portatil-industrial-blizzcool-ac5300-3","status":"publish","type":"product","link":"https:\/\/blizzcool.es\/pt-pt\/ar-condicionado-portatil-industrial\/ar-condicionado-portatil-industrial-blizzcool-ac5300-3\/","title":{"rendered":"Ar condicionado port\u00e1til industrial Blizzcool AC5300\/3"},"content":{"rendered":"<h2 data-start=\"2954\" data-end=\"2982\">Especifica\u00e7\u00f5es t\u00e9cnicas<\/h2>\n<ul data-start=\"2984\" data-end=\"3443\">\n<li data-start=\"2984\" data-end=\"3019\">Alimenta\u00e7\u00e3o: 220\u2013240 V \/ 50 Hz<\/li>\n<li data-start=\"3020\" data-end=\"3070\">Capacidade frigor\u00edfica: 5,3 kW (5300 frigorias)<\/li>\n<li data-start=\"3071\" data-end=\"3099\">Pot\u00eancia nominal: 2200 W<\/li>\n<li data-start=\"3100\" data-end=\"3129\">Corrente nominal: 10,0 A<\/li>\n<li data-start=\"3130\" data-end=\"3158\">Caudal de ar: 800 m\u00b3\/h<\/li>\n<li data-start=\"3159\" data-end=\"3196\">Press\u00e3o m\u00e1xima aspira\u00e7\u00e3o: 10 bar<\/li>\n<li data-start=\"3197\" data-end=\"3232\">Press\u00e3o m\u00e1xima descarga: 25 bar<\/li>\n<li data-start=\"3233\" data-end=\"3266\">Refrigerante: R1234yf (950 g)<\/li>\n<li data-start=\"3267\" data-end=\"3301\">Ambiente de servi\u00e7o: 18\u201345 \u00b0C<\/li>\n<li data-start=\"3302\" data-end=\"3328\">N\u00edvel sonoro: 65 dB(A)<\/li>\n<li data-start=\"3329\" data-end=\"3362\">Dep\u00f3sito de condensados: 25 L<\/li>\n<li data-start=\"3363\" data-end=\"3399\">Dimens\u00f5es: 652 \u00d7 560 \u00d7 1135 mm<\/li>\n<li data-start=\"3400\" data-end=\"3420\">Peso l\u00edquido: 95 kg<\/li>\n<li data-start=\"3421\" data-end=\"3443\">Peso bruto: 108 kg<\/li>\n<\/ul>\n<h2 data-start=\"3450\" data-end=\"3477\">Caracter\u00edsticas t\u00e9cnicas<\/h2>\n<ul data-start=\"3479\" data-end=\"3882\">\n<li data-start=\"3479\" data-end=\"3522\">Compressor herm\u00e9tico de alto rendimento<\/li>\n<li data-start=\"3523\" data-end=\"3559\">Refrigerante R1234yf de baixo PAG<\/li>\n<li data-start=\"3560\" data-end=\"3606\">Prote\u00e7\u00e3o contra sobrecarga do compressor<\/li>\n<li data-start=\"3607\" data-end=\"3657\">Prote\u00e7\u00e3o contra sobreaquecimento do motor<\/li>\n<li data-start=\"3658\" data-end=\"3691\">Sistema de rein\u00edcio retardado<\/li>\n<li data-start=\"3692\" data-end=\"3717\">Alarme dep\u00f3sito cheio<\/li>\n<li data-start=\"3718\" data-end=\"3739\">Temporizador 24 h<\/li>\n<li data-start=\"3740\" data-end=\"3777\">M\u00faltiplos modos de funcionamento<\/li>\n<li data-start=\"3778\" data-end=\"3796\">Filtro lav\u00e1vel<\/li>\n<li data-start=\"3797\" data-end=\"3831\">Rodas industriais refor\u00e7adas<\/li>\n<li data-start=\"3832\" data-end=\"3882\">M\u00faltiplas condutas direcionais de impuls\u00e3o<\/li>\n<\/ul>\n","protected":false},"excerpt":{"rendered":"<p>O ar condicionado port\u00e1til industrial Blizzcool AC-5300\/3 oferece uma potente capacidade de refrigera\u00e7\u00e3o de 5300 frigorias, ideal para grandes espa\u00e7os como naves, oficinas e armaz\u00e9ns. Incorpora sistema por compressor, alto caudal de ar e design robusto com rodas para facilitar a sua mobilidade. \u00c9 uma solu\u00e7\u00e3o eficiente, fi\u00e1vel e de baixa manuten\u00e7\u00e3o para climatiza\u00e7\u00e3o profissional.  <\/p>\n","protected":false},"featured_media":288,"comment_status":"open","ping_status":"closed","template":"","meta":{"_acf_changed":false,"site-sidebar-layout":"default","site-content-layout":"","ast-site-content-layout":"default","site-content-style":"default","site-sidebar-style":"default","ast-global-header-display":"","ast-banner-title-visibility":"","ast-main-header-display":"","ast-hfb-above-header-display":"","ast-hfb-below-header-display":"","ast-hfb-mobile-header-display":"","site-post-title":"","ast-breadcrumbs-content":"","ast-featured-img":"","footer-sml-layout":"","ast-disable-related-posts":"","theme-transparent-header-meta":"default","adv-header-id-meta":"","stick-header-meta":"","header-above-stick-meta":"","header-main-stick-meta":"","header-below-stick-meta":"","astra-migrate-meta-layouts":"default","ast-page-background-enabled":"default","ast-page-background-meta":{"desktop":{"background-color":"var(--ast-global-color-5)","background-image":"","background-repeat":"repeat","background-position":"center center","background-size":"auto","background-attachment":"scroll","background-type":"","background-media":"","overlay-type":"","overlay-color":"","overlay-opacity":"","overlay-gradient":""},"tablet":{"background-color":"","background-image":"","background-repeat":"repeat","background-position":"center center","background-size":"auto","background-attachment":"scroll","background-type":"","background-media":"","overlay-type":"","overlay-color":"","overlay-opacity":"","overlay-gradient":""},"mobile":{"background-color":"","background-image":"","background-repeat":"repeat","background-position":"center center","background-size":"auto","background-attachment":"scroll","background-type":"","background-media":"","overlay-type":"","overlay-color":"","overlay-opacity":"","overlay-gradient":""}},"ast-content-background-meta":{"desktop":{"background-color":"var(--ast-global-color-4)","background-image":"","background-repeat":"repeat","background-position":"center center","background-size":"auto","background-attachment":"scroll","background-type":"","background-media":"","overlay-type":"","overlay-color":"","overlay-opacity":"","overlay-gradient":""},"tablet":{"background-color":"var(--ast-global-color-4)","background-image":"","background-repeat":"repeat","background-position":"center center","background-size":"auto","background-attachment":"scroll","background-type":"","background-media":"","overlay-type":"","overlay-color":"","overlay-opacity":"","overlay-gradient":""},"mobile":{"background-color":"var(--ast-global-color-4)","background-image":"","background-repeat":"repeat","background-position":"center center","background-size":"auto","background-attachment":"scroll","background-type":"","background-media":"","overlay-type":"","overlay-color":"","overlay-opacity":"","overlay-gradient":""}}},"product_brand":[],"product_cat":[203],"product_tag":[],"class_list":{"0":"post-5168","1":"product","2":"type-product","3":"status-publish","4":"has-post-thumbnail","6":"product_cat-ar-condicionado-portatil-industrial","7":"desktop-align-left","8":"tablet-align-left","9":"mobile-align-left","11":"first","12":"instock","13":"taxable","14":"shipping-taxable","15":"purchasable","16":"product-type-simple"},"acf":[],"_links":{"self":[{"href":"https:\/\/blizzcool.es\/pt-pt\/wp-json\/wp\/v2\/product\/5168","targetHints":{"allow":["GET"]}}],"collection":[{"href":"https:\/\/blizzcool.es\/pt-pt\/wp-json\/wp\/v2\/product"}],"about":[{"href":"https:\/\/blizzcool.es\/pt-pt\/wp-json\/wp\/v2\/types\/product"}],"replies":[{"embeddable":true,"href":"https:\/\/blizzcool.es\/pt-pt\/wp-json\/wp\/v2\/comments?post=5168"}],"wp:featuredmedia":[{"embeddable":true,"href":"https:\/\/blizzcool.es\/pt-pt\/wp-json\/wp\/v2\/media\/288"}],"wp:attachment":[{"href":"https:\/\/blizzcool.es\/pt-pt\/wp-json\/wp\/v2\/media?parent=5168"}],"wp:term":[{"taxonomy":"product_brand","embeddable":true,"href":"https:\/\/blizzcool.es\/pt-pt\/wp-json\/wp\/v2\/product_brand?post=5168"},{"taxonomy":"product_cat","embeddable":true,"href":"https:\/\/blizzcool.es\/pt-pt\/wp-json\/wp\/v2\/product_cat?post=5168"},{"taxonomy":"product_tag","embeddable":true,"href":"https:\/\/blizzcool.es\/pt-pt\/wp-json\/wp\/v2\/product_tag?post=5168"}],"curies":[{"name":"wp","href":"https:\/\/api.w.org\/{rel}","templated":true}]}}