{"id":4810,"date":"2025-12-23T14:08:08","date_gmt":"2025-12-23T14:08:08","guid":{"rendered":"https:\/\/blizzcool.es\/sem categoria\/colete-desportivo-refrescante-bw04\/"},"modified":"2025-12-23T14:08:08","modified_gmt":"2025-12-23T14:08:08","slug":"colete-desportivo-refrescante-bw04","status":"publish","type":"product","link":"https:\/\/blizzcool.es\/pt-pt\/coletes\/colete-desportivo-refrescante-bw04\/","title":{"rendered":"Colete desportivo refrescante BW04"},"content":{"rendered":"<h3>Tamanhos dispon\u00edveis do colete refrescante BW-04<\/h3>\n<ul>\n<li>Tamanho M<\/li>\n<li>Tamanho L<\/li>\n<li>Tamanho XL<\/li>\n<li>Tamanho 2XL<\/li>\n<\/ul>\n<h3>Usos recomendados do colete desportivo refrescante BW-04<\/h3>\n<ul>\n<li>Desportos ao ar livre em condi\u00e7\u00f5es de calor<\/li>\n<li>Running, ciclismo e treino intensivo<\/li>\n<li>Atividades f\u00edsicas prolongadas<\/li>\n<li>Trabalhos f\u00edsicos em ambientes quentes<\/li>\n<li>Preven\u00e7\u00e3o do sobreaquecimento corporal<\/li>\n<\/ul>\n<h3>Vantagens do colete desportivo refrescante BW-04<\/h3>\n<ul>\n<li>Reduz eficazmente la temperatura corporal<\/li>\n<li>Tecnologia POLYCOOL de evapora\u00e7\u00e3o prolongada<\/li>\n<li>Sensa\u00e7\u00e3o de frescura intensa e duradoura<\/li>\n<li>Design ergon\u00f3mico e leve<\/li>\n<li>Reutiliz\u00e1vel e f\u00e1cil de ativar com \u00e1gua<\/li>\n<\/ul>\n","protected":false},"excerpt":{"rendered":"<p>O colete desportivo refrescante BW-04 foi concebido para manter a temperatura corporal ideal durante atividades f\u00edsicas em ambientes quentes. Gra\u00e7as \u00e0 tecnologia POLYCOOL, absorve a humidade e gera uma evapora\u00e7\u00e3o prolongada que proporciona uma sensa\u00e7\u00e3o de frescura intensa e duradoura, ideal para desporto e trabalhos f\u00edsicos exigentes. <\/p>\n","protected":false},"featured_media":322,"comment_status":"open","ping_status":"closed","template":"","meta":{"_acf_changed":false,"site-sidebar-layout":"default","site-content-layout":"","ast-site-content-layout":"default","site-content-style":"default","site-sidebar-style":"default","ast-global-header-display":"","ast-banner-title-visibility":"","ast-main-header-display":"","ast-hfb-above-header-display":"","ast-hfb-below-header-display":"","ast-hfb-mobile-header-display":"","site-post-title":"","ast-breadcrumbs-content":"","ast-featured-img":"","footer-sml-layout":"","ast-disable-related-posts":"","theme-transparent-header-meta":"default","adv-header-id-meta":"","stick-header-meta":"","header-above-stick-meta":"","header-main-stick-meta":"","header-below-stick-meta":"","astra-migrate-meta-layouts":"default","ast-page-background-enabled":"default","ast-page-background-meta":{"desktop":{"background-color":"var(--ast-global-color-5)","background-image":"","background-repeat":"repeat","background-position":"center center","background-size":"auto","background-attachment":"scroll","background-type":"","background-media":"","overlay-type":"","overlay-color":"","overlay-opacity":"","overlay-gradient":""},"tablet":{"background-color":"","background-image":"","background-repeat":"repeat","background-position":"center center","background-size":"auto","background-attachment":"scroll","background-type":"","background-media":"","overlay-type":"","overlay-color":"","overlay-opacity":"","overlay-gradient":""},"mobile":{"background-color":"","background-image":"","background-repeat":"repeat","background-position":"center center","background-size":"auto","background-attachment":"scroll","background-type":"","background-media":"","overlay-type":"","overlay-color":"","overlay-opacity":"","overlay-gradient":""}},"ast-content-background-meta":{"desktop":{"background-color":"var(--ast-global-color-4)","background-image":"","background-repeat":"repeat","background-position":"center center","background-size":"auto","background-attachment":"scroll","background-type":"","background-media":"","overlay-type":"","overlay-color":"","overlay-opacity":"","overlay-gradient":""},"tablet":{"background-color":"var(--ast-global-color-4)","background-image":"","background-repeat":"repeat","background-position":"center center","background-size":"auto","background-attachment":"scroll","background-type":"","background-media":"","overlay-type":"","overlay-color":"","overlay-opacity":"","overlay-gradient":""},"mobile":{"background-color":"var(--ast-global-color-4)","background-image":"","background-repeat":"repeat","background-position":"center center","background-size":"auto","background-attachment":"scroll","background-type":"","background-media":"","overlay-type":"","overlay-color":"","overlay-opacity":"","overlay-gradient":""}}},"product_brand":[],"product_cat":[148,147],"product_tag":[],"class_list":{"0":"post-4810","1":"product","2":"type-product","3":"status-publish","4":"has-post-thumbnail","6":"product_cat-coletes","7":"product_cat-roupa-termica","8":"desktop-align-left","9":"tablet-align-left","10":"mobile-align-left","12":"first","13":"instock","14":"taxable","15":"shipping-taxable","16":"purchasable","17":"product-type-variable"},"acf":[],"_links":{"self":[{"href":"https:\/\/blizzcool.es\/pt-pt\/wp-json\/wp\/v2\/product\/4810","targetHints":{"allow":["GET"]}}],"collection":[{"href":"https:\/\/blizzcool.es\/pt-pt\/wp-json\/wp\/v2\/product"}],"about":[{"href":"https:\/\/blizzcool.es\/pt-pt\/wp-json\/wp\/v2\/types\/product"}],"replies":[{"embeddable":true,"href":"https:\/\/blizzcool.es\/pt-pt\/wp-json\/wp\/v2\/comments?post=4810"}],"wp:featuredmedia":[{"embeddable":true,"href":"https:\/\/blizzcool.es\/pt-pt\/wp-json\/wp\/v2\/media\/322"}],"wp:attachment":[{"href":"https:\/\/blizzcool.es\/pt-pt\/wp-json\/wp\/v2\/media?parent=4810"}],"wp:term":[{"taxonomy":"product_brand","embeddable":true,"href":"https:\/\/blizzcool.es\/pt-pt\/wp-json\/wp\/v2\/product_brand?post=4810"},{"taxonomy":"product_cat","embeddable":true,"href":"https:\/\/blizzcool.es\/pt-pt\/wp-json\/wp\/v2\/product_cat?post=4810"},{"taxonomy":"product_tag","embeddable":true,"href":"https:\/\/blizzcool.es\/pt-pt\/wp-json\/wp\/v2\/product_tag?post=4810"}],"curies":[{"name":"wp","href":"https:\/\/api.w.org\/{rel}","templated":true}]}}