{"id":4803,"date":"2025-12-23T14:08:07","date_gmt":"2025-12-23T14:08:07","guid":{"rendered":"https:\/\/blizzcool.es\/sem categoria\/colete-refrigerante-pcm-bw01\/"},"modified":"2025-12-23T14:08:07","modified_gmt":"2025-12-23T14:08:07","slug":"colete-refrigerante-pcm-bw01","status":"publish","type":"product","link":"https:\/\/blizzcool.es\/pt-pt\/roupa-termica\/colete-refrigerante-pcm-bw01\/","title":{"rendered":"Colete refrigerante PCM BW01"},"content":{"rendered":"<h3>Vantagens do colete refrigerante BW 01<\/h3>\n<ul>\n<li>Tecnologia PCM Phasecool para arrefecimento corporal est\u00e1vel<\/li>\n<li>Mant\u00e9m a temperatura aproximada de 21 \u00b0C durante v\u00e1rias horas<\/li>\n<li>Design ajust\u00e1vel compat\u00edvel com roupa de trabalho ou desportiva<\/li>\n<li>N\u00e3o requer eletricidade nem baterias<\/li>\n<li>Reutiliz\u00e1vel e de ativa\u00e7\u00e3o simples<\/li>\n<\/ul>\n<h3>Modo de utiliza\u00e7\u00e3o<\/h3>\n<ul>\n<li>Retirar as placas PCM do interior do colete<\/li>\n<li>Colocar as placas no congelador durante, pelo menos, 45 minutos<\/li>\n<li>Inserir as placas solidificadas nos bolsos interiores<\/li>\n<li>Ajustar o colete ao corpo e come\u00e7ar a utilizar<\/li>\n<\/ul>\n<h3>Aplica\u00e7\u00f5es recomendadas<\/h3>\n<ul>\n<li>Trabalhos industriais em ambientes quentes<\/li>\n<li>Atividades desportivas e de elevado esfor\u00e7o f\u00edsico<\/li>\n<li>Motociclismo e utiliza\u00e7\u00e3o profissional no exterior<\/li>\n<li>Preven\u00e7\u00e3o do stress t\u00e9rmico e da fadiga por calor<\/li>\n<\/ul>\n","protected":false},"excerpt":{"rendered":"<p>O <strong>colete refrigerante PCM BW 01<\/strong> foi concebido para reduzir a temperatura corporal em atividades profissionais e desportivas realizadas em ambientes quentes. Utiliza a tecnologia Phasecool, que mant\u00e9m uma temperatura constante pr\u00f3xima de 21 \u00baC durante v\u00e1rias horas, proporcionando conforto t\u00e9rmico cont\u00ednuo e seguro. <\/p>\n","protected":false},"featured_media":653,"comment_status":"open","ping_status":"closed","template":"","meta":{"_acf_changed":false,"site-sidebar-layout":"default","site-content-layout":"","ast-site-content-layout":"default","site-content-style":"default","site-sidebar-style":"default","ast-global-header-display":"","ast-banner-title-visibility":"","ast-main-header-display":"","ast-hfb-above-header-display":"","ast-hfb-below-header-display":"","ast-hfb-mobile-header-display":"","site-post-title":"","ast-breadcrumbs-content":"","ast-featured-img":"","footer-sml-layout":"","ast-disable-related-posts":"","theme-transparent-header-meta":"default","adv-header-id-meta":"","stick-header-meta":"","header-above-stick-meta":"","header-main-stick-meta":"","header-below-stick-meta":"","astra-migrate-meta-layouts":"default","ast-page-background-enabled":"default","ast-page-background-meta":{"desktop":{"background-color":"var(--ast-global-color-5)","background-image":"","background-repeat":"repeat","background-position":"center center","background-size":"auto","background-attachment":"scroll","background-type":"","background-media":"","overlay-type":"","overlay-color":"","overlay-opacity":"","overlay-gradient":""},"tablet":{"background-color":"","background-image":"","background-repeat":"repeat","background-position":"center center","background-size":"auto","background-attachment":"scroll","background-type":"","background-media":"","overlay-type":"","overlay-color":"","overlay-opacity":"","overlay-gradient":""},"mobile":{"background-color":"","background-image":"","background-repeat":"repeat","background-position":"center center","background-size":"auto","background-attachment":"scroll","background-type":"","background-media":"","overlay-type":"","overlay-color":"","overlay-opacity":"","overlay-gradient":""}},"ast-content-background-meta":{"desktop":{"background-color":"var(--ast-global-color-4)","background-image":"","background-repeat":"repeat","background-position":"center center","background-size":"auto","background-attachment":"scroll","background-type":"","background-media":"","overlay-type":"","overlay-color":"","overlay-opacity":"","overlay-gradient":""},"tablet":{"background-color":"var(--ast-global-color-4)","background-image":"","background-repeat":"repeat","background-position":"center center","background-size":"auto","background-attachment":"scroll","background-type":"","background-media":"","overlay-type":"","overlay-color":"","overlay-opacity":"","overlay-gradient":""},"mobile":{"background-color":"var(--ast-global-color-4)","background-image":"","background-repeat":"repeat","background-position":"center center","background-size":"auto","background-attachment":"scroll","background-type":"","background-media":"","overlay-type":"","overlay-color":"","overlay-opacity":"","overlay-gradient":""}}},"product_brand":[],"product_cat":[147,148],"product_tag":[],"class_list":{"0":"post-4803","1":"product","2":"type-product","3":"status-publish","4":"has-post-thumbnail","6":"product_cat-roupa-termica","7":"product_cat-coletes","8":"desktop-align-left","9":"tablet-align-left","10":"mobile-align-left","12":"first","13":"instock","14":"taxable","15":"shipping-taxable","16":"purchasable","17":"product-type-variable"},"acf":[],"_links":{"self":[{"href":"https:\/\/blizzcool.es\/pt-pt\/wp-json\/wp\/v2\/product\/4803","targetHints":{"allow":["GET"]}}],"collection":[{"href":"https:\/\/blizzcool.es\/pt-pt\/wp-json\/wp\/v2\/product"}],"about":[{"href":"https:\/\/blizzcool.es\/pt-pt\/wp-json\/wp\/v2\/types\/product"}],"replies":[{"embeddable":true,"href":"https:\/\/blizzcool.es\/pt-pt\/wp-json\/wp\/v2\/comments?post=4803"}],"wp:featuredmedia":[{"embeddable":true,"href":"https:\/\/blizzcool.es\/pt-pt\/wp-json\/wp\/v2\/media\/653"}],"wp:attachment":[{"href":"https:\/\/blizzcool.es\/pt-pt\/wp-json\/wp\/v2\/media?parent=4803"}],"wp:term":[{"taxonomy":"product_brand","embeddable":true,"href":"https:\/\/blizzcool.es\/pt-pt\/wp-json\/wp\/v2\/product_brand?post=4803"},{"taxonomy":"product_cat","embeddable":true,"href":"https:\/\/blizzcool.es\/pt-pt\/wp-json\/wp\/v2\/product_cat?post=4803"},{"taxonomy":"product_tag","embeddable":true,"href":"https:\/\/blizzcool.es\/pt-pt\/wp-json\/wp\/v2\/product_tag?post=4803"}],"curies":[{"name":"wp","href":"https:\/\/api.w.org\/{rel}","templated":true}]}}