{"id":4397,"date":"2025-12-23T14:08:09","date_gmt":"2025-12-23T14:08:09","guid":{"rendered":"https:\/\/blizzcool.es\/sem categoria\/colete-refrigerante-pcm-bw02\/"},"modified":"2025-12-23T14:08:09","modified_gmt":"2025-12-23T14:08:09","slug":"colete-refrigerante-pcm-bw02","status":"publish","type":"product","link":"https:\/\/blizzcool.es\/pt-pt\/coletes\/colete-refrigerante-pcm-bw02\/","title":{"rendered":"Colete refrigerante PCM BW02"},"content":{"rendered":"<h3>Vantagens do colete refrigerante PCM BW-02<\/h3>\n<ul>\n<li>Reduz eficazmente a temperatura corporal<\/li>\n<li>Frescura constante durante 2 a 3 horas<\/li>\n<li>Packs de refrigera\u00e7\u00e3o reutiliz\u00e1veis<\/li>\n<li>Ajustes laterais para maior conforto<\/li>\n<li>Fecho com fecho \u00e9clair e autoaderentes<\/li>\n<li>Fabricado em algod\u00e3o e poli\u00e9ster para maior conforto<\/li>\n<li>Ideal para uso profissional e cont\u00ednuo<\/li>\n<li>Inclui quatro placas refrigerantes.<\/li>\n<\/ul>\n<h3>Modo de utiliza\u00e7\u00e3o do colete refrigerante PCM BW-02<\/h3>\n<ul>\n<li>Colocar os packs de refrigera\u00e7\u00e3o no congelador durante 1 hora<\/li>\n<li>Introduzir os packs frios nos bolsos interiores do colete<\/li>\n<li>Ajustar o colete ao corpo atrav\u00e9s dos fechos laterais<\/li>\n<li>Utilizar durante a atividade laboral para manter a frescura<\/li>\n<li>Assim que perderem o frio, voltar a arrefecer os packs para os reutilizar<\/li>\n<\/ul>\n","protected":false},"excerpt":{"rendered":"<p>O Colete refrigerante PCM BW02 foi concebido para manter uma temperatura corporal \u00f3tima durante atividades profissionais em condi\u00e7\u00f5es de calor intenso. Incorpora packs de refrigera\u00e7\u00e3o que proporcionam frescura constante durante 2 a 3 horas, ajudando a prevenir o stress t\u00e9rmico e a melhorar o desempenho laboral. <\/p>\n","protected":false},"featured_media":2498,"comment_status":"open","ping_status":"closed","template":"","meta":{"_acf_changed":false,"site-sidebar-layout":"default","site-content-layout":"","ast-site-content-layout":"default","site-content-style":"default","site-sidebar-style":"default","ast-global-header-display":"","ast-banner-title-visibility":"","ast-main-header-display":"","ast-hfb-above-header-display":"","ast-hfb-below-header-display":"","ast-hfb-mobile-header-display":"","site-post-title":"","ast-breadcrumbs-content":"","ast-featured-img":"","footer-sml-layout":"","ast-disable-related-posts":"","theme-transparent-header-meta":"default","adv-header-id-meta":"","stick-header-meta":"","header-above-stick-meta":"","header-main-stick-meta":"","header-below-stick-meta":"","astra-migrate-meta-layouts":"default","ast-page-background-enabled":"default","ast-page-background-meta":{"desktop":{"background-color":"var(--ast-global-color-5)","background-image":"","background-repeat":"repeat","background-position":"center center","background-size":"auto","background-attachment":"scroll","background-type":"","background-media":"","overlay-type":"","overlay-color":"","overlay-opacity":"","overlay-gradient":""},"tablet":{"background-color":"","background-image":"","background-repeat":"repeat","background-position":"center center","background-size":"auto","background-attachment":"scroll","background-type":"","background-media":"","overlay-type":"","overlay-color":"","overlay-opacity":"","overlay-gradient":""},"mobile":{"background-color":"","background-image":"","background-repeat":"repeat","background-position":"center center","background-size":"auto","background-attachment":"scroll","background-type":"","background-media":"","overlay-type":"","overlay-color":"","overlay-opacity":"","overlay-gradient":""}},"ast-content-background-meta":{"desktop":{"background-color":"var(--ast-global-color-4)","background-image":"","background-repeat":"repeat","background-position":"center center","background-size":"auto","background-attachment":"scroll","background-type":"","background-media":"","overlay-type":"","overlay-color":"","overlay-opacity":"","overlay-gradient":""},"tablet":{"background-color":"var(--ast-global-color-4)","background-image":"","background-repeat":"repeat","background-position":"center center","background-size":"auto","background-attachment":"scroll","background-type":"","background-media":"","overlay-type":"","overlay-color":"","overlay-opacity":"","overlay-gradient":""},"mobile":{"background-color":"var(--ast-global-color-4)","background-image":"","background-repeat":"repeat","background-position":"center center","background-size":"auto","background-attachment":"scroll","background-type":"","background-media":"","overlay-type":"","overlay-color":"","overlay-opacity":"","overlay-gradient":""}}},"product_brand":[],"product_cat":[148,147],"product_tag":[],"class_list":{"0":"post-4397","1":"product","2":"type-product","3":"status-publish","4":"has-post-thumbnail","6":"product_cat-coletes","7":"product_cat-roupa-termica","8":"desktop-align-left","9":"tablet-align-left","10":"mobile-align-left","12":"first","13":"instock","14":"taxable","15":"shipping-taxable","16":"purchasable","17":"product-type-variable"},"acf":[],"_links":{"self":[{"href":"https:\/\/blizzcool.es\/pt-pt\/wp-json\/wp\/v2\/product\/4397","targetHints":{"allow":["GET"]}}],"collection":[{"href":"https:\/\/blizzcool.es\/pt-pt\/wp-json\/wp\/v2\/product"}],"about":[{"href":"https:\/\/blizzcool.es\/pt-pt\/wp-json\/wp\/v2\/types\/product"}],"replies":[{"embeddable":true,"href":"https:\/\/blizzcool.es\/pt-pt\/wp-json\/wp\/v2\/comments?post=4397"}],"wp:featuredmedia":[{"embeddable":true,"href":"https:\/\/blizzcool.es\/pt-pt\/wp-json\/wp\/v2\/media\/2498"}],"wp:attachment":[{"href":"https:\/\/blizzcool.es\/pt-pt\/wp-json\/wp\/v2\/media?parent=4397"}],"wp:term":[{"taxonomy":"product_brand","embeddable":true,"href":"https:\/\/blizzcool.es\/pt-pt\/wp-json\/wp\/v2\/product_brand?post=4397"},{"taxonomy":"product_cat","embeddable":true,"href":"https:\/\/blizzcool.es\/pt-pt\/wp-json\/wp\/v2\/product_cat?post=4397"},{"taxonomy":"product_tag","embeddable":true,"href":"https:\/\/blizzcool.es\/pt-pt\/wp-json\/wp\/v2\/product_tag?post=4397"}],"curies":[{"name":"wp","href":"https:\/\/api.w.org\/{rel}","templated":true}]}}