{"id":4203,"date":"2026-02-03T14:21:46","date_gmt":"2026-02-03T14:21:46","guid":{"rendered":"https:\/\/blizzcool.es\/sem categoria\/painel-de-controlo-refrigerador-bc200-bc290-bc395\/"},"modified":"2026-02-03T14:21:46","modified_gmt":"2026-02-03T14:21:46","slug":"painel-de-controlo-refrigerador-bc200-bc290-bc395","status":"publish","type":"product","link":"https:\/\/blizzcool.es\/pt-pt\/pecas-arrefecedor-evaporativo\/painel-de-controlo-refrigerador-bc200-bc290-bc395\/","title":{"rendered":"Painel de controlo Refrigerador BC200\/BC290\/BC395"},"content":{"rendered":"<p data-start=\"101\" data-end=\"613\">Painel de controlo de substitui\u00e7\u00e3o original Blizzcool compat\u00edvel com os refrigeradores evaporativos <strong data-start=\"193\" data-end=\"217\">BC200, BC290 e BC395<\/strong>. Permite gerir de forma precisa as fun\u00e7\u00f5es do equipamento, como o arranque, a ventila\u00e7\u00e3o, a bomba de \u00e1gua e outras configura\u00e7\u00f5es operativas, assegurando um funcionamento correto e seguro do refrigerador. Concebido para uma integra\u00e7\u00e3o perfeita com os modelos indicados, \u00e9 a solu\u00e7\u00e3o ideal para substituir um painel danificado ou com falhas, garantindo fiabilidade e facilidade de instala\u00e7\u00e3o.  <\/p>\n<h3 data-start=\"615\" data-end=\"642\"><\/h3>\n","protected":false},"excerpt":{"rendered":"<p data-start=\"643\" data-end=\"785\">Painel de controlo Blizzcool compat\u00edvel com refrigeradores BC200, BC290 e BC395. Pe\u00e7a original para um controlo preciso e seguro do equipamento. <\/p>\n","protected":false},"featured_media":2817,"comment_status":"open","ping_status":"closed","template":"","meta":{"_acf_changed":false,"site-sidebar-layout":"default","site-content-layout":"","ast-site-content-layout":"default","site-content-style":"default","site-sidebar-style":"default","ast-global-header-display":"","ast-banner-title-visibility":"","ast-main-header-display":"","ast-hfb-above-header-display":"","ast-hfb-below-header-display":"","ast-hfb-mobile-header-display":"","site-post-title":"","ast-breadcrumbs-content":"","ast-featured-img":"","footer-sml-layout":"","ast-disable-related-posts":"","theme-transparent-header-meta":"default","adv-header-id-meta":"","stick-header-meta":"","header-above-stick-meta":"","header-main-stick-meta":"","header-below-stick-meta":"","astra-migrate-meta-layouts":"default","ast-page-background-enabled":"default","ast-page-background-meta":{"desktop":{"background-color":"var(--ast-global-color-5)","background-image":"","background-repeat":"repeat","background-position":"center center","background-size":"auto","background-attachment":"scroll","background-type":"","background-media":"","overlay-type":"","overlay-color":"","overlay-opacity":"","overlay-gradient":""},"tablet":{"background-color":"","background-image":"","background-repeat":"repeat","background-position":"center center","background-size":"auto","background-attachment":"scroll","background-type":"","background-media":"","overlay-type":"","overlay-color":"","overlay-opacity":"","overlay-gradient":""},"mobile":{"background-color":"","background-image":"","background-repeat":"repeat","background-position":"center center","background-size":"auto","background-attachment":"scroll","background-type":"","background-media":"","overlay-type":"","overlay-color":"","overlay-opacity":"","overlay-gradient":""}},"ast-content-background-meta":{"desktop":{"background-color":"var(--ast-global-color-4)","background-image":"","background-repeat":"repeat","background-position":"center center","background-size":"auto","background-attachment":"scroll","background-type":"","background-media":"","overlay-type":"","overlay-color":"","overlay-opacity":"","overlay-gradient":""},"tablet":{"background-color":"var(--ast-global-color-4)","background-image":"","background-repeat":"repeat","background-position":"center center","background-size":"auto","background-attachment":"scroll","background-type":"","background-media":"","overlay-type":"","overlay-color":"","overlay-opacity":"","overlay-gradient":""},"mobile":{"background-color":"var(--ast-global-color-4)","background-image":"","background-repeat":"repeat","background-position":"center center","background-size":"auto","background-attachment":"scroll","background-type":"","background-media":"","overlay-type":"","overlay-color":"","overlay-opacity":"","overlay-gradient":""}}},"product_brand":[],"product_cat":[139,136],"product_tag":[],"class_list":{"0":"post-4203","1":"product","2":"type-product","3":"status-publish","4":"has-post-thumbnail","6":"product_cat-pecas-arrefecedor-evaporativo","7":"product_cat-pecas","8":"desktop-align-left","9":"tablet-align-left","10":"mobile-align-left","12":"first","13":"instock","14":"taxable","15":"shipping-taxable","16":"purchasable","17":"product-type-simple"},"acf":[],"_links":{"self":[{"href":"https:\/\/blizzcool.es\/pt-pt\/wp-json\/wp\/v2\/product\/4203","targetHints":{"allow":["GET"]}}],"collection":[{"href":"https:\/\/blizzcool.es\/pt-pt\/wp-json\/wp\/v2\/product"}],"about":[{"href":"https:\/\/blizzcool.es\/pt-pt\/wp-json\/wp\/v2\/types\/product"}],"replies":[{"embeddable":true,"href":"https:\/\/blizzcool.es\/pt-pt\/wp-json\/wp\/v2\/comments?post=4203"}],"wp:featuredmedia":[{"embeddable":true,"href":"https:\/\/blizzcool.es\/pt-pt\/wp-json\/wp\/v2\/media\/2817"}],"wp:attachment":[{"href":"https:\/\/blizzcool.es\/pt-pt\/wp-json\/wp\/v2\/media?parent=4203"}],"wp:term":[{"taxonomy":"product_brand","embeddable":true,"href":"https:\/\/blizzcool.es\/pt-pt\/wp-json\/wp\/v2\/product_brand?post=4203"},{"taxonomy":"product_cat","embeddable":true,"href":"https:\/\/blizzcool.es\/pt-pt\/wp-json\/wp\/v2\/product_cat?post=4203"},{"taxonomy":"product_tag","embeddable":true,"href":"https:\/\/blizzcool.es\/pt-pt\/wp-json\/wp\/v2\/product_tag?post=4203"}],"curies":[{"name":"wp","href":"https:\/\/api.w.org\/{rel}","templated":true}]}}