{"id":4083,"date":"2025-12-23T13:05:06","date_gmt":"2025-12-23T13:05:06","guid":{"rendered":"https:\/\/blizzcool.es\/sem categoria\/ventilador-de-teto-industrial-bizzcool-bwp-fam610-o-6100-mm\/"},"modified":"2025-12-23T13:05:06","modified_gmt":"2025-12-23T13:05:06","slug":"ventilador-de-teto-industrial-bizzcool-bwp-fam610-o-6100-mm","status":"publish","type":"product","link":"https:\/\/blizzcool.es\/pt-pt\/teto\/ventilador-de-teto-industrial-bizzcool-bwp-fam610-o-6100-mm\/","title":{"rendered":"Ventilador de teto industrial Bizzcool BWP FAM610 \u00d8 6100 mm"},"content":{"rendered":"<h3>Caracter\u00edsticas principais<\/h3>\n<ul>\n<li>Ventilador de teto industrial de grande di\u00e2metro<\/li>\n<li>\u00d8 6100 mm para m\u00e1xima cobertura de ar<\/li>\n<li>Distribui\u00e7\u00e3o uniforme do fluxo de ar<\/li>\n<li>Funcionamento est\u00e1vel para uso cont\u00ednuo<\/li>\n<li>Projetado para grandes superf\u00edcies industriais<\/li>\n<\/ul>\n<h3>Detalhes t\u00e9cnicos<\/h3>\n<ul>\n<li>Modelo BWP FAM610<\/li>\n<li>Di\u00e2metro 6100 mm<\/li>\n<li>Tipo ventilador de teto industrial HVLS<\/li>\n<li>Aplica\u00e7\u00e3o em grandes pavilh\u00f5es e espa\u00e7os industriais<\/li>\n<li>Alimenta\u00e7\u00e3o el\u00e9trica industrial padr\u00e3o<\/li>\n<\/ul>\n","protected":false},"excerpt":{"rendered":"<p>O <strong>ventilador de teto industrial Bizzcool BWP FAM610<\/strong> foi projetado para proporcionar uma ventila\u00e7\u00e3o eficiente e uniforme em <strong>grandes espa\u00e7os industriais<\/strong>. Gra\u00e7as ao seu grande di\u00e2metro de 6100 mm, melhora a circula\u00e7\u00e3o do ar e o conforto t\u00e9rmico em pavilh\u00f5es, armaz\u00e9ns e \u00e1reas de trabalho amplas, oferecendo uma solu\u00e7\u00e3o fi\u00e1vel e de baixo consumo para ventila\u00e7\u00e3o cont\u00ednua. <\/p>\n","protected":false},"featured_media":4074,"comment_status":"open","ping_status":"closed","template":"","meta":{"_acf_changed":false,"site-sidebar-layout":"default","site-content-layout":"","ast-site-content-layout":"default","site-content-style":"default","site-sidebar-style":"default","ast-global-header-display":"","ast-banner-title-visibility":"","ast-main-header-display":"","ast-hfb-above-header-display":"","ast-hfb-below-header-display":"","ast-hfb-mobile-header-display":"","site-post-title":"","ast-breadcrumbs-content":"","ast-featured-img":"","footer-sml-layout":"","ast-disable-related-posts":"","theme-transparent-header-meta":"default","adv-header-id-meta":"","stick-header-meta":"","header-above-stick-meta":"","header-main-stick-meta":"","header-below-stick-meta":"","astra-migrate-meta-layouts":"default","ast-page-background-enabled":"default","ast-page-background-meta":{"desktop":{"background-color":"var(--ast-global-color-5)","background-image":"","background-repeat":"repeat","background-position":"center center","background-size":"auto","background-attachment":"scroll","background-type":"","background-media":"","overlay-type":"","overlay-color":"","overlay-opacity":"","overlay-gradient":""},"tablet":{"background-color":"","background-image":"","background-repeat":"repeat","background-position":"center center","background-size":"auto","background-attachment":"scroll","background-type":"","background-media":"","overlay-type":"","overlay-color":"","overlay-opacity":"","overlay-gradient":""},"mobile":{"background-color":"","background-image":"","background-repeat":"repeat","background-position":"center center","background-size":"auto","background-attachment":"scroll","background-type":"","background-media":"","overlay-type":"","overlay-color":"","overlay-opacity":"","overlay-gradient":""}},"ast-content-background-meta":{"desktop":{"background-color":"var(--ast-global-color-4)","background-image":"","background-repeat":"repeat","background-position":"center center","background-size":"auto","background-attachment":"scroll","background-type":"","background-media":"","overlay-type":"","overlay-color":"","overlay-opacity":"","overlay-gradient":""},"tablet":{"background-color":"var(--ast-global-color-4)","background-image":"","background-repeat":"repeat","background-position":"center center","background-size":"auto","background-attachment":"scroll","background-type":"","background-media":"","overlay-type":"","overlay-color":"","overlay-opacity":"","overlay-gradient":""},"mobile":{"background-color":"var(--ast-global-color-4)","background-image":"","background-repeat":"repeat","background-position":"center center","background-size":"auto","background-attachment":"scroll","background-type":"","background-media":"","overlay-type":"","overlay-color":"","overlay-opacity":"","overlay-gradient":""}}},"product_brand":[],"product_cat":[125,124],"product_tag":[],"class_list":{"0":"post-4083","1":"product","2":"type-product","3":"status-publish","4":"has-post-thumbnail","6":"product_cat-teto","7":"product_cat-ventilador-industrial","8":"desktop-align-left","9":"tablet-align-left","10":"mobile-align-left","12":"first","13":"instock","14":"taxable","15":"shipping-taxable","16":"purchasable","17":"product-type-simple"},"acf":[],"_links":{"self":[{"href":"https:\/\/blizzcool.es\/pt-pt\/wp-json\/wp\/v2\/product\/4083","targetHints":{"allow":["GET"]}}],"collection":[{"href":"https:\/\/blizzcool.es\/pt-pt\/wp-json\/wp\/v2\/product"}],"about":[{"href":"https:\/\/blizzcool.es\/pt-pt\/wp-json\/wp\/v2\/types\/product"}],"replies":[{"embeddable":true,"href":"https:\/\/blizzcool.es\/pt-pt\/wp-json\/wp\/v2\/comments?post=4083"}],"wp:featuredmedia":[{"embeddable":true,"href":"https:\/\/blizzcool.es\/pt-pt\/wp-json\/wp\/v2\/media\/4074"}],"wp:attachment":[{"href":"https:\/\/blizzcool.es\/pt-pt\/wp-json\/wp\/v2\/media?parent=4083"}],"wp:term":[{"taxonomy":"product_brand","embeddable":true,"href":"https:\/\/blizzcool.es\/pt-pt\/wp-json\/wp\/v2\/product_brand?post=4083"},{"taxonomy":"product_cat","embeddable":true,"href":"https:\/\/blizzcool.es\/pt-pt\/wp-json\/wp\/v2\/product_cat?post=4083"},{"taxonomy":"product_tag","embeddable":true,"href":"https:\/\/blizzcool.es\/pt-pt\/wp-json\/wp\/v2\/product_tag?post=4083"}],"curies":[{"name":"wp","href":"https:\/\/api.w.org\/{rel}","templated":true}]}}