{"id":4843,"date":"2025-12-30T09:51:40","date_gmt":"2025-12-30T09:51:40","guid":{"rendered":"https:\/\/blizzcool.es\/politica-de-privacidade\/"},"modified":"2026-04-27T08:24:14","modified_gmt":"2026-04-27T08:24:14","slug":"politica-de-privacidade","status":"publish","type":"page","link":"https:\/\/blizzcool.es\/pt-pt\/politica-de-privacidade\/","title":{"rendered":"Pol\u00edtica de Privacidade"},"content":{"rendered":"\t\t<div data-elementor-type=\"wp-page\" data-elementor-id=\"4843\" class=\"elementor elementor-4843 elementor-722\" data-elementor-post-type=\"page\">\n\t\t\t\t<div class=\"elementor-element elementor-element-68b8d6e e-flex e-con-boxed e-con e-parent\" data-id=\"68b8d6e\" data-element_type=\"container\" data-e-type=\"container\">\n\t\t\t\t\t<div class=\"e-con-inner\">\n\t\t\t\t<div class=\"elementor-element elementor-element-062599e elementor-widget elementor-widget-heading\" data-id=\"062599e\" data-element_type=\"widget\" data-e-type=\"widget\" data-widget_type=\"heading.default\">\n\t\t\t\t\t<h1 class=\"elementor-heading-title elementor-size-default\">POL\u00cdTICA DE PRIVACIDADE \u2013 BLIZZCOOL<\/h1>\t\t\t\t<\/div>\n\t\t\t\t<div class=\"elementor-element elementor-element-bc7316e elementor-widget__width-inherit elementor-widget-mobile__width-inherit elementor-widget elementor-widget-text-editor\" data-id=\"bc7316e\" data-element_type=\"widget\" data-e-type=\"widget\" data-widget_type=\"text-editor.default\">\n\t\t\t\t\t\t\t\t\t<p data-start=\"3948\" data-end=\"3994\"><strong data-start=\"3948\" data-end=\"3973\">\u00daltima atualiza\u00e7\u00e3o:<\/strong> 3 de fevereiro de 2026<\/p>\t\t\t\t\t\t\t\t<\/div>\n\t\t<div class=\"elementor-element elementor-element-14ec5b3 e-con-full e-flex e-con e-child\" data-id=\"14ec5b3\" data-element_type=\"container\" data-e-type=\"container\">\n\t\t\t\t<div class=\"elementor-element elementor-element-0f3a292 elementor-widget elementor-widget-heading\" data-id=\"0f3a292\" data-element_type=\"widget\" data-e-type=\"widget\" data-widget_type=\"heading.default\">\n\t\t\t\t\t<h3 class=\"elementor-heading-title elementor-size-default\">1. Respons\u00e1vel pelo tratamento<\/h3>\t\t\t\t<\/div>\n\t\t\t\t<div class=\"elementor-element elementor-element-7224389 elementor-widget__width-inherit elementor-widget-mobile__width-inherit elementor-widget elementor-widget-text-editor\" data-id=\"7224389\" data-element_type=\"widget\" data-e-type=\"widget\" data-widget_type=\"text-editor.default\">\n\t\t\t\t\t\t\t\t\t<p>Em conformidade com o disposto no Regulamento (UE) 2016\/679 (RGPD) e na Lei Org\u00e2nica 3\/2018 (LOPDGDD), informa-se os utilizadores de que os dados pessoais recolhidos atrav\u00e9s do s\u00edtio Web <strong data-start=\"655\" data-end=\"668\">Blizzcool<\/strong> ser\u00e3o tratados por:<\/p>\n<ul>\n<li data-start=\"690\" data-end=\"728\"><strong data-start=\"692\" data-end=\"708\">Respons\u00e1vel:<\/strong> Tools Place, S.L.<\/li>\n<li data-start=\"729\" data-end=\"763\"><strong data-start=\"731\" data-end=\"751\">Marca comercial:<\/strong> Blizzcool<\/li>\n<li data-start=\"764\" data-end=\"786\"><strong data-start=\"766\" data-end=\"774\">NIPC:<\/strong> B42669192<\/li>\n<li data-start=\"787\" data-end=\"865\"><strong data-start=\"789\" data-end=\"803\">Atividade:<\/strong> 4791 \u2013 Com\u00e9rcio a retalho por correspond\u00eancia ou Internet<\/li>\n<li data-start=\"866\" data-end=\"948\"><strong data-start=\"868\" data-end=\"889\">Sede social:<\/strong> Carrer Segorbe, 38, P. I. Carr\u00fas, 03206 Elche (Alicante)<\/li>\n<li data-start=\"949\" data-end=\"1037\"><strong data-start=\"951\" data-end=\"986\">Endere\u00e7o de e-mail de contacto:<\/strong><br><ul data-start=\"991\" data-end=\"1037\">\n<li data-start=\"991\" data-end=\"1013\"><a class=\"decorated-link cursor-pointer\" rel=\"noopener\" data-start=\"993\" data-end=\"1011\">info@toolsplace.es<\/a><\/li>\n<li data-start=\"1016\" data-end=\"1037\"><a class=\"decorated-link cursor-pointer\" rel=\"noopener\" data-start=\"1018\" data-end=\"1035\">info@blizzcool.es<\/a><\/li>\n<\/ul>\n<\/li>\n<\/ul>\t\t\t\t\t\t\t\t<\/div>\n\t\t\t\t<\/div>\n\t\t<div class=\"elementor-element elementor-element-5e7ccf6 e-con-full e-flex e-con e-child\" data-id=\"5e7ccf6\" data-element_type=\"container\" data-e-type=\"container\">\n\t\t\t\t<div class=\"elementor-element elementor-element-7fa43d0 elementor-widget elementor-widget-heading\" data-id=\"7fa43d0\" data-element_type=\"widget\" data-e-type=\"widget\" data-widget_type=\"heading.default\">\n\t\t\t\t\t<h3 class=\"elementor-heading-title elementor-size-default\">2. Dados pessoais tratados<\/h3>\t\t\t\t<\/div>\n\t\t\t\t<div class=\"elementor-element elementor-element-1002d22 elementor-widget__width-inherit elementor-widget-mobile__width-inherit elementor-widget elementor-widget-text-editor\" data-id=\"1002d22\" data-element_type=\"widget\" data-e-type=\"widget\" data-widget_type=\"text-editor.default\">\n\t\t\t\t\t\t\t\t\t<p>Atrav\u00e9s do s\u00edtio Web, poder\u00e3o ser recolhidos os seguintes dados pessoais, em fun\u00e7\u00e3o da intera\u00e7\u00e3o do utilizador:<\/p><ul data-start=\"1194\" data-end=\"1402\"><li data-start=\"1194\" data-end=\"1216\">Nome completo<\/li><li data-start=\"1217\" data-end=\"1252\">Endere\u00e7o de e-mail<\/li><li data-start=\"1253\" data-end=\"1275\">N\u00famero de telefone<\/li><li data-start=\"1276\" data-end=\"1287\">Empresa<\/li><li data-start=\"1288\" data-end=\"1308\">Endere\u00e7o postal<\/li><li data-start=\"1309\" data-end=\"1333\">Dados de fatura\u00e7\u00e3o<\/li><li data-start=\"1334\" data-end=\"1402\">Dados necess\u00e1rios para a gest\u00e3o de encomendas e contas de utilizador<\/li><\/ul><p>N\u00e3o s\u00e3o tratados dados especialmente protegidos.<\/p>\t\t\t\t\t\t\t\t<\/div>\n\t\t\t\t<\/div>\n\t\t<div class=\"elementor-element elementor-element-422599c e-con-full e-flex e-con e-child\" data-id=\"422599c\" data-element_type=\"container\" data-e-type=\"container\">\n\t\t\t\t<div class=\"elementor-element elementor-element-31dfc1a elementor-widget elementor-widget-heading\" data-id=\"31dfc1a\" data-element_type=\"widget\" data-e-type=\"widget\" data-widget_type=\"heading.default\">\n\t\t\t\t\t<h3 class=\"elementor-heading-title elementor-size-default\">3. Finalidades do tratamento<\/h3>\t\t\t\t<\/div>\n\t\t\t\t<div class=\"elementor-element elementor-element-7e07772 elementor-widget__width-inherit elementor-widget-mobile__width-inherit elementor-widget elementor-widget-text-editor\" data-id=\"7e07772\" data-element_type=\"widget\" data-e-type=\"widget\" data-widget_type=\"text-editor.default\">\n\t\t\t\t\t\t\t\t\t<p>Os dados pessoais ser\u00e3o tratados com as seguintes finalidades:<\/p><ul data-start=\"1559\" data-end=\"2219\"><li data-start=\"1559\" data-end=\"1690\"><strong data-start=\"1561\" data-end=\"1609\">Gest\u00e3o de clientes e execu\u00e7\u00e3o de contratos<\/strong>, incluindo o processamento de encomendas, fatura\u00e7\u00e3o, cobran\u00e7as e apoio p\u00f3s-venda.<\/li><li data-start=\"1691\" data-end=\"1816\"><strong data-start=\"1693\" data-end=\"1747\">Atendimento de consultas e pedidos de informa\u00e7\u00e3o<\/strong> realizados atrav\u00e9s de formul\u00e1rios de contacto ou e-mail.<\/li><li data-start=\"1817\" data-end=\"1893\"><strong data-start=\"1819\" data-end=\"1855\">Gest\u00e3o do registo de utilizadores<\/strong> e acesso \u00e0 \u00e1rea privada de clientes.<\/li><li data-start=\"1894\" data-end=\"2001\"><strong data-start=\"1896\" data-end=\"1949\">Envio de comunica\u00e7\u00f5es comerciais e newsletters<\/strong>, quando o utilizador tiver dado o seu consentimento.<\/li><li data-start=\"2002\" data-end=\"2103\"><strong data-start=\"2004\" data-end=\"2044\">Cumprimento de obriga\u00e7\u00f5es legais<\/strong>, fiscais e contabil\u00edsticas decorrentes da atividade comercial.<\/li><li data-start=\"2104\" data-end=\"2219\"><strong data-start=\"2106\" data-end=\"2140\">An\u00e1lise da utiliza\u00e7\u00e3o do s\u00edtio Web<\/strong>, para fins estat\u00edsticos e de melhoria do servi\u00e7o, atrav\u00e9s de cookies anal\u00edticos.<\/li><\/ul>\t\t\t\t\t\t\t\t<\/div>\n\t\t\t\t<\/div>\n\t\t<div class=\"elementor-element elementor-element-1d19346 e-con-full e-flex e-con e-child\" data-id=\"1d19346\" data-element_type=\"container\" data-e-type=\"container\">\n\t\t\t\t<div class=\"elementor-element elementor-element-9a20a6e elementor-widget elementor-widget-heading\" data-id=\"9a20a6e\" data-element_type=\"widget\" data-e-type=\"widget\" data-widget_type=\"heading.default\">\n\t\t\t\t\t<h3 class=\"elementor-heading-title elementor-size-default\">4. Base jur\u00eddica do tratamento<\/h3>\t\t\t\t<\/div>\n\t\t\t\t<div class=\"elementor-element elementor-element-a9a8c41 elementor-widget__width-inherit elementor-widget-mobile__width-inherit elementor-widget elementor-widget-text-editor\" data-id=\"a9a8c41\" data-element_type=\"widget\" data-e-type=\"widget\" data-widget_type=\"text-editor.default\">\n\t\t\t\t\t\t\t\t\t<p>O tratamento dos dados pessoais baseia-se em:<\/p><ul data-start=\"2315\" data-end=\"2676\"><li data-start=\"2315\" data-end=\"2393\"><strong data-start=\"2317\" data-end=\"2348\">A execu\u00e7\u00e3o de um contrato<\/strong> ou a aplica\u00e7\u00e3o de medidas pr\u00e9-contratuais.<\/li><li data-start=\"2394\" data-end=\"2483\"><strong data-start=\"2396\" data-end=\"2437\">O consentimento expresso do utilizador<\/strong>, para finalidades comerciais ou de marketing.<\/li><li data-start=\"2484\" data-end=\"2572\"><strong data-start=\"2486\" data-end=\"2529\">O cumprimento de obriga\u00e7\u00f5es legais<\/strong> aplic\u00e1veis ao respons\u00e1vel pelo tratamento.<\/li><li data-start=\"2573\" data-end=\"2676\"><strong data-start=\"2575\" data-end=\"2598\">O interesse leg\u00edtimo<\/strong> do respons\u00e1vel para a melhoria dos seus servi\u00e7os e a seguran\u00e7a do s\u00edtio Web.<\/li><\/ul><p>O consentimento poder\u00e1 ser retirado a qualquer momento, sem que isso afete a licitude do tratamento pr\u00e9vio.<\/p>\t\t\t\t\t\t\t\t<\/div>\n\t\t\t\t<\/div>\n\t\t<div class=\"elementor-element elementor-element-fd4f3ec e-con-full e-flex e-con e-child\" data-id=\"fd4f3ec\" data-element_type=\"container\" data-e-type=\"container\">\n\t\t\t\t<div class=\"elementor-element elementor-element-36eafd2 elementor-widget elementor-widget-heading\" data-id=\"36eafd2\" data-element_type=\"widget\" data-e-type=\"widget\" data-widget_type=\"heading.default\">\n\t\t\t\t\t<h3 class=\"elementor-heading-title elementor-size-default\">5. Prazo de conserva\u00e7\u00e3o dos dados<\/h3>\t\t\t\t<\/div>\n\t\t\t\t<div class=\"elementor-element elementor-element-7afe4a7 elementor-widget__width-inherit elementor-widget-mobile__width-inherit elementor-widget elementor-widget-text-editor\" data-id=\"7afe4a7\" data-element_type=\"widget\" data-e-type=\"widget\" data-widget_type=\"text-editor.default\">\n\t\t\t\t\t\t\t\t\t<p>Os dados pessoais ser\u00e3o conservados durante os <strong data-start=\"2887\" data-end=\"2924\">prazos legais m\u00ednimos necess\u00e1rios<\/strong>, em fun\u00e7\u00e3o da finalidade do tratamento:<\/p><ul data-start=\"2971\" data-end=\"3411\"><li data-start=\"2971\" data-end=\"3117\"><strong data-start=\"2973\" data-end=\"2995\">Dados de clientes:<\/strong> enquanto durar a rela\u00e7\u00e3o contratual e, posteriormente, durante os prazos exigidos pela regulamenta\u00e7\u00e3o fiscal e comercial.<\/li><li data-start=\"3118\" data-end=\"3192\"><strong data-start=\"3120\" data-end=\"3154\">Dados de utilizadores registados:<\/strong> enquanto a conta permanecer ativa.<\/li><li data-start=\"3193\" data-end=\"3284\"><strong data-start=\"3195\" data-end=\"3237\">Dados para comunica\u00e7\u00f5es comerciais:<\/strong> at\u00e9 que o utilizador retire o seu consentimento.<\/li><li data-start=\"3285\" data-end=\"3411\"><strong data-start=\"3287\" data-end=\"3321\">Dados de contacto e consultas:<\/strong> durante o tempo necess\u00e1rio para atender ao pedido e realizar acompanhamentos razo\u00e1veis.<\/li><\/ul><p>Uma vez finalizados os referidos prazos, os dados ser\u00e3o eliminados de forma segura.<\/p>\t\t\t\t\t\t\t\t<\/div>\n\t\t\t\t<\/div>\n\t\t<div class=\"elementor-element elementor-element-98d640a e-con-full e-flex e-con e-child\" data-id=\"98d640a\" data-element_type=\"container\" data-e-type=\"container\">\n\t\t\t\t<div class=\"elementor-element elementor-element-96124c7 elementor-widget elementor-widget-heading\" data-id=\"96124c7\" data-element_type=\"widget\" data-e-type=\"widget\" data-widget_type=\"heading.default\">\n\t\t\t\t\t<h3 class=\"elementor-heading-title elementor-size-default\">6. Destinat\u00e1rios dos dados<\/h3>\t\t\t\t<\/div>\n\t\t\t\t<div class=\"elementor-element elementor-element-de59e1c elementor-widget__width-inherit elementor-widget-mobile__width-inherit elementor-widget elementor-widget-text-editor\" data-id=\"de59e1c\" data-element_type=\"widget\" data-e-type=\"widget\" data-widget_type=\"text-editor.default\">\n\t\t\t\t\t\t\t\t\t<p>Os dados pessoais n\u00e3o ser\u00e3o cedidos a terceiros, salvo:<\/p><ul data-start=\"3587\" data-end=\"3855\"><li data-start=\"3587\" data-end=\"3660\">Obriga\u00e7\u00e3o legal perante Administra\u00e7\u00f5es P\u00fablicas, Tribunais ou Julgados.<\/li><li data-start=\"3661\" data-end=\"3855\">Fornecedores de servi\u00e7os necess\u00e1rios para o funcionamento da atividade, que atuam como <strong data-start=\"3755\" data-end=\"3785\">subcontratantes<\/strong>, com os correspondentes contratos em conformidade com o artigo 28.\u00ba do RGPD.<\/li><\/ul>\t\t\t\t\t\t\t\t<\/div>\n\t\t\t\t<\/div>\n\t\t<div class=\"elementor-element elementor-element-7e5af3e e-con-full e-flex e-con e-child\" data-id=\"7e5af3e\" data-element_type=\"container\" data-e-type=\"container\">\n\t\t\t\t<div class=\"elementor-element elementor-element-75eabec elementor-widget elementor-widget-heading\" data-id=\"75eabec\" data-element_type=\"widget\" data-e-type=\"widget\" data-widget_type=\"heading.default\">\n\t\t\t\t\t<h3 class=\"elementor-heading-title elementor-size-default\">7. Transfer\u00eancias internacionais de dados<\/h3>\t\t\t\t<\/div>\n\t\t\t\t<div class=\"elementor-element elementor-element-ba1fe49 elementor-widget__width-inherit elementor-widget-mobile__width-inherit elementor-widget elementor-widget-text-editor\" data-id=\"ba1fe49\" data-element_type=\"widget\" data-e-type=\"widget\" data-widget_type=\"text-editor.default\">\n\t\t\t\t\t\t\t\t\t<p data-start=\"1625\" data-end=\"1740\">Em geral, n\u00e3o s\u00e3o realizadas transfer\u00eancias internacionais de dados fora do Espa\u00e7o Econ\u00f3mico Europeu.<\/p><p data-start=\"1747\" data-end=\"1999\">N\u00e3o obstante, a utiliza\u00e7\u00e3o de ferramentas de terceiros como <strong data-start=\"1800\" data-end=\"1820\">Google Analytics<\/strong> pode implicar transfer\u00eancias internacionais de dados, que s\u00e3o realizadas em conformidade com os mecanismos de garantia previstos na regulamenta\u00e7\u00e3o em vigor em mat\u00e9ria de prote\u00e7\u00e3o de dados.<\/p>\t\t\t\t\t\t\t\t<\/div>\n\t\t\t\t<\/div>\n\t\t<div class=\"elementor-element elementor-element-6bcd49e e-con-full e-flex e-con e-child\" data-id=\"6bcd49e\" data-element_type=\"container\" data-e-type=\"container\">\n\t\t\t\t<div class=\"elementor-element elementor-element-bc633a9 elementor-widget elementor-widget-heading\" data-id=\"bc633a9\" data-element_type=\"widget\" data-e-type=\"widget\" data-widget_type=\"heading.default\">\n\t\t\t\t\t<h3 class=\"elementor-heading-title elementor-size-default\">8. Medidas de seguran\u00e7a<\/h3>\t\t\t\t<\/div>\n\t\t\t\t<div class=\"elementor-element elementor-element-180a116 elementor-widget__width-inherit elementor-widget-mobile__width-inherit elementor-widget elementor-widget-text-editor\" data-id=\"180a116\" data-element_type=\"widget\" data-e-type=\"widget\" data-widget_type=\"text-editor.default\">\n\t\t\t\t\t\t\t\t\t<p>A Tools Place, S.L. aplica as <strong data-start=\"4189\" data-end=\"4236\">medidas t\u00e9cnicas e organizativas necess\u00e1rias<\/strong> para garantir a seguran\u00e7a, confidencialidade, integridade e disponibilidade dos dados pessoais, evitando a sua altera\u00e7\u00e3o, perda, tratamento ou acesso n\u00e3o autorizado.<\/p>\t\t\t\t\t\t\t\t<\/div>\n\t\t\t\t<\/div>\n\t\t<div class=\"elementor-element elementor-element-7768162 e-con-full e-flex e-con e-child\" data-id=\"7768162\" data-element_type=\"container\" data-e-type=\"container\">\n\t\t\t\t<div class=\"elementor-element elementor-element-47face3 elementor-widget elementor-widget-heading\" data-id=\"47face3\" data-element_type=\"widget\" data-e-type=\"widget\" data-widget_type=\"heading.default\">\n\t\t\t\t\t<h3 class=\"elementor-heading-title elementor-size-default\">9. Direitos dos utilizadores<\/h3>\t\t\t\t<\/div>\n\t\t\t\t<div class=\"elementor-element elementor-element-8b8c656 elementor-widget__width-inherit elementor-widget-mobile__width-inherit elementor-widget elementor-widget-text-editor\" data-id=\"8b8c656\" data-element_type=\"widget\" data-e-type=\"widget\" data-widget_type=\"text-editor.default\">\n\t\t\t\t\t\t\t\t\t<p>O utilizador pode exercer a qualquer momento os seguintes direitos:<\/p><ul data-start=\"4517\" data-end=\"4666\"><li data-start=\"4517\" data-end=\"4527\">Acesso<\/li><li data-start=\"4528\" data-end=\"4545\">Retifica\u00e7\u00e3o<\/li><li data-start=\"4546\" data-end=\"4559\">Elimina\u00e7\u00e3o<\/li><li data-start=\"4560\" data-end=\"4573\">Oposi\u00e7\u00e3o<\/li><li data-start=\"4574\" data-end=\"4604\">Limita\u00e7\u00e3o do tratamento<\/li><li data-start=\"4605\" data-end=\"4634\">Portabilidade dos dados<\/li><li data-start=\"4635\" data-end=\"4666\">Retirada do consentimento<\/li><\/ul><p>Para exercer estes direitos, pode enviar um pedido por escrito para:<\/p><ul data-start=\"4735\" data-end=\"4783\"><li data-start=\"4735\" data-end=\"4783\"><strong data-start=\"4737\" data-end=\"4759\"><a class=\"decorated-link cursor-pointer\" rel=\"noopener\" data-start=\"4739\" data-end=\"4757\">info@toolsplace.es<\/a><\/strong> ou <strong data-start=\"4762\" data-end=\"4783\"><a class=\"decorated-link cursor-pointer\" rel=\"noopener\" data-start=\"4764\" data-end=\"4781\">info@blizzcool.es<\/a><\/strong><\/li><\/ul><p>Al\u00e9m disso, tem o direito de apresentar uma reclama\u00e7\u00e3o junto da <strong data-start=\"4845\" data-end=\"4902\">Ag\u00eancia Espanhola de Prote\u00e7\u00e3o de Dados (<a class=\"decorated-link\" href=\"http:\/\/www.aepd.es\" target=\"_new\" rel=\"noopener nofollow\" data-start=\"4888\" data-end=\"4899\">www.aepd.es<\/a>)<\/strong> se considerar que os seus direitos foram violados.<\/p>\t\t\t\t\t\t\t\t<\/div>\n\t\t\t\t<\/div>\n\t\t<div class=\"elementor-element elementor-element-8eeeb13 e-con-full e-flex e-con e-child\" data-id=\"8eeeb13\" data-element_type=\"container\" data-e-type=\"container\">\n\t\t\t\t<div class=\"elementor-element elementor-element-3e0844e elementor-widget elementor-widget-heading\" data-id=\"3e0844e\" data-element_type=\"widget\" data-e-type=\"widget\" data-widget_type=\"heading.default\">\n\t\t\t\t\t<h3 class=\"elementor-heading-title elementor-size-default\">10. Pol\u00edtica de cookies<\/h3>\t\t\t\t<\/div>\n\t\t\t\t<div class=\"elementor-element elementor-element-48ea7ac elementor-widget__width-inherit elementor-widget-mobile__width-inherit elementor-widget elementor-widget-text-editor\" data-id=\"48ea7ac\" data-element_type=\"widget\" data-e-type=\"widget\" data-widget_type=\"text-editor.default\">\n\t\t\t\t\t\t\t\t\t<p>O s\u00edtio Web utiliza cookies t\u00e9cnicos e cookies anal\u00edticos. Pode consultar informa\u00e7\u00e3o detalhada sobre a sua utiliza\u00e7\u00e3o na <strong data-start=\"5105\" data-end=\"5128\">Pol\u00edtica de Cookies<\/strong>. <\/p>\t\t\t\t\t\t\t\t<\/div>\n\t\t\t\t<\/div>\n\t\t\t\t\t<\/div>\n\t\t\t\t<\/div>\n\t\t\t\t<\/div>\n\t\t","protected":false},"excerpt":{"rendered":"<p>POL\u00cdTICA DE PRIVACIDADE \u2013 BLIZZCOOL \u00daltima atualiza\u00e7\u00e3o: 3 de fevereiro de 2026 1. Respons\u00e1vel pelo tratamento Em conformidade com o [&hellip;]<\/p>\n","protected":false},"author":1,"featured_media":0,"parent":0,"menu_order":0,"comment_status":"closed","ping_status":"closed","template":"elementor_header_footer","meta":{"_acf_changed":false,"site-sidebar-layout":"no-sidebar","site-content-layout":"","ast-site-content-layout":"full-width-container","site-content-style":"default","site-sidebar-style":"default","ast-global-header-display":"","ast-banner-title-visibility":"","ast-main-header-display":"","ast-hfb-above-header-display":"","ast-hfb-below-header-display":"","ast-hfb-mobile-header-display":"","site-post-title":"","ast-breadcrumbs-content":"","ast-featured-img":"disabled","footer-sml-layout":"","ast-disable-related-posts":"","theme-transparent-header-meta":"default","adv-header-id-meta":"","stick-header-meta":"","header-above-stick-meta":"","header-main-stick-meta":"","header-below-stick-meta":"","astra-migrate-meta-layouts":"default","ast-page-background-enabled":"default","ast-page-background-meta":{"desktop":{"background-color":"var(--ast-global-color-5)","background-image":"","background-repeat":"repeat","background-position":"center center","background-size":"auto","background-attachment":"scroll","background-type":"","background-media":"","overlay-type":"","overlay-color":"","overlay-opacity":"","overlay-gradient":""},"tablet":{"background-color":"","background-image":"","background-repeat":"repeat","background-position":"center center","background-size":"auto","background-attachment":"scroll","background-type":"","background-media":"","overlay-type":"","overlay-color":"","overlay-opacity":"","overlay-gradient":""},"mobile":{"background-color":"","background-image":"","background-repeat":"repeat","background-position":"center center","background-size":"auto","background-attachment":"scroll","background-type":"","background-media":"","overlay-type":"","overlay-color":"","overlay-opacity":"","overlay-gradient":""}},"ast-content-background-meta":{"desktop":{"background-color":"var(--ast-global-color-4)","background-image":"","background-repeat":"repeat","background-position":"center center","background-size":"auto","background-attachment":"scroll","background-type":"","background-media":"","overlay-type":"","overlay-color":"","overlay-opacity":"","overlay-gradient":""},"tablet":{"background-color":"var(--ast-global-color-4)","background-image":"","background-repeat":"repeat","background-position":"center center","background-size":"auto","background-attachment":"scroll","background-type":"","background-media":"","overlay-type":"","overlay-color":"","overlay-opacity":"","overlay-gradient":""},"mobile":{"background-color":"var(--ast-global-color-4)","background-image":"","background-repeat":"repeat","background-position":"center center","background-size":"auto","background-attachment":"scroll","background-type":"","background-media":"","overlay-type":"","overlay-color":"","overlay-opacity":"","overlay-gradient":""}},"footnotes":""},"class_list":["post-4843","page","type-page","status-publish","hentry"],"acf":[],"_links":{"self":[{"href":"https:\/\/blizzcool.es\/pt-pt\/wp-json\/wp\/v2\/pages\/4843","targetHints":{"allow":["GET"]}}],"collection":[{"href":"https:\/\/blizzcool.es\/pt-pt\/wp-json\/wp\/v2\/pages"}],"about":[{"href":"https:\/\/blizzcool.es\/pt-pt\/wp-json\/wp\/v2\/types\/page"}],"author":[{"embeddable":true,"href":"https:\/\/blizzcool.es\/pt-pt\/wp-json\/wp\/v2\/users\/1"}],"replies":[{"embeddable":true,"href":"https:\/\/blizzcool.es\/pt-pt\/wp-json\/wp\/v2\/comments?post=4843"}],"version-history":[{"count":0,"href":"https:\/\/blizzcool.es\/pt-pt\/wp-json\/wp\/v2\/pages\/4843\/revisions"}],"wp:attachment":[{"href":"https:\/\/blizzcool.es\/pt-pt\/wp-json\/wp\/v2\/media?parent=4843"}],"curies":[{"name":"wp","href":"https:\/\/api.w.org\/{rel}","templated":true}]}}