{"id":4618,"date":"2025-12-30T09:51:26","date_gmt":"2025-12-30T09:51:26","guid":{"rendered":"https:\/\/blizzcool.es\/politica-de-cookies\/"},"modified":"2026-04-27T08:22:39","modified_gmt":"2026-04-27T08:22:39","slug":"politica-de-cookies","status":"publish","type":"page","link":"https:\/\/blizzcool.es\/pt-pt\/politica-de-cookies\/","title":{"rendered":"Pol\u00edtica de Cookies"},"content":{"rendered":"\t\t<div data-elementor-type=\"wp-page\" data-elementor-id=\"4618\" class=\"elementor elementor-4618 elementor-720\" data-elementor-post-type=\"page\">\n\t\t\t\t<div class=\"elementor-element elementor-element-d439af9 e-flex e-con-boxed e-con e-parent\" data-id=\"d439af9\" data-element_type=\"container\" data-e-type=\"container\">\n\t\t\t\t\t<div class=\"e-con-inner\">\n\t\t\t\t<div class=\"elementor-element elementor-element-1b2d751 elementor-widget elementor-widget-heading\" data-id=\"1b2d751\" data-element_type=\"widget\" data-e-type=\"widget\" data-widget_type=\"heading.default\">\n\t\t\t\t\t<h1 class=\"elementor-heading-title elementor-size-default\">POL\u00cdTICA DE COOKIES \u2013 BLIZZCOOL<\/h1>\t\t\t\t<\/div>\n\t\t\t\t<div class=\"elementor-element elementor-element-010890a elementor-widget__width-inherit elementor-widget-mobile__width-inherit elementor-widget elementor-widget-text-editor\" data-id=\"010890a\" data-element_type=\"widget\" data-e-type=\"widget\" data-widget_type=\"text-editor.default\">\n\t\t\t\t\t\t\t\t\t<p data-start=\"3948\" data-end=\"3994\"><strong data-start=\"3948\" data-end=\"3973\">\u00daltima atualiza\u00e7\u00e3o:<\/strong> 3 de fevereiro de 2026<\/p>\t\t\t\t\t\t\t\t<\/div>\n\t\t<div class=\"elementor-element elementor-element-0376c1d e-con-full e-flex e-con e-child\" data-id=\"0376c1d\" data-element_type=\"container\" data-e-type=\"container\">\n\t\t\t\t<div class=\"elementor-element elementor-element-19c6099 elementor-widget elementor-widget-heading\" data-id=\"19c6099\" data-element_type=\"widget\" data-e-type=\"widget\" data-widget_type=\"heading.default\">\n\t\t\t\t\t<h3 class=\"elementor-heading-title elementor-size-default\">1. O que s\u00e3o os cookies?<\/h3>\t\t\t\t<\/div>\n\t\t\t\t<div class=\"elementor-element elementor-element-ee36a16 elementor-widget__width-inherit elementor-widget-mobile__width-inherit elementor-widget elementor-widget-text-editor\" data-id=\"ee36a16\" data-element_type=\"widget\" data-e-type=\"widget\" data-widget_type=\"text-editor.default\">\n\t\t\t\t\t\t\t\t\t<p>Os cookies s\u00e3o pequenos ficheiros de texto que s\u00e3o descarregados e armazenados no dispositivo do utilizador quando acede a determinadas p\u00e1ginas web. Os cookies permitem, entre outras coisas, armazenar e recuperar informa\u00e7\u00f5es sobre os h\u00e1bitos de navega\u00e7\u00e3o de um utilizador ou do seu equipamento e, dependendo das informa\u00e7\u00f5es que cont\u00eam e da forma como o dispositivo \u00e9 utilizado, podem ser usados para reconhecer o utilizador. <\/p>\t\t\t\t\t\t\t\t<\/div>\n\t\t\t\t<\/div>\n\t\t<div class=\"elementor-element elementor-element-7116665 e-con-full e-flex e-con e-child\" data-id=\"7116665\" data-element_type=\"container\" data-e-type=\"container\">\n\t\t\t\t<div class=\"elementor-element elementor-element-ea5d82f elementor-widget elementor-widget-heading\" data-id=\"ea5d82f\" data-element_type=\"widget\" data-e-type=\"widget\" data-widget_type=\"heading.default\">\n\t\t\t\t\t<h3 class=\"elementor-heading-title elementor-size-default\">2. Respons\u00e1vel pelo tratamento<\/h3>\t\t\t\t<\/div>\n\t\t\t\t<div class=\"elementor-element elementor-element-d162ada elementor-widget__width-inherit elementor-widget-mobile__width-inherit elementor-widget elementor-widget-text-editor\" data-id=\"d162ada\" data-element_type=\"widget\" data-e-type=\"widget\" data-widget_type=\"text-editor.default\">\n\t\t\t\t\t\t\t\t\t<p>O respons\u00e1vel pelo tratamento dos dados obtidos atrav\u00e9s dos cookies \u00e9:<\/p>\n<ul data-start=\"822\" data-end=\"1083\">\n<li data-start=\"822\" data-end=\"860\"><strong data-start=\"824\" data-end=\"840\">Respons\u00e1vel:<\/strong> Tools Place, S.L.<\/li>\n<li data-start=\"861\" data-end=\"895\"><strong data-start=\"863\" data-end=\"883\">Marca comercial:<\/strong> Blizzcool<\/li>\n<li data-start=\"896\" data-end=\"918\"><strong data-start=\"898\" data-end=\"906\">NIPC:<\/strong> B42669192<\/li>\n<li data-start=\"919\" data-end=\"994\"><strong data-start=\"921\" data-end=\"935\">Morada:<\/strong> Carrer Segorbe, 38, P. I. Carr\u00fas, 03206 Elche (Alicante)<\/li>\n<li data-start=\"995\" data-end=\"1083\"><strong data-start=\"997\" data-end=\"1032\">Endere\u00e7o de e-mail de contacto:<\/strong><br><ul data-start=\"1037\" data-end=\"1083\">\n<li data-start=\"1037\" data-end=\"1058\"><a class=\"decorated-link cursor-pointer\" rel=\"noopener\" data-start=\"1039\" data-end=\"1056\">info@blizzcool.es<\/a><\/li>\n<li data-start=\"1061\" data-end=\"1083\"><a class=\"decorated-link cursor-pointer\" rel=\"noopener\" data-start=\"1063\" data-end=\"1081\">info@toolsplace.es<\/a><\/li>\n<\/ul>\n<\/li>\n<\/ul>\n<p>Para mais informa\u00e7\u00f5es sobre o tratamento de dados pessoais, pode consultar a <strong data-start=\"1169\" data-end=\"1195\">Pol\u00edtica de Privacidade<\/strong> do s\u00edtio web.<\/p>\t\t\t\t\t\t\t\t<\/div>\n\t\t\t\t<\/div>\n\t\t<div class=\"elementor-element elementor-element-cfcc1a6 e-con-full e-flex e-con e-child\" data-id=\"cfcc1a6\" data-element_type=\"container\" data-e-type=\"container\">\n\t\t\t\t<div class=\"elementor-element elementor-element-ca8f89a elementor-widget elementor-widget-heading\" data-id=\"ca8f89a\" data-element_type=\"widget\" data-e-type=\"widget\" data-widget_type=\"heading.default\">\n\t\t\t\t\t<h3 class=\"elementor-heading-title elementor-size-default\">3. Tipos de cookies utilizadas neste s\u00edtio web<\/h3>\t\t\t\t<\/div>\n\t\t\t\t<div class=\"elementor-element elementor-element-d7e5f93 elementor-widget__width-inherit elementor-widget-mobile__width-inherit elementor-widget elementor-widget-text-editor\" data-id=\"d7e5f93\" data-element_type=\"widget\" data-e-type=\"widget\" data-widget_type=\"text-editor.default\">\n\t\t\t\t\t\t\t\t\t<p>O s\u00edtio web <strong data-start=\"1283\" data-end=\"1296\">Blizzcool<\/strong> utiliza as seguintes categorias de cookies:<\/p><h5 data-start=\"1344\" data-end=\"1408\"><span style=\"text-decoration: underline;\">a) Cookies t\u00e9cnicos ou necess\u00e1rios (isentos de consentimento)<\/span><\/h5><p>S\u00e3o aqueles estritamente necess\u00e1rios para o correto funcionamento do s\u00edtio web e a presta\u00e7\u00e3o dos servi\u00e7os solicitados pelo utilizador, como a gest\u00e3o da sess\u00e3o, o acesso a \u00e1reas privadas ou o processamento de encomendas.<br data-start=\"1640\" data-end=\"1643\"\/>Estes cookies n\u00e3o requerem o consentimento do utilizador.<\/p><h5 data-start=\"1707\" data-end=\"1732\"><u>b) Cookies anal\u00edticos<\/u><\/h5><p>Estes cookies permitem monitorizar e analisar o comportamento dos utilizadores no s\u00edtio web, a fim de melhorar o seu funcionamento e experi\u00eancia de navega\u00e7\u00e3o.<\/p><p>Este s\u00edtio web utiliza <strong data-start=\"1936\" data-end=\"1956\">Google Analytics<\/strong>, um servi\u00e7o de an\u00e1lise web fornecido pela Google LLC.<\/p><p>Os cookies anal\u00edticos:<\/p><ul data-start=\"2037\" data-end=\"2198\"><li data-start=\"2037\" data-end=\"2086\">Permitem medir o tr\u00e1fego e a utiliza\u00e7\u00e3o do s\u00edtio web<\/li><li data-start=\"2087\" data-end=\"2128\">Recolhem informa\u00e7\u00f5es de forma agregada<\/li><li data-start=\"2129\" data-end=\"2198\">S\u00e3o instalados <strong data-start=\"2143\" data-end=\"2196\">apenas se o utilizador der o seu consentimento<\/strong><\/li><\/ul><h3 data-start=\"1633\" data-end=\"1666\"><strong data-start=\"1637\" data-end=\"1666\">3 bis. Cookies utilizados<\/strong><\/h3><p data-start=\"1668\" data-end=\"1714\">Este s\u00edtio web utiliza os seguintes cookies:<\/p><h4 data-start=\"1716\" data-end=\"1747\">Cookies t\u00e9cnicos (pr\u00f3prios)<\/h4><p data-start=\"1748\" data-end=\"1820\">Necess\u00e1rios para o funcionamento do s\u00edtio web e do sistema de compra:<\/p><div class=\"TyagGW_tableContainer\"><div class=\"group TyagGW_tableWrapper flex flex-col-reverse w-fit\" tabindex=\"-1\"><table class=\"w-fit min-w-(--thread-content-width)\" data-start=\"1822\" data-end=\"2228\"><thead data-start=\"1822\" data-end=\"1855\"><tr data-start=\"1822\" data-end=\"1855\"><th data-start=\"1822\" data-end=\"1831\" data-col-size=\"sm\">Cookie<\/th><th data-start=\"1831\" data-end=\"1843\" data-col-size=\"sm\">Finalidade<\/th><th data-start=\"1843\" data-end=\"1855\" data-col-size=\"sm\">Dura\u00e7\u00e3o<\/th><\/tr><\/thead><tbody data-start=\"1885\" data-end=\"2228\"><tr data-start=\"1885\" data-end=\"1953\"><td data-start=\"1885\" data-end=\"1909\" data-col-size=\"sm\">woocommerce_cart_hash<\/td><td data-col-size=\"sm\" data-start=\"1909\" data-end=\"1943\">Gerir altera\u00e7\u00f5es no carrinho<\/td><td data-col-size=\"sm\" data-start=\"1943\" data-end=\"1953\">Sess\u00e3o<\/td><\/tr><tr data-start=\"1954\" data-end=\"2028\"><td data-start=\"1954\" data-end=\"1982\" data-col-size=\"sm\">woocommerce_items_in_cart<\/td><td data-col-size=\"sm\" data-start=\"1982\" data-end=\"2018\">Armazenar produtos no carrinho<\/td><td data-col-size=\"sm\" data-start=\"2018\" data-end=\"2028\">Sess\u00e3o<\/td><\/tr><tr data-start=\"2029\" data-end=\"2099\"><td data-start=\"2029\" data-end=\"2056\" data-col-size=\"sm\">wp_woocommerce_session_*<\/td><td data-col-size=\"sm\" data-start=\"2056\" data-end=\"2089\">Manter a sess\u00e3o do utilizador<\/td><td data-col-size=\"sm\" data-start=\"2089\" data-end=\"2099\">2 dias<\/td><\/tr><tr data-start=\"2100\" data-end=\"2170\"><td data-start=\"2100\" data-end=\"2124\" data-col-size=\"sm\">wordpress_logged_in_*<\/td><td data-col-size=\"sm\" data-start=\"2124\" data-end=\"2160\">Identificar o utilizador registado<\/td><td data-col-size=\"sm\" data-start=\"2160\" data-end=\"2170\">Sess\u00e3o<\/td><\/tr><tr data-start=\"2171\" data-end=\"2228\"><td data-start=\"2171\" data-end=\"2189\" data-col-size=\"sm\">wordpress_sec_*<\/td><td data-col-size=\"sm\" data-start=\"2189\" data-end=\"2218\">Seguran\u00e7a de autentica\u00e7\u00e3o<\/td><td data-col-size=\"sm\" data-start=\"2218\" data-end=\"2228\">Sess\u00e3o<\/td><\/tr><\/tbody><\/table><\/div><\/div><p data-start=\"2230\" data-end=\"2289\">Estes cookies s\u00e3o necess\u00e1rios e n\u00e3o requerem consentimento.<\/p><h4 data-start=\"2291\" data-end=\"2325\">Cookies anal\u00edticos (terceiros)<\/h4><p data-start=\"2326\" data-end=\"2392\">Este s\u00edtio web utiliza cookies anal\u00edticos do <strong data-start=\"2371\" data-end=\"2391\">Google Analytics<\/strong>:<\/p><div class=\"TyagGW_tableContainer\"><div class=\"group TyagGW_tableWrapper flex flex-col-reverse w-fit\" tabindex=\"-1\"><table class=\"w-fit min-w-(--thread-content-width)\" data-start=\"2394\" data-end=\"2597\"><thead data-start=\"2394\" data-end=\"2437\"><tr data-start=\"2394\" data-end=\"2437\"><th data-start=\"2394\" data-end=\"2403\" data-col-size=\"sm\">Cookie<\/th><th data-start=\"2403\" data-end=\"2413\" data-col-size=\"sm\">Titular<\/th><th data-start=\"2413\" data-end=\"2425\" data-col-size=\"sm\">Finalidade<\/th><th data-start=\"2425\" data-end=\"2437\" data-col-size=\"sm\">Dura\u00e7\u00e3o<\/th><\/tr><\/thead><tbody data-start=\"2479\" data-end=\"2597\"><tr data-start=\"2479\" data-end=\"2536\"><td data-start=\"2479\" data-end=\"2485\" data-col-size=\"sm\">_ga<\/td><td data-col-size=\"sm\" data-start=\"2485\" data-end=\"2504\">Google Analytics<\/td><td data-col-size=\"sm\" data-start=\"2504\" data-end=\"2526\">Distinguir utilizadores<\/td><td data-col-size=\"sm\" data-start=\"2526\" data-end=\"2536\">2 anos<\/td><\/tr><tr data-start=\"2537\" data-end=\"2597\"><td data-start=\"2537\" data-end=\"2545\" data-col-size=\"sm\"><em data-start=\"2539\" data-end=\"2543\">_ga_<\/em>*<\/td><td data-col-size=\"sm\" data-start=\"2545\" data-end=\"2564\">Google Analytics<\/td><td data-col-size=\"sm\" data-start=\"2564\" data-end=\"2587\">An\u00e1lise de sess\u00f5es<\/td><td data-col-size=\"sm\" data-start=\"2587\" data-end=\"2597\">2 anos<\/td><\/tr><\/tbody><\/table><\/div><\/div><p data-start=\"2599\" data-end=\"2669\">Estes cookies s\u00f3 s\u00e3o instalados se o utilizador der o seu consentimento.<\/p><p><em><span style=\"text-decoration: underline;\">O nome concreto de alguns cookies pode variar em fun\u00e7\u00e3o da vers\u00e3o do s\u00edtio web ou dos plugins utilizados.<\/span><\/em><\/p><p> <\/p>\t\t\t\t\t\t\t\t<\/div>\n\t\t\t\t<\/div>\n\t\t<div class=\"elementor-element elementor-element-ef131db e-con-full e-flex e-con e-child\" data-id=\"ef131db\" data-element_type=\"container\" data-e-type=\"container\">\n\t\t\t\t<div class=\"elementor-element elementor-element-b9fd5ab elementor-widget elementor-widget-heading\" data-id=\"b9fd5ab\" data-element_type=\"widget\" data-e-type=\"widget\" data-widget_type=\"heading.default\">\n\t\t\t\t\t<h3 class=\"elementor-heading-title elementor-size-default\">4. Cookies de terceiros<\/h3>\t\t\t\t<\/div>\n\t\t\t\t<div class=\"elementor-element elementor-element-e686b7c elementor-widget__width-inherit elementor-widget-mobile__width-inherit elementor-widget elementor-widget-text-editor\" data-id=\"e686b7c\" data-element_type=\"widget\" data-e-type=\"widget\" data-widget_type=\"text-editor.default\">\n\t\t\t\t\t\t\t\t\t<p>O s\u00edtio web pode utilizar cookies de terceiros, em particular do <strong data-start=\"2298\" data-end=\"2318\">Google Analytics<\/strong>, cujos servidores s\u00e3o geridos pela Google LLC.<\/p><p>A Google pode tratar os dados recolhidos de acordo com as suas pr\u00f3prias pol\u00edticas. Para mais informa\u00e7\u00f5es, o utilizador pode consultar a pol\u00edtica de cookies da Google. <\/p><p>N\u00e3o s\u00e3o utilizados cookies publicit\u00e1rios nem cookies com fins de personaliza\u00e7\u00e3o comercial.<\/p>\t\t\t\t\t\t\t\t<\/div>\n\t\t\t\t<\/div>\n\t\t<div class=\"elementor-element elementor-element-0867aff e-con-full e-flex e-con e-child\" data-id=\"0867aff\" data-element_type=\"container\" data-e-type=\"container\">\n\t\t\t\t<div class=\"elementor-element elementor-element-af97e8e elementor-widget elementor-widget-heading\" data-id=\"af97e8e\" data-element_type=\"widget\" data-e-type=\"widget\" data-widget_type=\"heading.default\">\n\t\t\t\t\t<h3 class=\"elementor-heading-title elementor-size-default\">5. Transfer\u00eancias internacionais de dados<\/h3>\t\t\t\t<\/div>\n\t\t\t\t<div class=\"elementor-element elementor-element-a8041c0 elementor-widget__width-inherit elementor-widget-mobile__width-inherit elementor-widget elementor-widget-text-editor\" data-id=\"a8041c0\" data-element_type=\"widget\" data-e-type=\"widget\" data-widget_type=\"text-editor.default\">\n\t\t\t\t\t\t\t\t\t<p>A utiliza\u00e7\u00e3o do Google Analytics pode implicar transfer\u00eancias internacionais de dados fora do Espa\u00e7o Econ\u00f3mico Europeu. Tais transfer\u00eancias s\u00e3o realizadas em conformidade com os mecanismos de garantia previstos na legisla\u00e7\u00e3o vigente em mat\u00e9ria de prote\u00e7\u00e3o de dados. <\/p>\t\t\t\t\t\t\t\t<\/div>\n\t\t\t\t<\/div>\n\t\t<div class=\"elementor-element elementor-element-4b4e1b1 e-con-full e-flex e-con e-child\" data-id=\"4b4e1b1\" data-element_type=\"container\" data-e-type=\"container\">\n\t\t\t\t<div class=\"elementor-element elementor-element-a5a3120 elementor-widget elementor-widget-heading\" data-id=\"a5a3120\" data-element_type=\"widget\" data-e-type=\"widget\" data-widget_type=\"heading.default\">\n\t\t\t\t\t<h3 class=\"elementor-heading-title elementor-size-default\">6. Gest\u00e3o e configura\u00e7\u00e3o de cookies<\/h3>\t\t\t\t<\/div>\n\t\t\t\t<div class=\"elementor-element elementor-element-be42c73 elementor-widget__width-inherit elementor-widget-mobile__width-inherit elementor-widget elementor-widget-text-editor\" data-id=\"be42c73\" data-element_type=\"widget\" data-e-type=\"widget\" data-widget_type=\"text-editor.default\">\n\t\t\t\t\t\t\t\t\t<p>O utilizador pode <strong data-start=\"3006\" data-end=\"3040\">aceitar, rejeitar ou configurar<\/strong> a utiliza\u00e7\u00e3o de cookies atrav\u00e9s do painel de configura\u00e7\u00e3o ativado no banner de cookies do s\u00edtio web.<\/p><p>Al\u00e9m disso, pode configurar o seu navegador para permitir, bloquear ou eliminar os cookies instalados no seu dispositivo. A desativa\u00e7\u00e3o de determinados cookies pode afetar o correto funcionamento do s\u00edtio web. <\/p>\t\t\t\t\t\t\t\t<\/div>\n\t\t\t\t<\/div>\n\t\t<div class=\"elementor-element elementor-element-27b9b6d e-con-full e-flex e-con e-child\" data-id=\"27b9b6d\" data-element_type=\"container\" data-e-type=\"container\">\n\t\t\t\t<div class=\"elementor-element elementor-element-3156c5c elementor-widget elementor-widget-heading\" data-id=\"3156c5c\" data-element_type=\"widget\" data-e-type=\"widget\" data-widget_type=\"heading.default\">\n\t\t\t\t\t<h3 class=\"elementor-heading-title elementor-size-default\">7. Retirada do consentimento<\/h3>\t\t\t\t<\/div>\n\t\t\t\t<div class=\"elementor-element elementor-element-1bfbde1 elementor-widget__width-inherit elementor-widget-mobile__width-inherit elementor-widget elementor-widget-text-editor\" data-id=\"1bfbde1\" data-element_type=\"widget\" data-e-type=\"widget\" data-widget_type=\"text-editor.default\">\n\t\t\t\t\t\t\t\t\t<p>O utilizador pode retirar o seu consentimento a qualquer momento, modificando a configura\u00e7\u00e3o de cookies a partir do painel ativado ou das op\u00e7\u00f5es do seu navegador.<\/p>\t\t\t\t\t\t\t\t<\/div>\n\t\t\t\t<\/div>\n\t\t<div class=\"elementor-element elementor-element-6d1e3f0 e-con-full e-flex e-con e-child\" data-id=\"6d1e3f0\" data-element_type=\"container\" data-e-type=\"container\">\n\t\t\t\t<div class=\"elementor-element elementor-element-b5d5e0b elementor-widget elementor-widget-heading\" data-id=\"b5d5e0b\" data-element_type=\"widget\" data-e-type=\"widget\" data-widget_type=\"heading.default\">\n\t\t\t\t\t<h3 class=\"elementor-heading-title elementor-size-default\">8. Atualiza\u00e7\u00f5es e altera\u00e7\u00f5es na pol\u00edtica de cookies<\/h3>\t\t\t\t<\/div>\n\t\t\t\t<div class=\"elementor-element elementor-element-84e0eb6 elementor-widget__width-inherit elementor-widget-mobile__width-inherit elementor-widget elementor-widget-text-editor\" data-id=\"84e0eb6\" data-element_type=\"widget\" data-e-type=\"widget\" data-widget_type=\"text-editor.default\">\n\t\t\t\t\t\t\t\t\t<p>A presente Pol\u00edtica de Cookies pode ser modificada em fun\u00e7\u00e3o de exig\u00eancias legais ou por altera\u00e7\u00f5es na utiliza\u00e7\u00e3o de cookies no s\u00edtio web. Recomenda-se ao utilizador que a revise periodicamente. <\/p>\t\t\t\t\t\t\t\t<\/div>\n\t\t\t\t<\/div>\n\t\t<div class=\"elementor-element elementor-element-95f1226 e-con-full e-flex e-con e-child\" data-id=\"95f1226\" data-element_type=\"container\" data-e-type=\"container\">\n\t\t\t\t<div class=\"elementor-element elementor-element-4990584 elementor-widget elementor-widget-heading\" data-id=\"4990584\" data-element_type=\"widget\" data-e-type=\"widget\" data-widget_type=\"heading.default\">\n\t\t\t\t\t<h3 class=\"elementor-heading-title elementor-size-default\">9. Contacto<\/h3>\t\t\t\t<\/div>\n\t\t\t\t<div class=\"elementor-element elementor-element-d56140c elementor-widget__width-inherit elementor-widget-mobile__width-inherit elementor-widget elementor-widget-text-editor\" data-id=\"d56140c\" data-element_type=\"widget\" data-e-type=\"widget\" data-widget_type=\"text-editor.default\">\n\t\t\t\t\t\t\t\t\t<p>Se tiver alguma d\u00favida sobre a utiliza\u00e7\u00e3o de cookies neste s\u00edtio web, pode contactar-nos em:<br data-start=\"3939\" data-end=\"3942\"\/>\ud83d\udce7 <strong data-start=\"3945\" data-end=\"3966\"><a class=\"decorated-link cursor-pointer\" rel=\"noopener\" data-start=\"3947\" data-end=\"3964\">info@blizzcool.es<\/a><\/strong><br data-start=\"3966\" data-end=\"3969\"\/>\ud83d\udce7 <strong data-start=\"3972\" data-end=\"3994\"><a class=\"decorated-link cursor-pointer\" rel=\"noopener\" data-start=\"3974\" data-end=\"3992\">info@toolsplace.es<\/a><\/strong><\/p>\t\t\t\t\t\t\t\t<\/div>\n\t\t\t\t<\/div>\n\t\t\t\t\t<\/div>\n\t\t\t\t<\/div>\n\t\t\t\t<\/div>\n\t\t","protected":false},"excerpt":{"rendered":"<p>POL\u00cdTICA DE COOKIES \u2013 BLIZZCOOL \u00daltima atualiza\u00e7\u00e3o: 3 de fevereiro de 2026 1. O que s\u00e3o os cookies? Os cookies [&hellip;]<\/p>\n","protected":false},"author":1,"featured_media":0,"parent":0,"menu_order":0,"comment_status":"closed","ping_status":"closed","template":"elementor_header_footer","meta":{"_acf_changed":false,"site-sidebar-layout":"no-sidebar","site-content-layout":"","ast-site-content-layout":"full-width-container","site-content-style":"default","site-sidebar-style":"default","ast-global-header-display":"","ast-banner-title-visibility":"","ast-main-header-display":"","ast-hfb-above-header-display":"","ast-hfb-below-header-display":"","ast-hfb-mobile-header-display":"","site-post-title":"","ast-breadcrumbs-content":"","ast-featured-img":"disabled","footer-sml-layout":"","ast-disable-related-posts":"","theme-transparent-header-meta":"default","adv-header-id-meta":"","stick-header-meta":"","header-above-stick-meta":"","header-main-stick-meta":"","header-below-stick-meta":"","astra-migrate-meta-layouts":"default","ast-page-background-enabled":"default","ast-page-background-meta":{"desktop":{"background-color":"var(--ast-global-color-5)","background-image":"","background-repeat":"repeat","background-position":"center center","background-size":"auto","background-attachment":"scroll","background-type":"","background-media":"","overlay-type":"","overlay-color":"","overlay-opacity":"","overlay-gradient":""},"tablet":{"background-color":"","background-image":"","background-repeat":"repeat","background-position":"center center","background-size":"auto","background-attachment":"scroll","background-type":"","background-media":"","overlay-type":"","overlay-color":"","overlay-opacity":"","overlay-gradient":""},"mobile":{"background-color":"","background-image":"","background-repeat":"repeat","background-position":"center center","background-size":"auto","background-attachment":"scroll","background-type":"","background-media":"","overlay-type":"","overlay-color":"","overlay-opacity":"","overlay-gradient":""}},"ast-content-background-meta":{"desktop":{"background-color":"var(--ast-global-color-4)","background-image":"","background-repeat":"repeat","background-position":"center center","background-size":"auto","background-attachment":"scroll","background-type":"","background-media":"","overlay-type":"","overlay-color":"","overlay-opacity":"","overlay-gradient":""},"tablet":{"background-color":"var(--ast-global-color-4)","background-image":"","background-repeat":"repeat","background-position":"center center","background-size":"auto","background-attachment":"scroll","background-type":"","background-media":"","overlay-type":"","overlay-color":"","overlay-opacity":"","overlay-gradient":""},"mobile":{"background-color":"var(--ast-global-color-4)","background-image":"","background-repeat":"repeat","background-position":"center center","background-size":"auto","background-attachment":"scroll","background-type":"","background-media":"","overlay-type":"","overlay-color":"","overlay-opacity":"","overlay-gradient":""}},"footnotes":""},"class_list":["post-4618","page","type-page","status-publish","hentry"],"acf":[],"_links":{"self":[{"href":"https:\/\/blizzcool.es\/pt-pt\/wp-json\/wp\/v2\/pages\/4618","targetHints":{"allow":["GET"]}}],"collection":[{"href":"https:\/\/blizzcool.es\/pt-pt\/wp-json\/wp\/v2\/pages"}],"about":[{"href":"https:\/\/blizzcool.es\/pt-pt\/wp-json\/wp\/v2\/types\/page"}],"author":[{"embeddable":true,"href":"https:\/\/blizzcool.es\/pt-pt\/wp-json\/wp\/v2\/users\/1"}],"replies":[{"embeddable":true,"href":"https:\/\/blizzcool.es\/pt-pt\/wp-json\/wp\/v2\/comments?post=4618"}],"version-history":[{"count":0,"href":"https:\/\/blizzcool.es\/pt-pt\/wp-json\/wp\/v2\/pages\/4618\/revisions"}],"wp:attachment":[{"href":"https:\/\/blizzcool.es\/pt-pt\/wp-json\/wp\/v2\/media?parent=4618"}],"curies":[{"name":"wp","href":"https:\/\/api.w.org\/{rel}","templated":true}]}}