{"id":5174,"date":"2025-12-23T12:22:58","date_gmt":"2025-12-23T12:22:58","guid":{"rendered":"https:\/\/blizzcool.es\/non class\u00e9\/rafraichisseur-dair-evaporatif-portable-blizzcool-bc395-industriel\/"},"modified":"2025-12-23T12:22:58","modified_gmt":"2025-12-23T12:22:58","slug":"rafraichisseur-dair-evaporatif-portable-blizzcool-bc395-industriel","status":"publish","type":"product","link":"https:\/\/blizzcool.es\/fr\/refroidisseur-evaporatif\/rafraichisseur-dair-evaporatif-portable-blizzcool-bc395-industriel\/","title":{"rendered":"Rafra\u00eechisseur d\u2019air \u00e9vaporatif portable Blizzcool BC395 industriel"},"content":{"rendered":"<h3>Caract\u00e9ristiques principales<\/h3>\n<ul>\n<li>Refroidissement \u00e9vaporatif pour grands espaces industriels<\/li>\n<li>Faible consommation d\u2019\u00e9nergie et fonctionnement \u00e9cologique<\/li>\n<li>Technologie antibact\u00e9rienne avec g\u00e9n\u00e9rateur d\u2019anions<\/li>\n<li>Grande capacit\u00e9 d\u2019eau pour un fonctionnement continu<\/li>\n<li>Structure robuste et durable pour un usage intensif<\/li>\n<\/ul>\n<h3>D\u00e9tails techniques<\/h3>\n<ul>\n<li>Surface de refroidissement jusqu\u2019\u00e0 395 m\u00b2<\/li>\n<li>D\u00e9bit d\u2019air maximal : 345 m\u00b3 par minute<\/li>\n<li>Capacit\u00e9 du r\u00e9servoir d\u2019eau : 215 L<\/li>\n<li>Puissance du moteur : 860 W<\/li>\n<li>Diam\u00e8tre du ventilateur : 900 mm<\/li>\n<li>Niveau sonore entre 70 et 90 dB<\/li>\n<li>Alimentation : 220\u2013240 V 50 Hz<\/li>\n<li>Poids \u00e0 vide : 126 kg<\/li>\n<li>Dimensions : 1510 x 780 x 1890 mm<\/li>\n<\/ul>\n","protected":false},"excerpt":{"rendered":"<p>Le <strong>rafra\u00eechisseur d\u2019air \u00e9vaporatif portable Blizzcool BC 395<\/strong> est con\u00e7u pour le refroidissement efficace des <strong>espaces industriels jusqu\u2019\u00e0 395 m\u00b2<\/strong>. Il r\u00e9duit la temp\u00e9rature ambiante d\u2019environ 10 degr\u00e9s gr\u00e2ce \u00e0 un syst\u00e8me \u00e9vaporatif \u00e0 faible consommation \u00e9lectrique et \u00e0 grand d\u00e9bit d\u2019air, id\u00e9al pour les hangars, les entrep\u00f4ts et les grandes surfaces. <\/p>\n","protected":false},"featured_media":2221,"comment_status":"open","ping_status":"closed","template":"","meta":{"_acf_changed":false,"site-sidebar-layout":"default","site-content-layout":"","ast-site-content-layout":"default","site-content-style":"default","site-sidebar-style":"default","ast-global-header-display":"","ast-banner-title-visibility":"","ast-main-header-display":"","ast-hfb-above-header-display":"","ast-hfb-below-header-display":"","ast-hfb-mobile-header-display":"","site-post-title":"","ast-breadcrumbs-content":"","ast-featured-img":"","footer-sml-layout":"","ast-disable-related-posts":"","theme-transparent-header-meta":"default","adv-header-id-meta":"","stick-header-meta":"","header-above-stick-meta":"","header-main-stick-meta":"","header-below-stick-meta":"","astra-migrate-meta-layouts":"default","ast-page-background-enabled":"default","ast-page-background-meta":{"desktop":{"background-color":"var(--ast-global-color-5)","background-image":"","background-repeat":"repeat","background-position":"center center","background-size":"auto","background-attachment":"scroll","background-type":"","background-media":"","overlay-type":"","overlay-color":"","overlay-opacity":"","overlay-gradient":""},"tablet":{"background-color":"","background-image":"","background-repeat":"repeat","background-position":"center center","background-size":"auto","background-attachment":"scroll","background-type":"","background-media":"","overlay-type":"","overlay-color":"","overlay-opacity":"","overlay-gradient":""},"mobile":{"background-color":"","background-image":"","background-repeat":"repeat","background-position":"center center","background-size":"auto","background-attachment":"scroll","background-type":"","background-media":"","overlay-type":"","overlay-color":"","overlay-opacity":"","overlay-gradient":""}},"ast-content-background-meta":{"desktop":{"background-color":"var(--ast-global-color-4)","background-image":"","background-repeat":"repeat","background-position":"center center","background-size":"auto","background-attachment":"scroll","background-type":"","background-media":"","overlay-type":"","overlay-color":"","overlay-opacity":"","overlay-gradient":""},"tablet":{"background-color":"var(--ast-global-color-4)","background-image":"","background-repeat":"repeat","background-position":"center center","background-size":"auto","background-attachment":"scroll","background-type":"","background-media":"","overlay-type":"","overlay-color":"","overlay-opacity":"","overlay-gradient":""},"mobile":{"background-color":"var(--ast-global-color-4)","background-image":"","background-repeat":"repeat","background-position":"center center","background-size":"auto","background-attachment":"scroll","background-type":"","background-media":"","overlay-type":"","overlay-color":"","overlay-opacity":"","overlay-gradient":""}}},"product_brand":[],"product_cat":[205],"product_tag":[],"class_list":{"0":"post-5174","1":"product","2":"type-product","3":"status-publish","4":"has-post-thumbnail","6":"product_cat-refroidisseur-evaporatif","7":"desktop-align-left","8":"tablet-align-left","9":"mobile-align-left","11":"first","12":"instock","13":"taxable","14":"shipping-taxable","15":"purchasable","16":"product-type-simple"},"acf":[],"_links":{"self":[{"href":"https:\/\/blizzcool.es\/fr\/wp-json\/wp\/v2\/product\/5174","targetHints":{"allow":["GET"]}}],"collection":[{"href":"https:\/\/blizzcool.es\/fr\/wp-json\/wp\/v2\/product"}],"about":[{"href":"https:\/\/blizzcool.es\/fr\/wp-json\/wp\/v2\/types\/product"}],"replies":[{"embeddable":true,"href":"https:\/\/blizzcool.es\/fr\/wp-json\/wp\/v2\/comments?post=5174"}],"wp:featuredmedia":[{"embeddable":true,"href":"https:\/\/blizzcool.es\/fr\/wp-json\/wp\/v2\/media\/2221"}],"wp:attachment":[{"href":"https:\/\/blizzcool.es\/fr\/wp-json\/wp\/v2\/media?parent=5174"}],"wp:term":[{"taxonomy":"product_brand","embeddable":true,"href":"https:\/\/blizzcool.es\/fr\/wp-json\/wp\/v2\/product_brand?post=5174"},{"taxonomy":"product_cat","embeddable":true,"href":"https:\/\/blizzcool.es\/fr\/wp-json\/wp\/v2\/product_cat?post=5174"},{"taxonomy":"product_tag","embeddable":true,"href":"https:\/\/blizzcool.es\/fr\/wp-json\/wp\/v2\/product_tag?post=5174"}],"curies":[{"name":"wp","href":"https:\/\/api.w.org\/{rel}","templated":true}]}}