{"id":5162,"date":"2025-12-23T12:22:59","date_gmt":"2025-12-23T12:22:59","guid":{"rendered":"https:\/\/blizzcool.es\/non class\u00e9\/climatiseur-portable-industriel-blizzcool-ac2700-1\/"},"modified":"2025-12-23T12:22:59","modified_gmt":"2025-12-23T12:22:59","slug":"climatiseur-portable-industriel-blizzcool-ac2700-1","status":"publish","type":"product","link":"https:\/\/blizzcool.es\/fr\/climatiseur-portable-industriel\/climatiseur-portable-industriel-blizzcool-ac2700-1\/","title":{"rendered":"Climatiseur portable industriel Blizzcool AC2700\/1"},"content":{"rendered":"<h2 data-start=\"488\" data-end=\"516\">Sp\u00e9cifications techniques<\/h2>\n<ul data-start=\"518\" data-end=\"969\">\n<li data-start=\"518\" data-end=\"553\">Alimentation : 220\u2013240 V \/ 50 Hz<\/li>\n<li data-start=\"554\" data-end=\"604\">Capacit\u00e9 frigorifique : 2,7 kW (2700 frigories)<\/li>\n<li data-start=\"605\" data-end=\"632\">Puissance nominale : 950 W<\/li>\n<li data-start=\"633\" data-end=\"661\">Courant nominal : 4,2 A<\/li>\n<li data-start=\"662\" data-end=\"690\">D\u00e9bit d&rsquo;air : 400 m\u00b3\/h<\/li>\n<li data-start=\"691\" data-end=\"728\">Pression maximale aspiration : 10 bar<\/li>\n<li data-start=\"729\" data-end=\"764\">Pression maximale refoulement : 25 bar<\/li>\n<li data-start=\"765\" data-end=\"795\">R\u00e9frig\u00e9rant : R290 (250 g)<\/li>\n<li data-start=\"796\" data-end=\"830\">Environnement de service : 18\u201345 \u00b0C<\/li>\n<li data-start=\"831\" data-end=\"857\">Niveau sonore : 55 dB(A)<\/li>\n<li data-start=\"858\" data-end=\"890\">R\u00e9servoir de condensats : 5 L<\/li>\n<li data-start=\"891\" data-end=\"926\">Dimensions : 405 \u00d7 430 \u00d7 855 mm<\/li>\n<li data-start=\"927\" data-end=\"947\">Poids net : 42 kg<\/li>\n<li data-start=\"948\" data-end=\"969\">Poids brut : 47 kg<\/li>\n<\/ul>\n<h2 data-start=\"976\" data-end=\"1003\">Caract\u00e9ristiques techniques<\/h2>\n<ul data-start=\"1005\" data-end=\"1344\">\n<li data-start=\"1005\" data-end=\"1048\">Compresseur herm\u00e9tique haute performance<\/li>\n<li data-start=\"1049\" data-end=\"1080\">R\u00e9frig\u00e9rant \u00e9cologique R290<\/li>\n<li data-start=\"1081\" data-end=\"1127\">Protection contre la surcharge du compresseur<\/li>\n<li data-start=\"1128\" data-end=\"1178\">Protection contre la surchauffe du moteur<\/li>\n<li data-start=\"1179\" data-end=\"1222\">Red\u00e9marrage retard\u00e9 de s\u00e9curit\u00e9 (3 min)<\/li>\n<li data-start=\"1223\" data-end=\"1248\">Alarme r\u00e9servoir plein<\/li>\n<li data-start=\"1249\" data-end=\"1267\">Filtre lavable<\/li>\n<li data-start=\"1268\" data-end=\"1306\">Roulettes industrielles 360\u00b0 avec frein<\/li>\n<li data-start=\"1307\" data-end=\"1344\">Conduit directionnel de refoulement<\/li>\n<\/ul>\n","protected":false},"excerpt":{"rendered":"<p>Le climatiseur portable Blizzcool AC-2700\/1 est une solution professionnelle de climatisation con\u00e7ue pour les environnements industriels et commerciaux. Gr\u00e2ce \u00e0 son syst\u00e8me de r\u00e9frig\u00e9ration par compresseur et une capacit\u00e9 de 2700 frigories, il fournit un refroidissement efficace, stable et rapide dans les espaces de travail exigeants. <\/p>\n","protected":false},"featured_media":287,"comment_status":"open","ping_status":"closed","template":"","meta":{"_acf_changed":false,"site-sidebar-layout":"default","site-content-layout":"","ast-site-content-layout":"default","site-content-style":"default","site-sidebar-style":"default","ast-global-header-display":"","ast-banner-title-visibility":"","ast-main-header-display":"","ast-hfb-above-header-display":"","ast-hfb-below-header-display":"","ast-hfb-mobile-header-display":"","site-post-title":"","ast-breadcrumbs-content":"","ast-featured-img":"","footer-sml-layout":"","ast-disable-related-posts":"","theme-transparent-header-meta":"default","adv-header-id-meta":"","stick-header-meta":"","header-above-stick-meta":"","header-main-stick-meta":"","header-below-stick-meta":"","astra-migrate-meta-layouts":"default","ast-page-background-enabled":"default","ast-page-background-meta":{"desktop":{"background-color":"var(--ast-global-color-5)","background-image":"","background-repeat":"repeat","background-position":"center center","background-size":"auto","background-attachment":"scroll","background-type":"","background-media":"","overlay-type":"","overlay-color":"","overlay-opacity":"","overlay-gradient":""},"tablet":{"background-color":"","background-image":"","background-repeat":"repeat","background-position":"center center","background-size":"auto","background-attachment":"scroll","background-type":"","background-media":"","overlay-type":"","overlay-color":"","overlay-opacity":"","overlay-gradient":""},"mobile":{"background-color":"","background-image":"","background-repeat":"repeat","background-position":"center center","background-size":"auto","background-attachment":"scroll","background-type":"","background-media":"","overlay-type":"","overlay-color":"","overlay-opacity":"","overlay-gradient":""}},"ast-content-background-meta":{"desktop":{"background-color":"var(--ast-global-color-4)","background-image":"","background-repeat":"repeat","background-position":"center center","background-size":"auto","background-attachment":"scroll","background-type":"","background-media":"","overlay-type":"","overlay-color":"","overlay-opacity":"","overlay-gradient":""},"tablet":{"background-color":"var(--ast-global-color-4)","background-image":"","background-repeat":"repeat","background-position":"center center","background-size":"auto","background-attachment":"scroll","background-type":"","background-media":"","overlay-type":"","overlay-color":"","overlay-opacity":"","overlay-gradient":""},"mobile":{"background-color":"var(--ast-global-color-4)","background-image":"","background-repeat":"repeat","background-position":"center center","background-size":"auto","background-attachment":"scroll","background-type":"","background-media":"","overlay-type":"","overlay-color":"","overlay-opacity":"","overlay-gradient":""}}},"product_brand":[],"product_cat":[202],"product_tag":[],"class_list":{"0":"post-5162","1":"product","2":"type-product","3":"status-publish","4":"has-post-thumbnail","6":"product_cat-climatiseur-portable-industriel","7":"desktop-align-left","8":"tablet-align-left","9":"mobile-align-left","11":"first","12":"instock","13":"taxable","14":"shipping-taxable","15":"purchasable","16":"product-type-simple"},"acf":[],"_links":{"self":[{"href":"https:\/\/blizzcool.es\/fr\/wp-json\/wp\/v2\/product\/5162","targetHints":{"allow":["GET"]}}],"collection":[{"href":"https:\/\/blizzcool.es\/fr\/wp-json\/wp\/v2\/product"}],"about":[{"href":"https:\/\/blizzcool.es\/fr\/wp-json\/wp\/v2\/types\/product"}],"replies":[{"embeddable":true,"href":"https:\/\/blizzcool.es\/fr\/wp-json\/wp\/v2\/comments?post=5162"}],"wp:featuredmedia":[{"embeddable":true,"href":"https:\/\/blizzcool.es\/fr\/wp-json\/wp\/v2\/media\/287"}],"wp:attachment":[{"href":"https:\/\/blizzcool.es\/fr\/wp-json\/wp\/v2\/media?parent=5162"}],"wp:term":[{"taxonomy":"product_brand","embeddable":true,"href":"https:\/\/blizzcool.es\/fr\/wp-json\/wp\/v2\/product_brand?post=5162"},{"taxonomy":"product_cat","embeddable":true,"href":"https:\/\/blizzcool.es\/fr\/wp-json\/wp\/v2\/product_cat?post=5162"},{"taxonomy":"product_tag","embeddable":true,"href":"https:\/\/blizzcool.es\/fr\/wp-json\/wp\/v2\/product_tag?post=5162"}],"curies":[{"name":"wp","href":"https:\/\/api.w.org\/{rel}","templated":true}]}}