{"id":4872,"date":"2026-01-28T16:12:23","date_gmt":"2026-01-28T16:12:23","guid":{"rendered":"https:\/\/blizzcool.es\/non class\u00e9\/rafraichisseur-brumisateur-bsm160l\/"},"modified":"2026-01-28T16:12:23","modified_gmt":"2026-01-28T16:12:23","slug":"rafraichisseur-brumisateur-bsm160l","status":"publish","type":"product","link":"https:\/\/blizzcool.es\/fr\/brumisateurs\/rafraichisseur-brumisateur-bsm160l\/","title":{"rendered":"Rafra\u00eechisseur Brumisateur BSM160L"},"content":{"rendered":"<p data-start=\"35\" data-end=\"331\">Le BSM160L est un rafra\u00eechisseur portable par brumisation destin\u00e9 aux <strong data-start=\"100\" data-end=\"139\">sports et activit\u00e9s de plein air<\/strong>, con\u00e7u pour r\u00e9duire la sensation de chaleur lors des entra\u00eenements, comp\u00e9titions et \u00e9v\u00e9nements sportifs. Son syst\u00e8me de micro-brume rafra\u00eechit l\u2019environnement imm\u00e9diatement sans inonder les surfaces. <\/p>\n<p data-start=\"333\" data-end=\"636\" data-is-last-node=\"\" data-is-only-node=\"\">Il dispose d\u2019un <strong data-start=\"344\" data-end=\"365\">r\u00e9servoir de 160 L<\/strong>, de <strong data-start=\"367\" data-end=\"384\">3 vitesses<\/strong> et d\u2019une <strong data-start=\"390\" data-end=\"410\">consommation de 6 L\/h<\/strong>, offrant une autonomie prolong\u00e9e et une adaptation aux diff\u00e9rentes conditions climatiques. Avec une <strong data-start=\"497\" data-end=\"526\">couverture allant jusqu\u2019\u00e0 250 m\u00b2<\/strong>, il est id\u00e9al pour les pistes, terrains, zones d\u2019\u00e9chauffement et aires publiques dans des espaces ouverts ou semi-ouverts. <\/p>\n<h3 data-start=\"614\" data-end=\"645\">Caract\u00e9ristiques principales<\/h3>\n<ul>\n<li data-start=\"648\" data-end=\"716\">Refroidissement efficace par <strong data-start=\"680\" data-end=\"715\">brumisation \u00e9vaporative (mist)<\/strong>.<\/li>\n<li data-start=\"719\" data-end=\"790\">\u00c9quipement industriel portable avec structure r\u00e9sistante pour un usage continu.<\/li>\n<li data-start=\"793\" data-end=\"826\"><strong data-start=\"793\" data-end=\"810\">3 vitesses<\/strong> de ventilation.<\/li>\n<li data-start=\"829\" data-end=\"891\"><strong data-start=\"829\" data-end=\"843\">Oscillation<\/strong> de la t\u00eate avec un angle de rotation de <strong data-start=\"875\" data-end=\"890\">-25\u00b0 \u00e0 +25\u00b0<\/strong>.<\/li>\n<li data-start=\"894\" data-end=\"943\">Grande capacit\u00e9 de r\u00e9servoir pour un fonctionnement prolong\u00e9.<\/li>\n<li data-start=\"946\" data-end=\"1001\">Conception mobile pour un d\u00e9placement facile.<\/li>\n<\/ul>\n<h2 data-start=\"1008\" data-end=\"1053\">D\u00e9tails techniques<\/h2>\n<ul>\n<li data-start=\"1056\" data-end=\"1087\"><strong data-start=\"1056\" data-end=\"1067\">Mod\u00e8le :<\/strong> PMF260660 (BSM160L)<\/li>\n<li data-start=\"1090\" data-end=\"1125\"><strong data-start=\"1090\" data-end=\"1107\">Alimentation :<\/strong> 220\u2013240 V \/ 50 Hz<\/li>\n<li data-start=\"1128\" data-end=\"1147\"><strong data-start=\"1128\" data-end=\"1141\">Puissance :<\/strong> 796 W<\/li>\n<li data-start=\"1150\" data-end=\"1184\"><strong data-start=\"1150\" data-end=\"1175\">D\u00e9bit d\u2019air maximal :<\/strong> 6957 CFM<\/li>\n<li data-start=\"1187\" data-end=\"1212\"><strong data-start=\"1187\" data-end=\"1206\">Sortie d\u2019air :<\/strong> 66 cm<\/li>\n<li data-start=\"1215\" data-end=\"1253\"><strong data-start=\"1215\" data-end=\"1240\">Surface de refroidissement :<\/strong> jusqu\u2019\u00e0 250 m\u00b2<\/li>\n<li data-start=\"1256\" data-end=\"1287\"><strong data-start=\"1256\" data-end=\"1281\">Capacit\u00e9 du r\u00e9servoir :<\/strong> 160 L<\/li>\n<li data-start=\"1290\" data-end=\"1316\"><strong data-start=\"1290\" data-end=\"1310\">Consommation d\u2019eau :<\/strong> 6 L\/h<\/li>\n<li data-start=\"1319\" data-end=\"1337\"><strong data-start=\"1319\" data-end=\"1335\">Vitesses :<\/strong> 3<\/li>\n<li data-start=\"1340\" data-end=\"1377\"><strong data-start=\"1340\" data-end=\"1365\">Angle d\u2019oscillation :<\/strong> -25\u00b0 \u00e0 +25\u00b0<\/li>\n<li data-start=\"1380\" data-end=\"1412\"><strong data-start=\"1380\" data-end=\"1396\">Dimensions :<\/strong> 97 \u00d7 81 \u00d7 48 cm<\/li>\n<li data-start=\"1415\" data-end=\"1436\"><strong data-start=\"1415\" data-end=\"1430\">Poids brut :<\/strong> 74 kg<\/li>\n<\/ul>\n","protected":false},"excerpt":{"rendered":"<p data-start=\"0\" data-end=\"315\">Rafra\u00eechisseur brumisateur portable avec r\u00e9servoir de 160 L, <strong>id\u00e9al pour les comp\u00e9titions, entra\u00eenements et \u00e9v\u00e9nements sportifs en plein air<\/strong>. Son syst\u00e8me de micro-brumisation, ses 3 vitesses et sa consommation de 6 L\/h permettent de rafra\u00eechir des surfaces allant jusqu\u2019\u00e0 250 m\u00b2 dans des espaces ouverts ou semi-ouverts. <\/p>\n","protected":false},"featured_media":3044,"comment_status":"open","ping_status":"closed","template":"","meta":{"_acf_changed":false,"site-sidebar-layout":"default","site-content-layout":"","ast-site-content-layout":"default","site-content-style":"default","site-sidebar-style":"default","ast-global-header-display":"","ast-banner-title-visibility":"","ast-main-header-display":"","ast-hfb-above-header-display":"","ast-hfb-below-header-display":"","ast-hfb-mobile-header-display":"","site-post-title":"","ast-breadcrumbs-content":"","ast-featured-img":"","footer-sml-layout":"","ast-disable-related-posts":"","theme-transparent-header-meta":"default","adv-header-id-meta":"","stick-header-meta":"","header-above-stick-meta":"","header-main-stick-meta":"","header-below-stick-meta":"","astra-migrate-meta-layouts":"default","ast-page-background-enabled":"default","ast-page-background-meta":{"desktop":{"background-color":"var(--ast-global-color-5)","background-image":"","background-repeat":"repeat","background-position":"center center","background-size":"auto","background-attachment":"scroll","background-type":"","background-media":"","overlay-type":"","overlay-color":"","overlay-opacity":"","overlay-gradient":""},"tablet":{"background-color":"","background-image":"","background-repeat":"repeat","background-position":"center center","background-size":"auto","background-attachment":"scroll","background-type":"","background-media":"","overlay-type":"","overlay-color":"","overlay-opacity":"","overlay-gradient":""},"mobile":{"background-color":"","background-image":"","background-repeat":"repeat","background-position":"center center","background-size":"auto","background-attachment":"scroll","background-type":"","background-media":"","overlay-type":"","overlay-color":"","overlay-opacity":"","overlay-gradient":""}},"ast-content-background-meta":{"desktop":{"background-color":"var(--ast-global-color-4)","background-image":"","background-repeat":"repeat","background-position":"center center","background-size":"auto","background-attachment":"scroll","background-type":"","background-media":"","overlay-type":"","overlay-color":"","overlay-opacity":"","overlay-gradient":""},"tablet":{"background-color":"var(--ast-global-color-4)","background-image":"","background-repeat":"repeat","background-position":"center center","background-size":"auto","background-attachment":"scroll","background-type":"","background-media":"","overlay-type":"","overlay-color":"","overlay-opacity":"","overlay-gradient":""},"mobile":{"background-color":"var(--ast-global-color-4)","background-image":"","background-repeat":"repeat","background-position":"center center","background-size":"auto","background-attachment":"scroll","background-type":"","background-media":"","overlay-type":"","overlay-color":"","overlay-opacity":"","overlay-gradient":""}}},"product_brand":[],"product_cat":[146],"product_tag":[],"class_list":{"0":"post-4872","1":"product","2":"type-product","3":"status-publish","4":"has-post-thumbnail","6":"product_cat-brumisateurs","7":"desktop-align-left","8":"tablet-align-left","9":"mobile-align-left","11":"first","12":"instock","13":"taxable","14":"shipping-taxable","15":"purchasable","16":"product-type-simple"},"acf":[],"_links":{"self":[{"href":"https:\/\/blizzcool.es\/fr\/wp-json\/wp\/v2\/product\/4872","targetHints":{"allow":["GET"]}}],"collection":[{"href":"https:\/\/blizzcool.es\/fr\/wp-json\/wp\/v2\/product"}],"about":[{"href":"https:\/\/blizzcool.es\/fr\/wp-json\/wp\/v2\/types\/product"}],"replies":[{"embeddable":true,"href":"https:\/\/blizzcool.es\/fr\/wp-json\/wp\/v2\/comments?post=4872"}],"wp:featuredmedia":[{"embeddable":true,"href":"https:\/\/blizzcool.es\/fr\/wp-json\/wp\/v2\/media\/3044"}],"wp:attachment":[{"href":"https:\/\/blizzcool.es\/fr\/wp-json\/wp\/v2\/media?parent=4872"}],"wp:term":[{"taxonomy":"product_brand","embeddable":true,"href":"https:\/\/blizzcool.es\/fr\/wp-json\/wp\/v2\/product_brand?post=4872"},{"taxonomy":"product_cat","embeddable":true,"href":"https:\/\/blizzcool.es\/fr\/wp-json\/wp\/v2\/product_cat?post=4872"},{"taxonomy":"product_tag","embeddable":true,"href":"https:\/\/blizzcool.es\/fr\/wp-json\/wp\/v2\/product_tag?post=4872"}],"curies":[{"name":"wp","href":"https:\/\/api.w.org\/{rel}","templated":true}]}}