{"id":4806,"date":"2025-12-23T14:08:07","date_gmt":"2025-12-23T14:08:07","guid":{"rendered":"https:\/\/blizzcool.es\/non class\u00e9\/gilet-rafraichissant-pcm-bw01\/"},"modified":"2025-12-23T14:08:07","modified_gmt":"2025-12-23T14:08:07","slug":"gilet-rafraichissant-pcm-bw01","status":"publish","type":"product","link":"https:\/\/blizzcool.es\/fr\/vetements-thermiques\/gilet-rafraichissant-pcm-bw01\/","title":{"rendered":"Gilet rafra\u00eechissant PCM BW01"},"content":{"rendered":"<h3>Avantages du gilet rafra\u00eechissant BW 01<\/h3>\n<ul>\n<li>Technologie PCM Phasecool pour un rafra\u00eechissement corporel stable<\/li>\n<li>Maintient une temp\u00e9rature d\u2019environ 21 \u00b0C pendant plusieurs heures<\/li>\n<li>Design ajustable compatible avec des v\u00eatements de travail ou de sport<\/li>\n<li>Ne n\u00e9cessite ni \u00e9lectricit\u00e9 ni batteries<\/li>\n<li>R\u00e9utilisable et activation simple<\/li>\n<\/ul>\n<h3>Mode d\u2019emploi<\/h3>\n<ul>\n<li>Retirez les plaques PCM de l\u2019int\u00e9rieur du gilet<\/li>\n<li>Placez les plaques au cong\u00e9lateur pendant au moins 45 minutes<\/li>\n<li>Ins\u00e9rez les plaques solidifi\u00e9es dans les poches int\u00e9rieures<\/li>\n<li>Ajustez le gilet au corps et commencez \u00e0 l\u2019utiliser<\/li>\n<\/ul>\n<h3>Applications recommand\u00e9es<\/h3>\n<ul>\n<li>Travaux industriels en environnements chauds<\/li>\n<li>Activit\u00e9s sportives et \u00e0 fort effort physique<\/li>\n<li>Motocyclisme et usage professionnel en ext\u00e9rieur<\/li>\n<li>Pr\u00e9vention du stress thermique et de la fatigue due \u00e0 la chaleur<\/li>\n<\/ul>\n","protected":false},"excerpt":{"rendered":"<p>Le <strong>gilet rafra\u00eechissant PCM BW 01<\/strong> est con\u00e7u pour r\u00e9duire la temp\u00e9rature corporelle lors d\u2019activit\u00e9s professionnelles et sportives r\u00e9alis\u00e9es en environnements chauds. Il utilise la technologie Phasecool, qui maintient une temp\u00e9rature constante proche de 21 \u00b0C pendant plusieurs heures, offrant un confort thermique continu et s\u00fbr. <\/p>\n","protected":false},"featured_media":653,"comment_status":"open","ping_status":"closed","template":"","meta":{"_acf_changed":false,"site-sidebar-layout":"default","site-content-layout":"","ast-site-content-layout":"default","site-content-style":"default","site-sidebar-style":"default","ast-global-header-display":"","ast-banner-title-visibility":"","ast-main-header-display":"","ast-hfb-above-header-display":"","ast-hfb-below-header-display":"","ast-hfb-mobile-header-display":"","site-post-title":"","ast-breadcrumbs-content":"","ast-featured-img":"","footer-sml-layout":"","ast-disable-related-posts":"","theme-transparent-header-meta":"default","adv-header-id-meta":"","stick-header-meta":"","header-above-stick-meta":"","header-main-stick-meta":"","header-below-stick-meta":"","astra-migrate-meta-layouts":"default","ast-page-background-enabled":"default","ast-page-background-meta":{"desktop":{"background-color":"var(--ast-global-color-5)","background-image":"","background-repeat":"repeat","background-position":"center center","background-size":"auto","background-attachment":"scroll","background-type":"","background-media":"","overlay-type":"","overlay-color":"","overlay-opacity":"","overlay-gradient":""},"tablet":{"background-color":"","background-image":"","background-repeat":"repeat","background-position":"center center","background-size":"auto","background-attachment":"scroll","background-type":"","background-media":"","overlay-type":"","overlay-color":"","overlay-opacity":"","overlay-gradient":""},"mobile":{"background-color":"","background-image":"","background-repeat":"repeat","background-position":"center center","background-size":"auto","background-attachment":"scroll","background-type":"","background-media":"","overlay-type":"","overlay-color":"","overlay-opacity":"","overlay-gradient":""}},"ast-content-background-meta":{"desktop":{"background-color":"var(--ast-global-color-4)","background-image":"","background-repeat":"repeat","background-position":"center center","background-size":"auto","background-attachment":"scroll","background-type":"","background-media":"","overlay-type":"","overlay-color":"","overlay-opacity":"","overlay-gradient":""},"tablet":{"background-color":"var(--ast-global-color-4)","background-image":"","background-repeat":"repeat","background-position":"center center","background-size":"auto","background-attachment":"scroll","background-type":"","background-media":"","overlay-type":"","overlay-color":"","overlay-opacity":"","overlay-gradient":""},"mobile":{"background-color":"var(--ast-global-color-4)","background-image":"","background-repeat":"repeat","background-position":"center center","background-size":"auto","background-attachment":"scroll","background-type":"","background-media":"","overlay-type":"","overlay-color":"","overlay-opacity":"","overlay-gradient":""}}},"product_brand":[],"product_cat":[149,150],"product_tag":[],"class_list":{"0":"post-4806","1":"product","2":"type-product","3":"status-publish","4":"has-post-thumbnail","6":"product_cat-vetements-thermiques","7":"product_cat-gilets","8":"desktop-align-left","9":"tablet-align-left","10":"mobile-align-left","12":"first","13":"instock","14":"taxable","15":"shipping-taxable","16":"purchasable","17":"product-type-variable"},"acf":[],"_links":{"self":[{"href":"https:\/\/blizzcool.es\/fr\/wp-json\/wp\/v2\/product\/4806","targetHints":{"allow":["GET"]}}],"collection":[{"href":"https:\/\/blizzcool.es\/fr\/wp-json\/wp\/v2\/product"}],"about":[{"href":"https:\/\/blizzcool.es\/fr\/wp-json\/wp\/v2\/types\/product"}],"replies":[{"embeddable":true,"href":"https:\/\/blizzcool.es\/fr\/wp-json\/wp\/v2\/comments?post=4806"}],"wp:featuredmedia":[{"embeddable":true,"href":"https:\/\/blizzcool.es\/fr\/wp-json\/wp\/v2\/media\/653"}],"wp:attachment":[{"href":"https:\/\/blizzcool.es\/fr\/wp-json\/wp\/v2\/media?parent=4806"}],"wp:term":[{"taxonomy":"product_brand","embeddable":true,"href":"https:\/\/blizzcool.es\/fr\/wp-json\/wp\/v2\/product_brand?post=4806"},{"taxonomy":"product_cat","embeddable":true,"href":"https:\/\/blizzcool.es\/fr\/wp-json\/wp\/v2\/product_cat?post=4806"},{"taxonomy":"product_tag","embeddable":true,"href":"https:\/\/blizzcool.es\/fr\/wp-json\/wp\/v2\/product_tag?post=4806"}],"curies":[{"name":"wp","href":"https:\/\/api.w.org\/{rel}","templated":true}]}}