{"id":4697,"date":"2025-12-23T13:05:06","date_gmt":"2025-12-23T13:05:06","guid":{"rendered":"https:\/\/blizzcool.es\/non class\u00e9\/ventilateur-de-plafond-industriel-bizzcool-bw-fam300-o3-000-mm\/"},"modified":"2025-12-23T13:05:06","modified_gmt":"2025-12-23T13:05:06","slug":"ventilateur-de-plafond-industriel-bizzcool-bw-fam300-o3-000-mm","status":"publish","type":"product","link":"https:\/\/blizzcool.es\/fr\/plafond\/ventilateur-de-plafond-industriel-bizzcool-bw-fam300-o3-000-mm\/","title":{"rendered":"Ventilateur de plafond industriel Bizzcool BW FAM300 \u00d83\u202f000 mm"},"content":{"rendered":"<h3>Caract\u00e9ristiques principales<\/h3>\n<ul>\n<li>Ventilateur de plafond industriel grand diam\u00e8tre<\/li>\n<li>\u00d83\u202f000 mm pour une couverture d\u2019air maximale<\/li>\n<li>Vitesse d\u2019air r\u00e9glable de 0 \u00e0 3 m\/s<\/li>\n<li>Fonctionnement stable et silencieux<\/li>\n<li>Con\u00e7u pour un usage continu en environnements industriels<\/li>\n<\/ul>\n<h3>D\u00e9tails techniques<\/h3>\n<ul>\n<li>Mod\u00e8le BW FAM300<\/li>\n<li>Diam\u00e8tre 3\u202f000 mm<\/li>\n<li>D\u00e9bit d\u2019air 3\u202f300 m\u00b3 par minute<\/li>\n<li>Zone de travail jusqu\u2019\u00e0 150 m\u00b2<\/li>\n<li>Puissance 300 W<\/li>\n<li>Vitesse de rotation 105 tr\/min<\/li>\n<li>Alimentation 220 V 50 Hz<\/li>\n<\/ul>\n<h3><span style=\"text-decoration: underline;\">T\u00e9l\u00e9commande incluse<\/span><\/h3>\n","protected":false},"excerpt":{"rendered":"<p>Le <strong>ventilateur de plafond industriel Bizzcool BW FAM240<\/strong> est con\u00e7u pour am\u00e9liorer la circulation de l\u2019air dans des <strong>espaces industriels jusqu\u2019\u00e0 100 m\u00b2<\/strong>. Avec un diam\u00e8tre de 2\u202f400 mm et un d\u00e9bit d\u2019air \u00e9lev\u00e9, il offre une ventilation efficace et uniforme. Sa faible consommation d\u2019\u00e9nergie et sa vitesse r\u00e9glable en font une solution id\u00e9ale pour les hangars, les entrep\u00f4ts et les zones de travail.  <\/p>\n","protected":false},"featured_media":4681,"comment_status":"open","ping_status":"closed","template":"","meta":{"_acf_changed":false,"site-sidebar-layout":"default","site-content-layout":"","ast-site-content-layout":"default","site-content-style":"default","site-sidebar-style":"default","ast-global-header-display":"","ast-banner-title-visibility":"","ast-main-header-display":"","ast-hfb-above-header-display":"","ast-hfb-below-header-display":"","ast-hfb-mobile-header-display":"","site-post-title":"","ast-breadcrumbs-content":"","ast-featured-img":"","footer-sml-layout":"","ast-disable-related-posts":"","theme-transparent-header-meta":"default","adv-header-id-meta":"","stick-header-meta":"","header-above-stick-meta":"","header-main-stick-meta":"","header-below-stick-meta":"","astra-migrate-meta-layouts":"default","ast-page-background-enabled":"default","ast-page-background-meta":{"desktop":{"background-color":"var(--ast-global-color-5)","background-image":"","background-repeat":"repeat","background-position":"center center","background-size":"auto","background-attachment":"scroll","background-type":"","background-media":"","overlay-type":"","overlay-color":"","overlay-opacity":"","overlay-gradient":""},"tablet":{"background-color":"","background-image":"","background-repeat":"repeat","background-position":"center center","background-size":"auto","background-attachment":"scroll","background-type":"","background-media":"","overlay-type":"","overlay-color":"","overlay-opacity":"","overlay-gradient":""},"mobile":{"background-color":"","background-image":"","background-repeat":"repeat","background-position":"center center","background-size":"auto","background-attachment":"scroll","background-type":"","background-media":"","overlay-type":"","overlay-color":"","overlay-opacity":"","overlay-gradient":""}},"ast-content-background-meta":{"desktop":{"background-color":"var(--ast-global-color-4)","background-image":"","background-repeat":"repeat","background-position":"center center","background-size":"auto","background-attachment":"scroll","background-type":"","background-media":"","overlay-type":"","overlay-color":"","overlay-opacity":"","overlay-gradient":""},"tablet":{"background-color":"var(--ast-global-color-4)","background-image":"","background-repeat":"repeat","background-position":"center center","background-size":"auto","background-attachment":"scroll","background-type":"","background-media":"","overlay-type":"","overlay-color":"","overlay-opacity":"","overlay-gradient":""},"mobile":{"background-color":"var(--ast-global-color-4)","background-image":"","background-repeat":"repeat","background-position":"center center","background-size":"auto","background-attachment":"scroll","background-type":"","background-media":"","overlay-type":"","overlay-color":"","overlay-opacity":"","overlay-gradient":""}}},"product_brand":[],"product_cat":[121,120],"product_tag":[],"class_list":{"0":"post-4697","1":"product","2":"type-product","3":"status-publish","4":"has-post-thumbnail","6":"product_cat-plafond","7":"product_cat-ventilateur-industriel","8":"desktop-align-left","9":"tablet-align-left","10":"mobile-align-left","12":"first","13":"instock","14":"taxable","15":"shipping-taxable","16":"purchasable","17":"product-type-simple"},"acf":[],"_links":{"self":[{"href":"https:\/\/blizzcool.es\/fr\/wp-json\/wp\/v2\/product\/4697","targetHints":{"allow":["GET"]}}],"collection":[{"href":"https:\/\/blizzcool.es\/fr\/wp-json\/wp\/v2\/product"}],"about":[{"href":"https:\/\/blizzcool.es\/fr\/wp-json\/wp\/v2\/types\/product"}],"replies":[{"embeddable":true,"href":"https:\/\/blizzcool.es\/fr\/wp-json\/wp\/v2\/comments?post=4697"}],"wp:featuredmedia":[{"embeddable":true,"href":"https:\/\/blizzcool.es\/fr\/wp-json\/wp\/v2\/media\/4681"}],"wp:attachment":[{"href":"https:\/\/blizzcool.es\/fr\/wp-json\/wp\/v2\/media?parent=4697"}],"wp:term":[{"taxonomy":"product_brand","embeddable":true,"href":"https:\/\/blizzcool.es\/fr\/wp-json\/wp\/v2\/product_brand?post=4697"},{"taxonomy":"product_cat","embeddable":true,"href":"https:\/\/blizzcool.es\/fr\/wp-json\/wp\/v2\/product_cat?post=4697"},{"taxonomy":"product_tag","embeddable":true,"href":"https:\/\/blizzcool.es\/fr\/wp-json\/wp\/v2\/product_tag?post=4697"}],"curies":[{"name":"wp","href":"https:\/\/api.w.org\/{rel}","templated":true}]}}