{"id":4679,"date":"2025-12-23T13:05:06","date_gmt":"2025-12-23T13:05:06","guid":{"rendered":"https:\/\/blizzcool.es\/non class\u00e9\/ventilateur-de-plafond-industriel-bizzcool-bw-fam370-o-3-700-mm\/"},"modified":"2025-12-23T13:05:06","modified_gmt":"2025-12-23T13:05:06","slug":"ventilateur-de-plafond-industriel-bizzcool-bw-fam370-o-3-700-mm","status":"publish","type":"product","link":"https:\/\/blizzcool.es\/fr\/plafond\/ventilateur-de-plafond-industriel-bizzcool-bw-fam370-o-3-700-mm\/","title":{"rendered":"Ventilateur de plafond industriel Bizzcool BW FAM370 \u00d8 3 700 mm"},"content":{"rendered":"<h3>Caract\u00e9ristiques principales<\/h3>\n<ul>\n<li>Ventilateur de plafond industriel de grand diam\u00e8tre<\/li>\n<li>\u00d8 3 700 mm pour une couverture d\u2019air maximale<\/li>\n<li>Vitesse de l\u2019air r\u00e9glable de 0 \u00e0 3 m par seconde<\/li>\n<li>Fonctionnement stable et silencieux<\/li>\n<li>Con\u00e7u pour une utilisation continue en environnements industriels<\/li>\n<\/ul>\n<h3>D\u00e9tails techniques<\/h3>\n<ul>\n<li>Mod\u00e8le BWP FAM370<\/li>\n<li>Diam\u00e8tre 3 700 mm<\/li>\n<li>D\u00e9bit d\u2019air 4 000 m\u00b3 par minute<\/li>\n<li>Surface de travail jusqu\u2019\u00e0 200 m\u00b2<\/li>\n<li>Puissance 300 W<\/li>\n<li>Vitesse de rotation 80 tr\/min<\/li>\n<li>Alimentation 220 V 50 Hz<\/li>\n<\/ul>\n<h3><span style=\"text-decoration: underline;\">T\u00e9l\u00e9commande incluse<\/span><\/h3>\n","protected":false},"excerpt":{"rendered":"<p>Le <strong>ventilateur de plafond industriel Bizzcool BWP FAM370<\/strong> est con\u00e7u pour am\u00e9liorer la circulation de l\u2019air dans les <strong>espaces industriels jusqu\u2019\u00e0 200 m\u00b2<\/strong>. Avec un diam\u00e8tre de 3 700 mm et un d\u00e9bit d\u2019air tr\u00e8s \u00e9lev\u00e9, il assure une ventilation uniforme et efficace. Sa vitesse r\u00e9glable et sa faible consommation en font une solution id\u00e9ale pour les hangars, les entrep\u00f4ts et les grandes zones de travail.  <\/p>\n","protected":false},"featured_media":4681,"comment_status":"open","ping_status":"closed","template":"","meta":{"_acf_changed":false,"site-sidebar-layout":"default","site-content-layout":"","ast-site-content-layout":"default","site-content-style":"default","site-sidebar-style":"default","ast-global-header-display":"","ast-banner-title-visibility":"","ast-main-header-display":"","ast-hfb-above-header-display":"","ast-hfb-below-header-display":"","ast-hfb-mobile-header-display":"","site-post-title":"","ast-breadcrumbs-content":"","ast-featured-img":"","footer-sml-layout":"","ast-disable-related-posts":"","theme-transparent-header-meta":"default","adv-header-id-meta":"","stick-header-meta":"","header-above-stick-meta":"","header-main-stick-meta":"","header-below-stick-meta":"","astra-migrate-meta-layouts":"default","ast-page-background-enabled":"default","ast-page-background-meta":{"desktop":{"background-color":"var(--ast-global-color-5)","background-image":"","background-repeat":"repeat","background-position":"center center","background-size":"auto","background-attachment":"scroll","background-type":"","background-media":"","overlay-type":"","overlay-color":"","overlay-opacity":"","overlay-gradient":""},"tablet":{"background-color":"","background-image":"","background-repeat":"repeat","background-position":"center center","background-size":"auto","background-attachment":"scroll","background-type":"","background-media":"","overlay-type":"","overlay-color":"","overlay-opacity":"","overlay-gradient":""},"mobile":{"background-color":"","background-image":"","background-repeat":"repeat","background-position":"center center","background-size":"auto","background-attachment":"scroll","background-type":"","background-media":"","overlay-type":"","overlay-color":"","overlay-opacity":"","overlay-gradient":""}},"ast-content-background-meta":{"desktop":{"background-color":"var(--ast-global-color-4)","background-image":"","background-repeat":"repeat","background-position":"center center","background-size":"auto","background-attachment":"scroll","background-type":"","background-media":"","overlay-type":"","overlay-color":"","overlay-opacity":"","overlay-gradient":""},"tablet":{"background-color":"var(--ast-global-color-4)","background-image":"","background-repeat":"repeat","background-position":"center center","background-size":"auto","background-attachment":"scroll","background-type":"","background-media":"","overlay-type":"","overlay-color":"","overlay-opacity":"","overlay-gradient":""},"mobile":{"background-color":"var(--ast-global-color-4)","background-image":"","background-repeat":"repeat","background-position":"center center","background-size":"auto","background-attachment":"scroll","background-type":"","background-media":"","overlay-type":"","overlay-color":"","overlay-opacity":"","overlay-gradient":""}}},"product_brand":[],"product_cat":[121,120],"product_tag":[],"class_list":{"0":"post-4679","1":"product","2":"type-product","3":"status-publish","4":"has-post-thumbnail","6":"product_cat-plafond","7":"product_cat-ventilateur-industriel","8":"desktop-align-left","9":"tablet-align-left","10":"mobile-align-left","12":"first","13":"instock","14":"taxable","15":"shipping-taxable","16":"purchasable","17":"product-type-simple"},"acf":[],"_links":{"self":[{"href":"https:\/\/blizzcool.es\/fr\/wp-json\/wp\/v2\/product\/4679","targetHints":{"allow":["GET"]}}],"collection":[{"href":"https:\/\/blizzcool.es\/fr\/wp-json\/wp\/v2\/product"}],"about":[{"href":"https:\/\/blizzcool.es\/fr\/wp-json\/wp\/v2\/types\/product"}],"replies":[{"embeddable":true,"href":"https:\/\/blizzcool.es\/fr\/wp-json\/wp\/v2\/comments?post=4679"}],"wp:featuredmedia":[{"embeddable":true,"href":"https:\/\/blizzcool.es\/fr\/wp-json\/wp\/v2\/media\/4681"}],"wp:attachment":[{"href":"https:\/\/blizzcool.es\/fr\/wp-json\/wp\/v2\/media?parent=4679"}],"wp:term":[{"taxonomy":"product_brand","embeddable":true,"href":"https:\/\/blizzcool.es\/fr\/wp-json\/wp\/v2\/product_brand?post=4679"},{"taxonomy":"product_cat","embeddable":true,"href":"https:\/\/blizzcool.es\/fr\/wp-json\/wp\/v2\/product_cat?post=4679"},{"taxonomy":"product_tag","embeddable":true,"href":"https:\/\/blizzcool.es\/fr\/wp-json\/wp\/v2\/product_tag?post=4679"}],"curies":[{"name":"wp","href":"https:\/\/api.w.org\/{rel}","templated":true}]}}