{"id":4402,"date":"2025-12-23T14:08:09","date_gmt":"2025-12-23T14:08:09","guid":{"rendered":"https:\/\/blizzcool.es\/non class\u00e9\/gilet-rafraichissant-pcm-bw02\/"},"modified":"2025-12-23T14:08:09","modified_gmt":"2025-12-23T14:08:09","slug":"gilet-rafraichissant-pcm-bw02","status":"publish","type":"product","link":"https:\/\/blizzcool.es\/fr\/gilets\/gilet-rafraichissant-pcm-bw02\/","title":{"rendered":"Gilet rafra\u00eechissant PCM BW02"},"content":{"rendered":"<h3>Avantages du gilet rafra\u00eechissant PCM BW-02<\/h3>\n<ul>\n<li>R\u00e9duit efficacement la temp\u00e9rature corporelle<\/li>\n<li>Fra\u00eecheur constante pendant 2 \u00e0 3 heures<\/li>\n<li>Packs de refroidissement r\u00e9utilisables<\/li>\n<li>R\u00e9glages lat\u00e9raux pour plus de confort<\/li>\n<li>Fermeture zipp\u00e9e et auto-agrippants<\/li>\n<li>Fabriqu\u00e9 en coton et polyester pour plus de confort<\/li>\n<li>Id\u00e9al pour un usage professionnel et continu<\/li>\n<li>Comprend 4 plaques rafra\u00eechissantes.<\/li>\n<\/ul>\n<h3>Mode d\u2019emploi du gilet rafra\u00eechissant PCM BW-02<\/h3>\n<ul>\n<li>Placer les packs de refroidissement au cong\u00e9lateur pendant 1 heure<\/li>\n<li>Ins\u00e9rer les packs froids dans les poches int\u00e9rieures du gilet<\/li>\n<li>Ajuster le gilet au corps \u00e0 l\u2019aide des fermetures lat\u00e9rales<\/li>\n<li>Utiliser pendant l\u2019activit\u00e9 professionnelle pour maintenir la fra\u00eecheur<\/li>\n<li>Une fois la fra\u00eecheur perdue, refroidir \u00e0 nouveau les packs pour les r\u00e9utiliser<\/li>\n<\/ul>\n","protected":false},"excerpt":{"rendered":"<p>Le gilet rafra\u00eechissant PCM BW02 est con\u00e7u pour maintenir une temp\u00e9rature corporelle optimale lors d\u2019activit\u00e9s professionnelles en conditions de forte chaleur. Il int\u00e8gre des packs de refroidissement qui procurent une fra\u00eecheur constante pendant 2 \u00e0 3 heures, aidant \u00e0 pr\u00e9venir le stress thermique et \u00e0 am\u00e9liorer les performances au travail. <\/p>\n","protected":false},"featured_media":2498,"comment_status":"open","ping_status":"closed","template":"","meta":{"_acf_changed":false,"site-sidebar-layout":"default","site-content-layout":"","ast-site-content-layout":"default","site-content-style":"default","site-sidebar-style":"default","ast-global-header-display":"","ast-banner-title-visibility":"","ast-main-header-display":"","ast-hfb-above-header-display":"","ast-hfb-below-header-display":"","ast-hfb-mobile-header-display":"","site-post-title":"","ast-breadcrumbs-content":"","ast-featured-img":"","footer-sml-layout":"","ast-disable-related-posts":"","theme-transparent-header-meta":"default","adv-header-id-meta":"","stick-header-meta":"","header-above-stick-meta":"","header-main-stick-meta":"","header-below-stick-meta":"","astra-migrate-meta-layouts":"default","ast-page-background-enabled":"default","ast-page-background-meta":{"desktop":{"background-color":"var(--ast-global-color-5)","background-image":"","background-repeat":"repeat","background-position":"center center","background-size":"auto","background-attachment":"scroll","background-type":"","background-media":"","overlay-type":"","overlay-color":"","overlay-opacity":"","overlay-gradient":""},"tablet":{"background-color":"","background-image":"","background-repeat":"repeat","background-position":"center center","background-size":"auto","background-attachment":"scroll","background-type":"","background-media":"","overlay-type":"","overlay-color":"","overlay-opacity":"","overlay-gradient":""},"mobile":{"background-color":"","background-image":"","background-repeat":"repeat","background-position":"center center","background-size":"auto","background-attachment":"scroll","background-type":"","background-media":"","overlay-type":"","overlay-color":"","overlay-opacity":"","overlay-gradient":""}},"ast-content-background-meta":{"desktop":{"background-color":"var(--ast-global-color-4)","background-image":"","background-repeat":"repeat","background-position":"center center","background-size":"auto","background-attachment":"scroll","background-type":"","background-media":"","overlay-type":"","overlay-color":"","overlay-opacity":"","overlay-gradient":""},"tablet":{"background-color":"var(--ast-global-color-4)","background-image":"","background-repeat":"repeat","background-position":"center center","background-size":"auto","background-attachment":"scroll","background-type":"","background-media":"","overlay-type":"","overlay-color":"","overlay-opacity":"","overlay-gradient":""},"mobile":{"background-color":"var(--ast-global-color-4)","background-image":"","background-repeat":"repeat","background-position":"center center","background-size":"auto","background-attachment":"scroll","background-type":"","background-media":"","overlay-type":"","overlay-color":"","overlay-opacity":"","overlay-gradient":""}}},"product_brand":[],"product_cat":[150,149],"product_tag":[],"class_list":{"0":"post-4402","1":"product","2":"type-product","3":"status-publish","4":"has-post-thumbnail","6":"product_cat-gilets","7":"product_cat-vetements-thermiques","8":"desktop-align-left","9":"tablet-align-left","10":"mobile-align-left","12":"first","13":"instock","14":"taxable","15":"shipping-taxable","16":"purchasable","17":"product-type-variable"},"acf":[],"_links":{"self":[{"href":"https:\/\/blizzcool.es\/fr\/wp-json\/wp\/v2\/product\/4402","targetHints":{"allow":["GET"]}}],"collection":[{"href":"https:\/\/blizzcool.es\/fr\/wp-json\/wp\/v2\/product"}],"about":[{"href":"https:\/\/blizzcool.es\/fr\/wp-json\/wp\/v2\/types\/product"}],"replies":[{"embeddable":true,"href":"https:\/\/blizzcool.es\/fr\/wp-json\/wp\/v2\/comments?post=4402"}],"wp:featuredmedia":[{"embeddable":true,"href":"https:\/\/blizzcool.es\/fr\/wp-json\/wp\/v2\/media\/2498"}],"wp:attachment":[{"href":"https:\/\/blizzcool.es\/fr\/wp-json\/wp\/v2\/media?parent=4402"}],"wp:term":[{"taxonomy":"product_brand","embeddable":true,"href":"https:\/\/blizzcool.es\/fr\/wp-json\/wp\/v2\/product_brand?post=4402"},{"taxonomy":"product_cat","embeddable":true,"href":"https:\/\/blizzcool.es\/fr\/wp-json\/wp\/v2\/product_cat?post=4402"},{"taxonomy":"product_tag","embeddable":true,"href":"https:\/\/blizzcool.es\/fr\/wp-json\/wp\/v2\/product_tag?post=4402"}],"curies":[{"name":"wp","href":"https:\/\/api.w.org\/{rel}","templated":true}]}}