{"id":4389,"date":"2025-12-23T14:08:08","date_gmt":"2025-12-23T14:08:08","guid":{"rendered":"https:\/\/blizzcool.es\/non class\u00e9\/gilet-de-sport-rafraichissant-bw04\/"},"modified":"2025-12-23T14:08:08","modified_gmt":"2025-12-23T14:08:08","slug":"gilet-de-sport-rafraichissant-bw04","status":"publish","type":"product","link":"https:\/\/blizzcool.es\/fr\/gilets\/gilet-de-sport-rafraichissant-bw04\/","title":{"rendered":"Gilet de sport rafra\u00eechissant BW04"},"content":{"rendered":"<h3>Tailles disponibles du gilet rafra\u00eechissant BW-04<\/h3>\n<ul>\n<li>Taille M<\/li>\n<li>Taille L<\/li>\n<li>Taille XL<\/li>\n<li>Taille 2XL<\/li>\n<\/ul>\n<h3>Utilisations recommand\u00e9es du gilet de sport rafra\u00eechissant BW-04<\/h3>\n<ul>\n<li>Sports de plein air par temps chaud<\/li>\n<li>Running, cyclisme et entra\u00eenement intensif<\/li>\n<li>Activit\u00e9s physiques prolong\u00e9es<\/li>\n<li>Travaux physiques en environnements chauds<\/li>\n<li>Pr\u00e9vention de la surchauffe corporelle<\/li>\n<\/ul>\n<h3>Avantages du gilet de sport rafra\u00eechissant BW-04<\/h3>\n<ul>\n<li>R\u00e9duit efficacement la temp\u00e9rature corporelle<\/li>\n<li>Technologie POLYCOOL \u00e0 \u00e9vaporation prolong\u00e9e<\/li>\n<li>Sensation de fra\u00eecheur intense et durable<\/li>\n<li>Design ergonomique et l\u00e9ger<\/li>\n<li>R\u00e9utilisable et facile \u00e0 activer avec de l\u2019eau<\/li>\n<\/ul>\n","protected":false},"excerpt":{"rendered":"<p>Le gilet de sport rafra\u00eechissant BW-04 est con\u00e7u pour maintenir une temp\u00e9rature corporelle optimale lors d\u2019activit\u00e9s physiques en milieux chauds. Gr\u00e2ce \u00e0 la technologie POLYCOOL, il absorbe l\u2019humidit\u00e9 et g\u00e9n\u00e8re une \u00e9vaporation prolong\u00e9e qui procure une sensation de fra\u00eecheur intense et durable, id\u00e9ale pour le sport et les travaux physiques exigeants. <\/p>\n","protected":false},"featured_media":322,"comment_status":"open","ping_status":"closed","template":"","meta":{"_acf_changed":false,"site-sidebar-layout":"default","site-content-layout":"","ast-site-content-layout":"default","site-content-style":"default","site-sidebar-style":"default","ast-global-header-display":"","ast-banner-title-visibility":"","ast-main-header-display":"","ast-hfb-above-header-display":"","ast-hfb-below-header-display":"","ast-hfb-mobile-header-display":"","site-post-title":"","ast-breadcrumbs-content":"","ast-featured-img":"","footer-sml-layout":"","ast-disable-related-posts":"","theme-transparent-header-meta":"default","adv-header-id-meta":"","stick-header-meta":"","header-above-stick-meta":"","header-main-stick-meta":"","header-below-stick-meta":"","astra-migrate-meta-layouts":"default","ast-page-background-enabled":"default","ast-page-background-meta":{"desktop":{"background-color":"var(--ast-global-color-5)","background-image":"","background-repeat":"repeat","background-position":"center center","background-size":"auto","background-attachment":"scroll","background-type":"","background-media":"","overlay-type":"","overlay-color":"","overlay-opacity":"","overlay-gradient":""},"tablet":{"background-color":"","background-image":"","background-repeat":"repeat","background-position":"center center","background-size":"auto","background-attachment":"scroll","background-type":"","background-media":"","overlay-type":"","overlay-color":"","overlay-opacity":"","overlay-gradient":""},"mobile":{"background-color":"","background-image":"","background-repeat":"repeat","background-position":"center center","background-size":"auto","background-attachment":"scroll","background-type":"","background-media":"","overlay-type":"","overlay-color":"","overlay-opacity":"","overlay-gradient":""}},"ast-content-background-meta":{"desktop":{"background-color":"var(--ast-global-color-4)","background-image":"","background-repeat":"repeat","background-position":"center center","background-size":"auto","background-attachment":"scroll","background-type":"","background-media":"","overlay-type":"","overlay-color":"","overlay-opacity":"","overlay-gradient":""},"tablet":{"background-color":"var(--ast-global-color-4)","background-image":"","background-repeat":"repeat","background-position":"center center","background-size":"auto","background-attachment":"scroll","background-type":"","background-media":"","overlay-type":"","overlay-color":"","overlay-opacity":"","overlay-gradient":""},"mobile":{"background-color":"var(--ast-global-color-4)","background-image":"","background-repeat":"repeat","background-position":"center center","background-size":"auto","background-attachment":"scroll","background-type":"","background-media":"","overlay-type":"","overlay-color":"","overlay-opacity":"","overlay-gradient":""}}},"product_brand":[],"product_cat":[150,149],"product_tag":[],"class_list":{"0":"post-4389","1":"product","2":"type-product","3":"status-publish","4":"has-post-thumbnail","6":"product_cat-gilets","7":"product_cat-vetements-thermiques","8":"desktop-align-left","9":"tablet-align-left","10":"mobile-align-left","12":"first","13":"instock","14":"taxable","15":"shipping-taxable","16":"purchasable","17":"product-type-variable"},"acf":[],"_links":{"self":[{"href":"https:\/\/blizzcool.es\/fr\/wp-json\/wp\/v2\/product\/4389","targetHints":{"allow":["GET"]}}],"collection":[{"href":"https:\/\/blizzcool.es\/fr\/wp-json\/wp\/v2\/product"}],"about":[{"href":"https:\/\/blizzcool.es\/fr\/wp-json\/wp\/v2\/types\/product"}],"replies":[{"embeddable":true,"href":"https:\/\/blizzcool.es\/fr\/wp-json\/wp\/v2\/comments?post=4389"}],"wp:featuredmedia":[{"embeddable":true,"href":"https:\/\/blizzcool.es\/fr\/wp-json\/wp\/v2\/media\/322"}],"wp:attachment":[{"href":"https:\/\/blizzcool.es\/fr\/wp-json\/wp\/v2\/media?parent=4389"}],"wp:term":[{"taxonomy":"product_brand","embeddable":true,"href":"https:\/\/blizzcool.es\/fr\/wp-json\/wp\/v2\/product_brand?post=4389"},{"taxonomy":"product_cat","embeddable":true,"href":"https:\/\/blizzcool.es\/fr\/wp-json\/wp\/v2\/product_cat?post=4389"},{"taxonomy":"product_tag","embeddable":true,"href":"https:\/\/blizzcool.es\/fr\/wp-json\/wp\/v2\/product_tag?post=4389"}],"curies":[{"name":"wp","href":"https:\/\/api.w.org\/{rel}","templated":true}]}}