{"id":4184,"date":"2026-02-03T14:00:03","date_gmt":"2026-02-03T14:00:03","guid":{"rendered":"https:\/\/blizzcool.es\/non class\u00e9\/generateur-danions\/"},"modified":"2026-02-03T14:00:03","modified_gmt":"2026-02-03T14:00:03","slug":"generateur-danions","status":"publish","type":"product","link":"https:\/\/blizzcool.es\/fr\/pieces-de-rechange-pour-refroidisseur-evaporatif\/generateur-danions\/","title":{"rendered":"G\u00e9n\u00e9rateur d\u2019anions"},"content":{"rendered":"<p data-start=\"67\" data-end=\"446\">G\u00e9n\u00e9rateur d\u2019anions con\u00e7u pour am\u00e9liorer la qualit\u00e9 de l\u2019air dans les rafra\u00eechisseurs \u00e9vaporatifs Blizzcool. Il \u00e9met des ions n\u00e9gatifs qui aident \u00e0 r\u00e9duire les particules en suspension, la poussi\u00e8re et les odeurs, contribuant \u00e0 un environnement plus propre et agr\u00e9able. Composant de remplacement ou d\u2019optimisation qui compl\u00e8te le syst\u00e8me de refroidissement, favorisant une sensation d\u2019air plus frais et plus sain.  <\/p>\n<h3 data-start=\"448\" data-end=\"475\"><\/h3>\n","protected":false},"excerpt":{"rendered":"<div class=\"flex flex-col text-sm pb-25\" data-pb-monitored=\"true\">\n<article class=\"text-token-text-primary w-full focus:outline-none [--shadow-height:45px] has-data-writing-block:pointer-events-none has-data-writing-block:-mt-(--shadow-height) has-data-writing-block:pt-(--shadow-height) [&amp;:has([data-writing-block])&gt;*]:pointer-events-auto scroll-mt-[calc(var(--header-height)+min(200px,max(70px,20svh)))]\" dir=\"auto\" tabindex=\"-1\" data-turn-id=\"request-WEB:0814a6bc-da76-48b1-9986-5b36834291c5-24\" data-testid=\"conversation-turn-24\" data-scroll-anchor=\"true\" data-turn=\"assistant\">\n<div class=\"text-base my-auto mx-auto pb-10 [--thread-content-margin:--spacing(4)] @w-sm\/main:[--thread-content-margin:--spacing(6)] @w-lg\/main:[--thread-content-margin:--spacing(16)] px-(--thread-content-margin)\">\n<div class=\"[--thread-content-max-width:40rem] @w-lg\/main:[--thread-content-max-width:48rem] mx-auto max-w-(--thread-content-max-width) flex-1 group\/turn-messages focus-visible:outline-hidden relative flex w-full min-w-0 flex-col agent-turn\" tabindex=\"-1\">\n<div class=\"flex max-w-full flex-col grow\">\n<div class=\"min-h-8 text-message relative flex w-full flex-col items-end gap-2 text-start break-words whitespace-normal [.text-message+&amp;]:mt-1\" dir=\"auto\" data-message-author-role=\"assistant\" data-message-id=\"84ea7c90-93e4-4c76-8ccb-c1352eef304b\" data-message-model-slug=\"gpt-5-2\">\n<div class=\"flex w-full flex-col gap-1 empty:hidden first:pt-[1px]\">\n<div class=\"markdown prose dark:prose-invert w-full wrap-break-word light markdown-new-styling\">\n<p data-start=\"476\" data-end=\"602\" data-is-last-node=\"\" data-is-only-node=\"\">G\u00e9n\u00e9rateur d\u2019anions Blizzcool pour rafra\u00eechisseurs \u00e9vaporatifs. Am\u00e9liore la qualit\u00e9 de l\u2019air et aide \u00e0 r\u00e9duire la poussi\u00e8re et les odeurs. <\/p>\n<\/div>\n<\/div>\n<\/div>\n<\/div>\n<\/div>\n<\/div>\n<\/article>\n<\/div>\n<div class=\"pointer-events-none h-px w-px absolute bottom-0\" aria-hidden=\"true\" data-edge=\"true\"><\/div>\n","protected":false},"featured_media":2816,"comment_status":"open","ping_status":"closed","template":"","meta":{"_acf_changed":false,"site-sidebar-layout":"default","site-content-layout":"","ast-site-content-layout":"default","site-content-style":"default","site-sidebar-style":"default","ast-global-header-display":"","ast-banner-title-visibility":"","ast-main-header-display":"","ast-hfb-above-header-display":"","ast-hfb-below-header-display":"","ast-hfb-mobile-header-display":"","site-post-title":"","ast-breadcrumbs-content":"","ast-featured-img":"","footer-sml-layout":"","ast-disable-related-posts":"","theme-transparent-header-meta":"default","adv-header-id-meta":"","stick-header-meta":"","header-above-stick-meta":"","header-main-stick-meta":"","header-below-stick-meta":"","astra-migrate-meta-layouts":"default","ast-page-background-enabled":"default","ast-page-background-meta":{"desktop":{"background-color":"var(--ast-global-color-5)","background-image":"","background-repeat":"repeat","background-position":"center center","background-size":"auto","background-attachment":"scroll","background-type":"","background-media":"","overlay-type":"","overlay-color":"","overlay-opacity":"","overlay-gradient":""},"tablet":{"background-color":"","background-image":"","background-repeat":"repeat","background-position":"center center","background-size":"auto","background-attachment":"scroll","background-type":"","background-media":"","overlay-type":"","overlay-color":"","overlay-opacity":"","overlay-gradient":""},"mobile":{"background-color":"","background-image":"","background-repeat":"repeat","background-position":"center center","background-size":"auto","background-attachment":"scroll","background-type":"","background-media":"","overlay-type":"","overlay-color":"","overlay-opacity":"","overlay-gradient":""}},"ast-content-background-meta":{"desktop":{"background-color":"var(--ast-global-color-4)","background-image":"","background-repeat":"repeat","background-position":"center center","background-size":"auto","background-attachment":"scroll","background-type":"","background-media":"","overlay-type":"","overlay-color":"","overlay-opacity":"","overlay-gradient":""},"tablet":{"background-color":"var(--ast-global-color-4)","background-image":"","background-repeat":"repeat","background-position":"center center","background-size":"auto","background-attachment":"scroll","background-type":"","background-media":"","overlay-type":"","overlay-color":"","overlay-opacity":"","overlay-gradient":""},"mobile":{"background-color":"var(--ast-global-color-4)","background-image":"","background-repeat":"repeat","background-position":"center center","background-size":"auto","background-attachment":"scroll","background-type":"","background-media":"","overlay-type":"","overlay-color":"","overlay-opacity":"","overlay-gradient":""}}},"product_brand":[],"product_cat":[131,130],"product_tag":[],"class_list":{"0":"post-4184","1":"product","2":"type-product","3":"status-publish","4":"has-post-thumbnail","6":"product_cat-pieces-de-rechange-pour-refroidisseur-evaporatif","7":"product_cat-pieces-de-rechange","8":"desktop-align-left","9":"tablet-align-left","10":"mobile-align-left","12":"first","13":"instock","14":"taxable","15":"shipping-taxable","16":"purchasable","17":"product-type-simple"},"acf":[],"_links":{"self":[{"href":"https:\/\/blizzcool.es\/fr\/wp-json\/wp\/v2\/product\/4184","targetHints":{"allow":["GET"]}}],"collection":[{"href":"https:\/\/blizzcool.es\/fr\/wp-json\/wp\/v2\/product"}],"about":[{"href":"https:\/\/blizzcool.es\/fr\/wp-json\/wp\/v2\/types\/product"}],"replies":[{"embeddable":true,"href":"https:\/\/blizzcool.es\/fr\/wp-json\/wp\/v2\/comments?post=4184"}],"wp:featuredmedia":[{"embeddable":true,"href":"https:\/\/blizzcool.es\/fr\/wp-json\/wp\/v2\/media\/2816"}],"wp:attachment":[{"href":"https:\/\/blizzcool.es\/fr\/wp-json\/wp\/v2\/media?parent=4184"}],"wp:term":[{"taxonomy":"product_brand","embeddable":true,"href":"https:\/\/blizzcool.es\/fr\/wp-json\/wp\/v2\/product_brand?post=4184"},{"taxonomy":"product_cat","embeddable":true,"href":"https:\/\/blizzcool.es\/fr\/wp-json\/wp\/v2\/product_cat?post=4184"},{"taxonomy":"product_tag","embeddable":true,"href":"https:\/\/blizzcool.es\/fr\/wp-json\/wp\/v2\/product_tag?post=4184"}],"curies":[{"name":"wp","href":"https:\/\/api.w.org\/{rel}","templated":true}]}}