{"id":5083,"date":"2025-12-24T08:42:36","date_gmt":"2025-12-24T08:42:36","guid":{"rendered":"https:\/\/blizzcool.es\/faq\/"},"modified":"2026-04-27T09:22:48","modified_gmt":"2026-04-27T09:22:48","slug":"faq","status":"publish","type":"page","link":"https:\/\/blizzcool.es\/fr\/faq\/","title":{"rendered":"FAQ"},"content":{"rendered":"\t\t<div data-elementor-type=\"wp-page\" data-elementor-id=\"5083\" class=\"elementor elementor-5083 elementor-388\" data-elementor-post-type=\"page\">\n\t\t\t\t<div class=\"elementor-element elementor-element-6868f8a e-flex e-con-boxed e-con e-parent\" data-id=\"6868f8a\" data-element_type=\"container\" data-e-type=\"container\" data-settings=\"{&quot;background_background&quot;:&quot;classic&quot;}\">\n\t\t\t\t\t<div class=\"e-con-inner\">\n\t\t<div class=\"elementor-element elementor-element-1575e60 e-con-full e-flex e-con e-child\" data-id=\"1575e60\" data-element_type=\"container\" data-e-type=\"container\">\n\t\t\t\t<div class=\"elementor-element elementor-element-d08b3d5 elementor-widget__width-initial elementor-widget elementor-widget-heading\" data-id=\"d08b3d5\" data-element_type=\"widget\" data-e-type=\"widget\" data-widget_type=\"heading.default\">\n\t\t\t\t\t<div class=\"elementor-heading-title elementor-size-default\">Centre de support<\/div>\t\t\t\t<\/div>\n\t\t\t\t<div class=\"elementor-element elementor-element-b2d79ae elementor-widget__width-initial elementor-widget-tablet__width-inherit elementor-widget elementor-widget-heading\" data-id=\"b2d79ae\" data-element_type=\"widget\" data-e-type=\"widget\" data-widget_type=\"heading.default\">\n\t\t\t\t\t<h1 class=\"elementor-heading-title elementor-size-default\">Questions <span style=\"color: #68B551\">fr\u00e9quentes<\/span><\/h1>\t\t\t\t<\/div>\n\t\t\t\t<div class=\"elementor-element elementor-element-6421b60 elementor-widget-divider--view-line elementor-widget elementor-widget-divider\" data-id=\"6421b60\" data-element_type=\"widget\" data-e-type=\"widget\" data-widget_type=\"divider.default\">\n\t\t\t\t\t\t\t<div class=\"elementor-divider\">\n\t\t\t<span class=\"elementor-divider-separator\">\n\t\t\t\t\t\t<\/span>\n\t\t<\/div>\n\t\t\t\t\t\t<\/div>\n\t\t\t\t<div class=\"elementor-element elementor-element-87f212a elementor-widget__width-initial elementor-widget-tablet__width-inherit elementor-widget elementor-widget-text-editor\" data-id=\"87f212a\" data-element_type=\"widget\" data-e-type=\"widget\" data-widget_type=\"text-editor.default\">\n\t\t\t\t\t\t\t\t\t<div class=\"elementor-element elementor-element-79f4896 elementor-widget elementor-widget-text-editor\" data-id=\"79f4896\" data-element_type=\"widget\" data-widget_type=\"text-editor.default\"><div class=\"elementor-widget-container\"><p>Trouvez des r\u00e9ponses rapides sur le fonctionnement, la maintenance et la logistique de nos \u00e9quipements. Nous r\u00e9pondons \u00e0 vos questions pour que vous puissiez choisir la solution climatique la mieux adapt\u00e9e \u00e0 votre espace ou \u00e0 votre entreprise. <\/p><\/div><\/div>\t\t\t\t\t\t\t\t<\/div>\n\t\t\t\t<\/div>\n\t\t\t\t\t<\/div>\n\t\t\t\t<\/div>\n\t\t<div class=\"elementor-element elementor-element-d5e8ae3 e-flex e-con-boxed e-con e-parent\" data-id=\"d5e8ae3\" data-element_type=\"container\" data-e-type=\"container\">\n\t\t\t\t\t<div class=\"e-con-inner\">\n\t\t<div class=\"elementor-element elementor-element-8f43b84 e-con-full e-flex e-con e-child\" data-id=\"8f43b84\" data-element_type=\"container\" data-e-type=\"container\">\n\t\t\t\t<div class=\"elementor-element elementor-element-f725c60 elementor-widget elementor-widget-html\" data-id=\"f725c60\" data-element_type=\"widget\" data-e-type=\"widget\" data-widget_type=\"html.default\">\n\t\t\t\t\t<script type=\"application\/ld+json\">{\n  \"@context\": \"https:\/\/schema.org\",\n  \"@type\": \"FAQPage\",\n  \"mainEntity\": [\n    {\n      \"@type\": \"Question\",\n      \"name\": \"\u00bfQu\u00e9 diferencia hay entre un enfriador evaporativo y un aire acondicionado?\",\n      \"acceptedAnswer\": {\n        \"@type\": \"Answer\",\n        \"text\": \"El aire acondicionado utiliza gases refrigerantes y recircula el aire seco. El enfriador evaporativo utiliza un proceso natural con agua para enfriar el aire exterior, renov\u00e1ndolo constantemente y consumiendo hasta un 80% menos de electricidad.\"\n      }\n    },\n    {\n      \"@type\": \"Question\",\n      \"name\": \"\u00bfRequieren vuestros equipos instalaci\u00f3n profesional?\",\n      \"acceptedAnswer\": {\n        \"@type\": \"Answer\",\n        \"text\": \"Contamos con una amplia gama de equipos port\u00e1tiles \"Plug & Play\" que solo necesitan conexi\u00f3n el\u00e9ctrica y agua. Para sistemas industriales fijos, nuestro equipo t\u00e9cnico puede asesorarte sobre los requisitos de montaje espec\u00edficos.\"\n      }\n    },\n    {\n      \"@type\": \"Question\",\n      \"name\": \"\u00bfC\u00f3mo funciona la ropa refrigerante y para qui\u00e9n est\u00e1 recomendada?\",\n      \"acceptedAnswer\": {\n        \"@type\": \"Answer\",\n        \"text\": \"Nuestra ropa t\u00e9cnica utiliza tecnolog\u00eda textil avanzada para absorber y disipar el calor corporal. Es ideal para operarios en entornos de calor extremo (fundiciones, hornos) o trabajos al aire libre donde la climatizaci\u00f3n ambiental no es posible.\"\n      }\n    },\n    {\n      \"@type\": \"Question\",\n      \"name\": \"\u00bfSon efectivos los enfriadores en naves abiertas o terrazas?\",\n      \"acceptedAnswer\": {\n        \"@type\": \"Answer\",\n        \"text\": \"S\u00ed, a diferencia del aire acondicionado, los enfriadores evaporativos rinden al m\u00e1ximo en espacios abiertos o con ventilaci\u00f3n, ya que necesitan renovar el aire constantemente para enfriar por evaporaci\u00f3n de forma natural.\"\n      }\n    },\n    {\n      \"@type\": \"Question\",\n      \"name\": \"\u00bfQu\u00e9 mantenimiento b\u00e1sico necesitan los equipos de refrigeraci\u00f3n?\",\n      \"acceptedAnswer\": {\n        \"@type\": \"Answer\",\n        \"text\": \"El mantenimiento es m\u00ednimo pero importante: se basa principalmente en la limpieza peri\u00f3dica del dep\u00f3sito de agua y de los filtros o paneles para evitar acumulaciones de cal y garantizar un aire siempre fresco e higi\u00e9nico.\"\n      }\n    },\n    {\n      \"@type\": \"Question\",\n      \"name\": \"\u00bfRealiz\u00e1is env\u00edos de equipos industriales a toda Espa\u00f1a?\",\n      \"acceptedAnswer\": {\n        \"@type\": \"Answer\",\n        \"text\": \"S\u00ed, gestionamos env\u00edos especializados para maquinaria de gran volumen con entrega en 24\/72h para productos en stock. Todos los equipos se env\u00edan protegidos y paletizados para asegurar que lleguen en perfecto estado.\"\n      }\n    }\n  ]\n}\n<\/script>\t\t\t\t<\/div>\n\t\t\t\t<div class=\"elementor-element elementor-element-fbcbd30 elementor-widget__width-initial elementor-widget elementor-widget-n-accordion\" data-id=\"fbcbd30\" data-element_type=\"widget\" data-e-type=\"widget\" data-settings=\"{&quot;default_state&quot;:&quot;expanded&quot;,&quot;max_items_expended&quot;:&quot;one&quot;,&quot;n_accordion_animation_duration&quot;:{&quot;unit&quot;:&quot;ms&quot;,&quot;size&quot;:400,&quot;sizes&quot;:[]}}\" data-widget_type=\"nested-accordion.default\">\n\t\t\t\t\t\t\t<div class=\"e-n-accordion\" aria-label=\"Accordion. Open links with Enter or Space, close with Escape, and navigate with Arrow Keys\">\n\t\t\t\t\t\t<details id=\"e-n-accordion-item-2640\" class=\"e-n-accordion-item\" open>\n\t\t\t\t<summary class=\"e-n-accordion-item-title\" data-accordion-index=\"1\" tabindex=\"0\" aria-expanded=\"true\" aria-controls=\"e-n-accordion-item-2640\" >\n\t\t\t\t\t<span class='e-n-accordion-item-title-header'><h2 class=\"e-n-accordion-item-title-text\"> Quelle est la diff\u00e9rence entre un refroidisseur \u00e9vaporatif et une climatisation ? <\/h2><\/span>\n\t\t\t\t\t\t\t<span class='e-n-accordion-item-title-icon'>\n\t\t\t<span class='e-opened' ><svg aria-hidden=\"true\" class=\"e-font-icon-svg e-fas-minus-circle\" viewBox=\"0 0 512 512\" xmlns=\"http:\/\/www.w3.org\/2000\/svg\"><path d=\"M256 8C119 8 8 119 8 256s111 248 248 248 248-111 248-248S393 8 256 8zM124 296c-6.6 0-12-5.4-12-12v-56c0-6.6 5.4-12 12-12h264c6.6 0 12 5.4 12 12v56c0 6.6-5.4 12-12 12H124z\"><\/path><\/svg><\/span>\n\t\t\t<span class='e-closed'><svg aria-hidden=\"true\" class=\"e-font-icon-svg e-fas-plus-circle\" viewBox=\"0 0 512 512\" xmlns=\"http:\/\/www.w3.org\/2000\/svg\"><path d=\"M256 8C119 8 8 119 8 256s111 248 248 248 248-111 248-248S393 8 256 8zm144 276c0 6.6-5.4 12-12 12h-92v92c0 6.6-5.4 12-12 12h-56c-6.6 0-12-5.4-12-12v-92h-92c-6.6 0-12-5.4-12-12v-56c0-6.6 5.4-12 12-12h92v-92c0-6.6 5.4-12 12-12h56c6.6 0 12 5.4 12 12v92h92c6.6 0 12 5.4 12 12v56z\"><\/path><\/svg><\/span>\n\t\t<\/span>\n\n\t\t\t\t\t\t<\/summary>\n\t\t\t\t<div role=\"region\" aria-labelledby=\"e-n-accordion-item-2640\" class=\"elementor-element elementor-element-bc48d3c e-con-full e-flex e-con e-child\" data-id=\"bc48d3c\" data-element_type=\"container\" data-e-type=\"container\">\n\t\t\t\t<div class=\"elementor-element elementor-element-9cb4f3b elementor-widget__width-inherit elementor-widget elementor-widget-text-editor\" data-id=\"9cb4f3b\" data-element_type=\"widget\" data-e-type=\"widget\" data-widget_type=\"text-editor.default\">\n\t\t\t\t\t\t\t\t\tLa climatisation utilise des gaz r\u00e9frig\u00e9rants et fait recirculer l\u2019air sec. Le rafra\u00eechisseur \u00e9vaporatif utilise un processus naturel avec de l\u2019eau pour refroidir l\u2019air ext\u00e9rieur, en le renouvelant constamment et en consommant jusqu\u2019\u00e0 80 % d\u2019\u00e9lectricit\u00e9 en moins. \t\t\t\t\t\t\t\t<\/div>\n\t\t\t\t<\/div>\n\t\t\t\t\t<\/details>\n\t\t\t\t\t\t<details id=\"e-n-accordion-item-2641\" class=\"e-n-accordion-item\" >\n\t\t\t\t<summary class=\"e-n-accordion-item-title\" data-accordion-index=\"2\" tabindex=\"-1\" aria-expanded=\"false\" aria-controls=\"e-n-accordion-item-2641\" >\n\t\t\t\t\t<span class='e-n-accordion-item-title-header'><h2 class=\"e-n-accordion-item-title-text\"> Vos \u00e9quipements n\u00e9cessitent-ils une installation professionnelle ? <\/h2><\/span>\n\t\t\t\t\t\t\t<span class='e-n-accordion-item-title-icon'>\n\t\t\t<span class='e-opened' ><svg aria-hidden=\"true\" class=\"e-font-icon-svg e-fas-minus-circle\" viewBox=\"0 0 512 512\" xmlns=\"http:\/\/www.w3.org\/2000\/svg\"><path d=\"M256 8C119 8 8 119 8 256s111 248 248 248 248-111 248-248S393 8 256 8zM124 296c-6.6 0-12-5.4-12-12v-56c0-6.6 5.4-12 12-12h264c6.6 0 12 5.4 12 12v56c0 6.6-5.4 12-12 12H124z\"><\/path><\/svg><\/span>\n\t\t\t<span class='e-closed'><svg aria-hidden=\"true\" class=\"e-font-icon-svg e-fas-plus-circle\" viewBox=\"0 0 512 512\" xmlns=\"http:\/\/www.w3.org\/2000\/svg\"><path d=\"M256 8C119 8 8 119 8 256s111 248 248 248 248-111 248-248S393 8 256 8zm144 276c0 6.6-5.4 12-12 12h-92v92c0 6.6-5.4 12-12 12h-56c-6.6 0-12-5.4-12-12v-92h-92c-6.6 0-12-5.4-12-12v-56c0-6.6 5.4-12 12-12h92v-92c0-6.6 5.4-12 12-12h56c6.6 0 12 5.4 12 12v92h92c6.6 0 12 5.4 12 12v56z\"><\/path><\/svg><\/span>\n\t\t<\/span>\n\n\t\t\t\t\t\t<\/summary>\n\t\t\t\t<div role=\"region\" aria-labelledby=\"e-n-accordion-item-2641\" class=\"elementor-element elementor-element-a86e192 e-con-full e-flex e-con e-child\" data-id=\"a86e192\" data-element_type=\"container\" data-e-type=\"container\">\n\t\t\t\t<div class=\"elementor-element elementor-element-1b8be98 elementor-widget elementor-widget-text-editor\" data-id=\"1b8be98\" data-element_type=\"widget\" data-e-type=\"widget\" data-widget_type=\"text-editor.default\">\n\t\t\t\t\t\t\t\t\t<p>Nous disposons d\u2019une large gamme d\u2019\u00e9quipements portables \u00ab Plug &#038; Play \u00bb qui ne n\u00e9cessitent qu\u2019un raccordement \u00e9lectrique et de l\u2019eau. Pour les syst\u00e8mes industriels fixes, notre \u00e9quipe technique peut vous conseiller sur les exigences de montage sp\u00e9cifiques. <\/p>\t\t\t\t\t\t\t\t<\/div>\n\t\t\t\t<\/div>\n\t\t\t\t\t<\/details>\n\t\t\t\t\t\t<details id=\"e-n-accordion-item-2642\" class=\"e-n-accordion-item\" >\n\t\t\t\t<summary class=\"e-n-accordion-item-title\" data-accordion-index=\"3\" tabindex=\"-1\" aria-expanded=\"false\" aria-controls=\"e-n-accordion-item-2642\" >\n\t\t\t\t\t<span class='e-n-accordion-item-title-header'><h2 class=\"e-n-accordion-item-title-text\"> Comment fonctionnent les v\u00eatements rafra\u00eechissants et \u00e0 qui sont-ils recommand\u00e9s ? <\/h2><\/span>\n\t\t\t\t\t\t\t<span class='e-n-accordion-item-title-icon'>\n\t\t\t<span class='e-opened' ><svg aria-hidden=\"true\" class=\"e-font-icon-svg e-fas-minus-circle\" viewBox=\"0 0 512 512\" xmlns=\"http:\/\/www.w3.org\/2000\/svg\"><path d=\"M256 8C119 8 8 119 8 256s111 248 248 248 248-111 248-248S393 8 256 8zM124 296c-6.6 0-12-5.4-12-12v-56c0-6.6 5.4-12 12-12h264c6.6 0 12 5.4 12 12v56c0 6.6-5.4 12-12 12H124z\"><\/path><\/svg><\/span>\n\t\t\t<span class='e-closed'><svg aria-hidden=\"true\" class=\"e-font-icon-svg e-fas-plus-circle\" viewBox=\"0 0 512 512\" xmlns=\"http:\/\/www.w3.org\/2000\/svg\"><path d=\"M256 8C119 8 8 119 8 256s111 248 248 248 248-111 248-248S393 8 256 8zm144 276c0 6.6-5.4 12-12 12h-92v92c0 6.6-5.4 12-12 12h-56c-6.6 0-12-5.4-12-12v-92h-92c-6.6 0-12-5.4-12-12v-56c0-6.6 5.4-12 12-12h92v-92c0-6.6 5.4-12 12-12h56c6.6 0 12 5.4 12 12v92h92c6.6 0 12 5.4 12 12v56z\"><\/path><\/svg><\/span>\n\t\t<\/span>\n\n\t\t\t\t\t\t<\/summary>\n\t\t\t\t<div role=\"region\" aria-labelledby=\"e-n-accordion-item-2642\" class=\"elementor-element elementor-element-e7eb50c e-con-full e-flex e-con e-child\" data-id=\"e7eb50c\" data-element_type=\"container\" data-e-type=\"container\">\n\t\t\t\t<div class=\"elementor-element elementor-element-42071bc elementor-widget elementor-widget-text-editor\" data-id=\"42071bc\" data-element_type=\"widget\" data-e-type=\"widget\" data-widget_type=\"text-editor.default\">\n\t\t\t\t\t\t\t\t\t<p data-path-to-node=\"7\">Nos v\u00eatements techniques utilisent une technologie textile avanc\u00e9e pour absorber et dissiper la chaleur corporelle. Ils sont id\u00e9aux pour les op\u00e9rateurs dans des environnements de chaleur extr\u00eame (fonderies, fours) ou pour les travaux en ext\u00e9rieur o\u00f9 la climatisation ambiante n\u2019est pas possible. <\/p>\t\t\t\t\t\t\t\t<\/div>\n\t\t\t\t<\/div>\n\t\t\t\t\t<\/details>\n\t\t\t\t\t\t<details id=\"e-n-accordion-item-2643\" class=\"e-n-accordion-item\" >\n\t\t\t\t<summary class=\"e-n-accordion-item-title\" data-accordion-index=\"4\" tabindex=\"-1\" aria-expanded=\"false\" aria-controls=\"e-n-accordion-item-2643\" >\n\t\t\t\t\t<span class='e-n-accordion-item-title-header'><h2 class=\"e-n-accordion-item-title-text\"> Les rafra\u00eechisseurs sont-ils efficaces dans les entrep\u00f4ts ouverts ou sur les terrasses ? <\/h2><\/span>\n\t\t\t\t\t\t\t<span class='e-n-accordion-item-title-icon'>\n\t\t\t<span class='e-opened' ><svg aria-hidden=\"true\" class=\"e-font-icon-svg e-fas-minus-circle\" viewBox=\"0 0 512 512\" xmlns=\"http:\/\/www.w3.org\/2000\/svg\"><path d=\"M256 8C119 8 8 119 8 256s111 248 248 248 248-111 248-248S393 8 256 8zM124 296c-6.6 0-12-5.4-12-12v-56c0-6.6 5.4-12 12-12h264c6.6 0 12 5.4 12 12v56c0 6.6-5.4 12-12 12H124z\"><\/path><\/svg><\/span>\n\t\t\t<span class='e-closed'><svg aria-hidden=\"true\" class=\"e-font-icon-svg e-fas-plus-circle\" viewBox=\"0 0 512 512\" xmlns=\"http:\/\/www.w3.org\/2000\/svg\"><path d=\"M256 8C119 8 8 119 8 256s111 248 248 248 248-111 248-248S393 8 256 8zm144 276c0 6.6-5.4 12-12 12h-92v92c0 6.6-5.4 12-12 12h-56c-6.6 0-12-5.4-12-12v-92h-92c-6.6 0-12-5.4-12-12v-56c0-6.6 5.4-12 12-12h92v-92c0-6.6 5.4-12 12-12h56c6.6 0 12 5.4 12 12v92h92c6.6 0 12 5.4 12 12v56z\"><\/path><\/svg><\/span>\n\t\t<\/span>\n\n\t\t\t\t\t\t<\/summary>\n\t\t\t\t<div role=\"region\" aria-labelledby=\"e-n-accordion-item-2643\" class=\"elementor-element elementor-element-cdf2499 e-con-full e-flex e-con e-child\" data-id=\"cdf2499\" data-element_type=\"container\" data-e-type=\"container\">\n\t\t\t\t<div class=\"elementor-element elementor-element-c5f0b55 elementor-widget elementor-widget-text-editor\" data-id=\"c5f0b55\" data-element_type=\"widget\" data-e-type=\"widget\" data-widget_type=\"text-editor.default\">\n\t\t\t\t\t\t\t\t\t<p data-path-to-node=\"9\">Oui, contrairement \u00e0 la climatisation, les rafra\u00eechisseurs \u00e9vaporatifs offrent des performances optimales dans les espaces ouverts ou ventil\u00e9s, car ils ont besoin de renouveler l\u2019air constamment pour refroidir par \u00e9vaporation de mani\u00e8re naturelle.<\/p>\t\t\t\t\t\t\t\t<\/div>\n\t\t\t\t<\/div>\n\t\t\t\t\t<\/details>\n\t\t\t\t\t\t<details id=\"e-n-accordion-item-2644\" class=\"e-n-accordion-item\" >\n\t\t\t\t<summary class=\"e-n-accordion-item-title\" data-accordion-index=\"5\" tabindex=\"-1\" aria-expanded=\"false\" aria-controls=\"e-n-accordion-item-2644\" >\n\t\t\t\t\t<span class='e-n-accordion-item-title-header'><h2 class=\"e-n-accordion-item-title-text\"> Quel entretien de base les \u00e9quipements de r\u00e9frig\u00e9ration n\u00e9cessitent-ils ? <\/h2><\/span>\n\t\t\t\t\t\t\t<span class='e-n-accordion-item-title-icon'>\n\t\t\t<span class='e-opened' ><svg aria-hidden=\"true\" class=\"e-font-icon-svg e-fas-minus-circle\" viewBox=\"0 0 512 512\" xmlns=\"http:\/\/www.w3.org\/2000\/svg\"><path d=\"M256 8C119 8 8 119 8 256s111 248 248 248 248-111 248-248S393 8 256 8zM124 296c-6.6 0-12-5.4-12-12v-56c0-6.6 5.4-12 12-12h264c6.6 0 12 5.4 12 12v56c0 6.6-5.4 12-12 12H124z\"><\/path><\/svg><\/span>\n\t\t\t<span class='e-closed'><svg aria-hidden=\"true\" class=\"e-font-icon-svg e-fas-plus-circle\" viewBox=\"0 0 512 512\" xmlns=\"http:\/\/www.w3.org\/2000\/svg\"><path d=\"M256 8C119 8 8 119 8 256s111 248 248 248 248-111 248-248S393 8 256 8zm144 276c0 6.6-5.4 12-12 12h-92v92c0 6.6-5.4 12-12 12h-56c-6.6 0-12-5.4-12-12v-92h-92c-6.6 0-12-5.4-12-12v-56c0-6.6 5.4-12 12-12h92v-92c0-6.6 5.4-12 12-12h56c6.6 0 12 5.4 12 12v92h92c6.6 0 12 5.4 12 12v56z\"><\/path><\/svg><\/span>\n\t\t<\/span>\n\n\t\t\t\t\t\t<\/summary>\n\t\t\t\t<div role=\"region\" aria-labelledby=\"e-n-accordion-item-2644\" class=\"elementor-element elementor-element-6a0a46e e-con-full e-flex e-con e-child\" data-id=\"6a0a46e\" data-element_type=\"container\" data-e-type=\"container\">\n\t\t\t\t<div class=\"elementor-element elementor-element-8816e3e elementor-widget elementor-widget-text-editor\" data-id=\"8816e3e\" data-element_type=\"widget\" data-e-type=\"widget\" data-widget_type=\"text-editor.default\">\n\t\t\t\t\t\t\t\t\tL\u2019entretien est minimal mais important : il repose principalement sur le nettoyage p\u00e9riodique du r\u00e9servoir d\u2019eau et des filtres ou panneaux pour \u00e9viter l\u2019accumulation de calcaire et garantir un air toujours frais et hygi\u00e9nique.\t\t\t\t\t\t\t\t<\/div>\n\t\t\t\t<\/div>\n\t\t\t\t\t<\/details>\n\t\t\t\t\t\t<details id=\"e-n-accordion-item-2645\" class=\"e-n-accordion-item\" >\n\t\t\t\t<summary class=\"e-n-accordion-item-title\" data-accordion-index=\"6\" tabindex=\"-1\" aria-expanded=\"false\" aria-controls=\"e-n-accordion-item-2645\" >\n\t\t\t\t\t<span class='e-n-accordion-item-title-header'><h2 class=\"e-n-accordion-item-title-text\"> Effectuez-vous des livraisons d\u2019\u00e9quipements industriels dans toute l\u2019Espagne ? <\/h2><\/span>\n\t\t\t\t\t\t\t<span class='e-n-accordion-item-title-icon'>\n\t\t\t<span class='e-opened' ><svg aria-hidden=\"true\" class=\"e-font-icon-svg e-fas-minus-circle\" viewBox=\"0 0 512 512\" xmlns=\"http:\/\/www.w3.org\/2000\/svg\"><path d=\"M256 8C119 8 8 119 8 256s111 248 248 248 248-111 248-248S393 8 256 8zM124 296c-6.6 0-12-5.4-12-12v-56c0-6.6 5.4-12 12-12h264c6.6 0 12 5.4 12 12v56c0 6.6-5.4 12-12 12H124z\"><\/path><\/svg><\/span>\n\t\t\t<span class='e-closed'><svg aria-hidden=\"true\" class=\"e-font-icon-svg e-fas-plus-circle\" viewBox=\"0 0 512 512\" xmlns=\"http:\/\/www.w3.org\/2000\/svg\"><path d=\"M256 8C119 8 8 119 8 256s111 248 248 248 248-111 248-248S393 8 256 8zm144 276c0 6.6-5.4 12-12 12h-92v92c0 6.6-5.4 12-12 12h-56c-6.6 0-12-5.4-12-12v-92h-92c-6.6 0-12-5.4-12-12v-56c0-6.6 5.4-12 12-12h92v-92c0-6.6 5.4-12 12-12h56c6.6 0 12 5.4 12 12v92h92c6.6 0 12 5.4 12 12v56z\"><\/path><\/svg><\/span>\n\t\t<\/span>\n\n\t\t\t\t\t\t<\/summary>\n\t\t\t\t<div role=\"region\" aria-labelledby=\"e-n-accordion-item-2645\" class=\"elementor-element elementor-element-4da5b64 e-con-full e-flex e-con e-child\" data-id=\"4da5b64\" data-element_type=\"container\" data-e-type=\"container\">\n\t\t\t\t<div class=\"elementor-element elementor-element-db164b6 elementor-widget elementor-widget-text-editor\" data-id=\"db164b6\" data-element_type=\"widget\" data-e-type=\"widget\" data-widget_type=\"text-editor.default\">\n\t\t\t\t\t\t\t\t\tOui, nous g\u00e9rons des envois sp\u00e9cialis\u00e9s pour les machines de gros volume avec une livraison en 24\/72h pour les produits en stock. Tous les \u00e9quipements sont exp\u00e9di\u00e9s prot\u00e9g\u00e9s et sur palettes pour garantir qu\u2019ils arrivent en parfait \u00e9tat. \t\t\t\t\t\t\t\t<\/div>\n\t\t\t\t<\/div>\n\t\t\t\t\t<\/details>\n\t\t\t\t\t<\/div>\n\t\t\t\t\t\t<\/div>\n\t\t\t\t<\/div>\n\t\t\t\t\t<\/div>\n\t\t\t\t<\/div>\n\t\t\t\t<\/div>\n\t\t","protected":false},"excerpt":{"rendered":"<p>Centre de support Questions fr\u00e9quentes Trouvez des r\u00e9ponses rapides sur le fonctionnement, la maintenance et la logistique de nos \u00e9quipements. [&hellip;]<\/p>\n","protected":false},"author":1,"featured_media":0,"parent":0,"menu_order":0,"comment_status":"closed","ping_status":"closed","template":"elementor_header_footer","meta":{"_acf_changed":false,"site-sidebar-layout":"no-sidebar","site-content-layout":"","ast-site-content-layout":"full-width-container","site-content-style":"default","site-sidebar-style":"default","ast-global-header-display":"","ast-banner-title-visibility":"","ast-main-header-display":"","ast-hfb-above-header-display":"","ast-hfb-below-header-display":"","ast-hfb-mobile-header-display":"","site-post-title":"","ast-breadcrumbs-content":"","ast-featured-img":"disabled","footer-sml-layout":"","ast-disable-related-posts":"","theme-transparent-header-meta":"default","adv-header-id-meta":"","stick-header-meta":"","header-above-stick-meta":"","header-main-stick-meta":"","header-below-stick-meta":"","astra-migrate-meta-layouts":"default","ast-page-background-enabled":"default","ast-page-background-meta":{"desktop":{"background-color":"var(--ast-global-color-5)","background-image":"","background-repeat":"repeat","background-position":"center center","background-size":"auto","background-attachment":"scroll","background-type":"","background-media":"","overlay-type":"","overlay-color":"","overlay-opacity":"","overlay-gradient":""},"tablet":{"background-color":"","background-image":"","background-repeat":"repeat","background-position":"center center","background-size":"auto","background-attachment":"scroll","background-type":"","background-media":"","overlay-type":"","overlay-color":"","overlay-opacity":"","overlay-gradient":""},"mobile":{"background-color":"","background-image":"","background-repeat":"repeat","background-position":"center center","background-size":"auto","background-attachment":"scroll","background-type":"","background-media":"","overlay-type":"","overlay-color":"","overlay-opacity":"","overlay-gradient":""}},"ast-content-background-meta":{"desktop":{"background-color":"var(--ast-global-color-4)","background-image":"","background-repeat":"repeat","background-position":"center center","background-size":"auto","background-attachment":"scroll","background-type":"","background-media":"","overlay-type":"","overlay-color":"","overlay-opacity":"","overlay-gradient":""},"tablet":{"background-color":"var(--ast-global-color-4)","background-image":"","background-repeat":"repeat","background-position":"center center","background-size":"auto","background-attachment":"scroll","background-type":"","background-media":"","overlay-type":"","overlay-color":"","overlay-opacity":"","overlay-gradient":""},"mobile":{"background-color":"var(--ast-global-color-4)","background-image":"","background-repeat":"repeat","background-position":"center center","background-size":"auto","background-attachment":"scroll","background-type":"","background-media":"","overlay-type":"","overlay-color":"","overlay-opacity":"","overlay-gradient":""}},"footnotes":""},"class_list":["post-5083","page","type-page","status-publish","hentry"],"acf":[],"_links":{"self":[{"href":"https:\/\/blizzcool.es\/fr\/wp-json\/wp\/v2\/pages\/5083","targetHints":{"allow":["GET"]}}],"collection":[{"href":"https:\/\/blizzcool.es\/fr\/wp-json\/wp\/v2\/pages"}],"about":[{"href":"https:\/\/blizzcool.es\/fr\/wp-json\/wp\/v2\/types\/page"}],"author":[{"embeddable":true,"href":"https:\/\/blizzcool.es\/fr\/wp-json\/wp\/v2\/users\/1"}],"replies":[{"embeddable":true,"href":"https:\/\/blizzcool.es\/fr\/wp-json\/wp\/v2\/comments?post=5083"}],"version-history":[{"count":0,"href":"https:\/\/blizzcool.es\/fr\/wp-json\/wp\/v2\/pages\/5083\/revisions"}],"wp:attachment":[{"href":"https:\/\/blizzcool.es\/fr\/wp-json\/wp\/v2\/media?parent=5083"}],"curies":[{"name":"wp","href":"https:\/\/api.w.org\/{rel}","templated":true}]}}