{"id":4845,"date":"2025-12-30T09:51:40","date_gmt":"2025-12-30T09:51:40","guid":{"rendered":"https:\/\/blizzcool.es\/politique-de-confidentialite\/"},"modified":"2026-04-27T08:24:14","modified_gmt":"2026-04-27T08:24:14","slug":"politique-de-confidentialite","status":"publish","type":"page","link":"https:\/\/blizzcool.es\/fr\/politique-de-confidentialite\/","title":{"rendered":"Politique de confidentialit\u00e9"},"content":{"rendered":"\t\t<div data-elementor-type=\"wp-page\" data-elementor-id=\"4845\" class=\"elementor elementor-4845 elementor-722\" data-elementor-post-type=\"page\">\n\t\t\t\t<div class=\"elementor-element elementor-element-68b8d6e e-flex e-con-boxed e-con e-parent\" data-id=\"68b8d6e\" data-element_type=\"container\" data-e-type=\"container\">\n\t\t\t\t\t<div class=\"e-con-inner\">\n\t\t\t\t<div class=\"elementor-element elementor-element-062599e elementor-widget elementor-widget-heading\" data-id=\"062599e\" data-element_type=\"widget\" data-e-type=\"widget\" data-widget_type=\"heading.default\">\n\t\t\t\t\t<h1 class=\"elementor-heading-title elementor-size-default\">POLITIQUE DE CONFIDENTIALIT\u00c9 \u2013 BLIZZCOOL<\/h1>\t\t\t\t<\/div>\n\t\t\t\t<div class=\"elementor-element elementor-element-bc7316e elementor-widget__width-inherit elementor-widget-mobile__width-inherit elementor-widget elementor-widget-text-editor\" data-id=\"bc7316e\" data-element_type=\"widget\" data-e-type=\"widget\" data-widget_type=\"text-editor.default\">\n\t\t\t\t\t\t\t\t\t<p data-start=\"3948\" data-end=\"3994\"><strong data-start=\"3948\" data-end=\"3973\">Derni\u00e8re mise \u00e0 jour :<\/strong> 3 f\u00e9vrier 2026<\/p>\t\t\t\t\t\t\t\t<\/div>\n\t\t<div class=\"elementor-element elementor-element-14ec5b3 e-con-full e-flex e-con e-child\" data-id=\"14ec5b3\" data-element_type=\"container\" data-e-type=\"container\">\n\t\t\t\t<div class=\"elementor-element elementor-element-0f3a292 elementor-widget elementor-widget-heading\" data-id=\"0f3a292\" data-element_type=\"widget\" data-e-type=\"widget\" data-widget_type=\"heading.default\">\n\t\t\t\t\t<h3 class=\"elementor-heading-title elementor-size-default\">1. Responsable du traitement<\/h3>\t\t\t\t<\/div>\n\t\t\t\t<div class=\"elementor-element elementor-element-7224389 elementor-widget__width-inherit elementor-widget-mobile__width-inherit elementor-widget elementor-widget-text-editor\" data-id=\"7224389\" data-element_type=\"widget\" data-e-type=\"widget\" data-widget_type=\"text-editor.default\">\n\t\t\t\t\t\t\t\t\t<p>Conform\u00e9ment au R\u00e8glement (UE) 2016\/679 (RGPD) et \u00e0 la Loi Organique 3\/2018 (LOPDGDD), les utilisateurs sont inform\u00e9s que les donn\u00e9es personnelles collect\u00e9es via le site web <strong data-start=\"655\" data-end=\"668\">Blizzcool<\/strong> seront trait\u00e9es par :<\/p>\n<ul>\n<li data-start=\"690\" data-end=\"728\"><strong data-start=\"692\" data-end=\"708\">Responsable :<\/strong> Tools Place, S.L.<\/li>\n<li data-start=\"729\" data-end=\"763\"><strong data-start=\"731\" data-end=\"751\">Marque commerciale :<\/strong> Blizzcool<\/li>\n<li data-start=\"764\" data-end=\"786\"><strong data-start=\"766\" data-end=\"774\">N\u00b0 TVA intracommunautaire :<\/strong> B42669192<\/li>\n<li data-start=\"787\" data-end=\"865\"><strong data-start=\"789\" data-end=\"803\">Activit\u00e9 :<\/strong> 4791 \u2013 Commerce de d\u00e9tail par correspondance ou via Internet<\/li>\n<li data-start=\"866\" data-end=\"948\"><strong data-start=\"868\" data-end=\"889\">Si\u00e8ge social :<\/strong> Carrer Segorbe, 38, P. I. Carr\u00fas, 03206 Elche (Alicante)<\/li>\n<li data-start=\"949\" data-end=\"1037\"><strong data-start=\"951\" data-end=\"986\">Adresse e-mail de contact :<\/strong><br><ul data-start=\"991\" data-end=\"1037\">\n<li data-start=\"991\" data-end=\"1013\"><a class=\"decorated-link cursor-pointer\" rel=\"noopener\" data-start=\"993\" data-end=\"1011\">info@toolsplace.es<\/a><\/li>\n<li data-start=\"1016\" data-end=\"1037\"><a class=\"decorated-link cursor-pointer\" rel=\"noopener\" data-start=\"1018\" data-end=\"1035\">info@blizzcool.es<\/a><\/li>\n<\/ul>\n<\/li>\n<\/ul>\t\t\t\t\t\t\t\t<\/div>\n\t\t\t\t<\/div>\n\t\t<div class=\"elementor-element elementor-element-5e7ccf6 e-con-full e-flex e-con e-child\" data-id=\"5e7ccf6\" data-element_type=\"container\" data-e-type=\"container\">\n\t\t\t\t<div class=\"elementor-element elementor-element-7fa43d0 elementor-widget elementor-widget-heading\" data-id=\"7fa43d0\" data-element_type=\"widget\" data-e-type=\"widget\" data-widget_type=\"heading.default\">\n\t\t\t\t\t<h3 class=\"elementor-heading-title elementor-size-default\">2. Donn\u00e9es personnelles trait\u00e9es<\/h3>\t\t\t\t<\/div>\n\t\t\t\t<div class=\"elementor-element elementor-element-1002d22 elementor-widget__width-inherit elementor-widget-mobile__width-inherit elementor-widget elementor-widget-text-editor\" data-id=\"1002d22\" data-element_type=\"widget\" data-e-type=\"widget\" data-widget_type=\"text-editor.default\">\n\t\t\t\t\t\t\t\t\t<p>Les donn\u00e9es personnelles suivantes peuvent \u00eatre collect\u00e9es via le site web, en fonction de l\u2019interaction de l\u2019utilisateur :<\/p><ul data-start=\"1194\" data-end=\"1402\"><li data-start=\"1194\" data-end=\"1216\">Nom et pr\u00e9nom<\/li><li data-start=\"1217\" data-end=\"1252\">Adresse e-mail<\/li><li data-start=\"1253\" data-end=\"1275\">Num\u00e9ro de t\u00e9l\u00e9phone<\/li><li data-start=\"1276\" data-end=\"1287\">Entreprise<\/li><li data-start=\"1288\" data-end=\"1308\">Adresse postale<\/li><li data-start=\"1309\" data-end=\"1333\">Donn\u00e9es de facturation<\/li><li data-start=\"1334\" data-end=\"1402\">Donn\u00e9es n\u00e9cessaires \u00e0 la gestion des commandes et des comptes utilisateurs<\/li><\/ul><p>Aucune donn\u00e9e particuli\u00e8rement prot\u00e9g\u00e9e n\u2019est trait\u00e9e.<\/p>\t\t\t\t\t\t\t\t<\/div>\n\t\t\t\t<\/div>\n\t\t<div class=\"elementor-element elementor-element-422599c e-con-full e-flex e-con e-child\" data-id=\"422599c\" data-element_type=\"container\" data-e-type=\"container\">\n\t\t\t\t<div class=\"elementor-element elementor-element-31dfc1a elementor-widget elementor-widget-heading\" data-id=\"31dfc1a\" data-element_type=\"widget\" data-e-type=\"widget\" data-widget_type=\"heading.default\">\n\t\t\t\t\t<h3 class=\"elementor-heading-title elementor-size-default\">3. Finalit\u00e9s du traitement<\/h3>\t\t\t\t<\/div>\n\t\t\t\t<div class=\"elementor-element elementor-element-7e07772 elementor-widget__width-inherit elementor-widget-mobile__width-inherit elementor-widget elementor-widget-text-editor\" data-id=\"7e07772\" data-element_type=\"widget\" data-e-type=\"widget\" data-widget_type=\"text-editor.default\">\n\t\t\t\t\t\t\t\t\t<p>Les donn\u00e9es personnelles seront trait\u00e9es aux finalit\u00e9s suivantes :<\/p><ul data-start=\"1559\" data-end=\"2219\"><li data-start=\"1559\" data-end=\"1690\"><strong data-start=\"1561\" data-end=\"1609\">Gestion des clients et ex\u00e9cution des contrats<\/strong>, y compris le traitement des commandes, la facturation, les encaissements et le service apr\u00e8s-vente.<\/li><li data-start=\"1691\" data-end=\"1816\"><strong data-start=\"1693\" data-end=\"1747\">Traitement des demandes et requ\u00eates d\u2019informations<\/strong> effectu\u00e9es via les formulaires de contact ou par e-mail.<\/li><li data-start=\"1817\" data-end=\"1893\"><strong data-start=\"1819\" data-end=\"1855\">Gestion de l\u2019enregistrement des utilisateurs<\/strong> et de l\u2019acc\u00e8s \u00e0 l\u2019espace priv\u00e9 des clients.<\/li><li data-start=\"1894\" data-end=\"2001\"><strong data-start=\"1896\" data-end=\"1949\">Envoi de communications commerciales et de newsletters<\/strong>, lorsque l\u2019utilisateur a donn\u00e9 son consentement.<\/li><li data-start=\"2002\" data-end=\"2103\"><strong data-start=\"2004\" data-end=\"2044\">Respect des obligations l\u00e9gales<\/strong>, fiscales et comptables d\u00e9coulant de l\u2019activit\u00e9 commerciale.<\/li><li data-start=\"2104\" data-end=\"2219\"><strong data-start=\"2106\" data-end=\"2140\">Analyse de l\u2019utilisation du site web<\/strong>, \u00e0 des fins statistiques et d\u2019am\u00e9lioration du service, au moyen de cookies analytiques.<\/li><\/ul>\t\t\t\t\t\t\t\t<\/div>\n\t\t\t\t<\/div>\n\t\t<div class=\"elementor-element elementor-element-1d19346 e-con-full e-flex e-con e-child\" data-id=\"1d19346\" data-element_type=\"container\" data-e-type=\"container\">\n\t\t\t\t<div class=\"elementor-element elementor-element-9a20a6e elementor-widget elementor-widget-heading\" data-id=\"9a20a6e\" data-element_type=\"widget\" data-e-type=\"widget\" data-widget_type=\"heading.default\">\n\t\t\t\t\t<h3 class=\"elementor-heading-title elementor-size-default\">4. Base juridique du traitement<\/h3>\t\t\t\t<\/div>\n\t\t\t\t<div class=\"elementor-element elementor-element-a9a8c41 elementor-widget__width-inherit elementor-widget-mobile__width-inherit elementor-widget elementor-widget-text-editor\" data-id=\"a9a8c41\" data-element_type=\"widget\" data-e-type=\"widget\" data-widget_type=\"text-editor.default\">\n\t\t\t\t\t\t\t\t\t<p>Le traitement des donn\u00e9es personnelles est bas\u00e9 sur :<\/p><ul data-start=\"2315\" data-end=\"2676\"><li data-start=\"2315\" data-end=\"2393\"><strong data-start=\"2317\" data-end=\"2348\">L\u2019ex\u00e9cution d\u2019un contrat<\/strong> ou l\u2019application de mesures pr\u00e9contractuelles.<\/li><li data-start=\"2394\" data-end=\"2483\"><strong data-start=\"2396\" data-end=\"2437\">Le consentement expr\u00e8s de l\u2019utilisateur<\/strong>, pour des finalit\u00e9s commerciales ou de marketing.<\/li><li data-start=\"2484\" data-end=\"2572\"><strong data-start=\"2486\" data-end=\"2529\">Le respect des obligations l\u00e9gales<\/strong> applicables au responsable du traitement.<\/li><li data-start=\"2573\" data-end=\"2676\"><strong data-start=\"2575\" data-end=\"2598\">L\u2019int\u00e9r\u00eat l\u00e9gitime<\/strong> du responsable pour l\u2019am\u00e9lioration de ses services et la s\u00e9curit\u00e9 du site web.<\/li><\/ul><p>Le consentement pourra \u00eatre retir\u00e9 \u00e0 tout moment, sans que cela n\u2019affecte la lic\u00e9it\u00e9 du traitement pr\u00e9alable.<\/p>\t\t\t\t\t\t\t\t<\/div>\n\t\t\t\t<\/div>\n\t\t<div class=\"elementor-element elementor-element-fd4f3ec e-con-full e-flex e-con e-child\" data-id=\"fd4f3ec\" data-element_type=\"container\" data-e-type=\"container\">\n\t\t\t\t<div class=\"elementor-element elementor-element-36eafd2 elementor-widget elementor-widget-heading\" data-id=\"36eafd2\" data-element_type=\"widget\" data-e-type=\"widget\" data-widget_type=\"heading.default\">\n\t\t\t\t\t<h3 class=\"elementor-heading-title elementor-size-default\">5. Dur\u00e9e de conservation des donn\u00e9es<\/h3>\t\t\t\t<\/div>\n\t\t\t\t<div class=\"elementor-element elementor-element-7afe4a7 elementor-widget__width-inherit elementor-widget-mobile__width-inherit elementor-widget elementor-widget-text-editor\" data-id=\"7afe4a7\" data-element_type=\"widget\" data-e-type=\"widget\" data-widget_type=\"text-editor.default\">\n\t\t\t\t\t\t\t\t\t<p>Les donn\u00e9es personnelles seront conserv\u00e9es pendant les <strong data-start=\"2887\" data-end=\"2924\">dur\u00e9es l\u00e9gales minimales n\u00e9cessaires<\/strong>, en fonction de la finalit\u00e9 du traitement :<\/p><ul data-start=\"2971\" data-end=\"3411\"><li data-start=\"2971\" data-end=\"3117\"><strong data-start=\"2973\" data-end=\"2995\">Donn\u00e9es clients :<\/strong> pendant la dur\u00e9e de la relation contractuelle et, par la suite, pendant les d\u00e9lais exig\u00e9s par la r\u00e9glementation fiscale et commerciale.<\/li><li data-start=\"3118\" data-end=\"3192\"><strong data-start=\"3120\" data-end=\"3154\">Donn\u00e9es des utilisateurs enregistr\u00e9s :<\/strong> tant que le compte reste actif.<\/li><li data-start=\"3193\" data-end=\"3284\"><strong data-start=\"3195\" data-end=\"3237\">Donn\u00e9es pour les communications commerciales :<\/strong> jusqu\u2019\u00e0 ce que l\u2019utilisateur retire son consentement.<\/li><li data-start=\"3285\" data-end=\"3411\"><strong data-start=\"3287\" data-end=\"3321\">Donn\u00e9es de contact et de requ\u00eates :<\/strong> pendant le temps n\u00e9cessaire pour r\u00e9pondre \u00e0 la demande et effectuer des suivis raisonnables.<\/li><\/ul><p>Une fois ces d\u00e9lais \u00e9coul\u00e9s, les donn\u00e9es seront supprim\u00e9es de mani\u00e8re s\u00e9curis\u00e9e.<\/p>\t\t\t\t\t\t\t\t<\/div>\n\t\t\t\t<\/div>\n\t\t<div class=\"elementor-element elementor-element-98d640a e-con-full e-flex e-con e-child\" data-id=\"98d640a\" data-element_type=\"container\" data-e-type=\"container\">\n\t\t\t\t<div class=\"elementor-element elementor-element-96124c7 elementor-widget elementor-widget-heading\" data-id=\"96124c7\" data-element_type=\"widget\" data-e-type=\"widget\" data-widget_type=\"heading.default\">\n\t\t\t\t\t<h3 class=\"elementor-heading-title elementor-size-default\">6. Destinataires des donn\u00e9es<\/h3>\t\t\t\t<\/div>\n\t\t\t\t<div class=\"elementor-element elementor-element-de59e1c elementor-widget__width-inherit elementor-widget-mobile__width-inherit elementor-widget elementor-widget-text-editor\" data-id=\"de59e1c\" data-element_type=\"widget\" data-e-type=\"widget\" data-widget_type=\"text-editor.default\">\n\t\t\t\t\t\t\t\t\t<p>Les donn\u00e9es personnelles ne seront pas c\u00e9d\u00e9es \u00e0 des tiers, sauf :<\/p><ul data-start=\"3587\" data-end=\"3855\"><li data-start=\"3587\" data-end=\"3660\">Obligation l\u00e9gale envers les Administrations Publiques, les Tribunaux ou les Cours.<\/li><li data-start=\"3661\" data-end=\"3855\">Fournisseurs de services n\u00e9cessaires au fonctionnement de l\u2019activit\u00e9, agissant en tant que <strong data-start=\"3755\" data-end=\"3785\">sous-traitants<\/strong>, avec les contrats correspondants conform\u00e9ment \u00e0 l\u2019article 28 du RGPD.<\/li><\/ul>\t\t\t\t\t\t\t\t<\/div>\n\t\t\t\t<\/div>\n\t\t<div class=\"elementor-element elementor-element-7e5af3e e-con-full e-flex e-con e-child\" data-id=\"7e5af3e\" data-element_type=\"container\" data-e-type=\"container\">\n\t\t\t\t<div class=\"elementor-element elementor-element-75eabec elementor-widget elementor-widget-heading\" data-id=\"75eabec\" data-element_type=\"widget\" data-e-type=\"widget\" data-widget_type=\"heading.default\">\n\t\t\t\t\t<h3 class=\"elementor-heading-title elementor-size-default\">7. Transferts internationaux de donn\u00e9es<\/h3>\t\t\t\t<\/div>\n\t\t\t\t<div class=\"elementor-element elementor-element-ba1fe49 elementor-widget__width-inherit elementor-widget-mobile__width-inherit elementor-widget elementor-widget-text-editor\" data-id=\"ba1fe49\" data-element_type=\"widget\" data-e-type=\"widget\" data-widget_type=\"text-editor.default\">\n\t\t\t\t\t\t\t\t\t<p data-start=\"1625\" data-end=\"1740\">En r\u00e8gle g\u00e9n\u00e9rale, aucun transfert international de donn\u00e9es n\u2019est effectu\u00e9 en dehors de l\u2019Espace \u00c9conomique Europ\u00e9en.<\/p><p data-start=\"1747\" data-end=\"1999\">Cependant, l\u2019utilisation d\u2019outils tiers tels que <strong data-start=\"1800\" data-end=\"1820\">Google Analytics<\/strong> peut impliquer des transferts internationaux de donn\u00e9es, qui sont r\u00e9alis\u00e9s conform\u00e9ment aux m\u00e9canismes de garantie pr\u00e9vus par la r\u00e9glementation en vigueur en mati\u00e8re de protection des donn\u00e9es.<\/p>\t\t\t\t\t\t\t\t<\/div>\n\t\t\t\t<\/div>\n\t\t<div class=\"elementor-element elementor-element-6bcd49e e-con-full e-flex e-con e-child\" data-id=\"6bcd49e\" data-element_type=\"container\" data-e-type=\"container\">\n\t\t\t\t<div class=\"elementor-element elementor-element-bc633a9 elementor-widget elementor-widget-heading\" data-id=\"bc633a9\" data-element_type=\"widget\" data-e-type=\"widget\" data-widget_type=\"heading.default\">\n\t\t\t\t\t<h3 class=\"elementor-heading-title elementor-size-default\">8. Mesures de s\u00e9curit\u00e9<\/h3>\t\t\t\t<\/div>\n\t\t\t\t<div class=\"elementor-element elementor-element-180a116 elementor-widget__width-inherit elementor-widget-mobile__width-inherit elementor-widget elementor-widget-text-editor\" data-id=\"180a116\" data-element_type=\"widget\" data-e-type=\"widget\" data-widget_type=\"text-editor.default\">\n\t\t\t\t\t\t\t\t\t<p>Tools Place, S.L. applique les <strong data-start=\"4189\" data-end=\"4236\">mesures techniques et organisationnelles n\u00e9cessaires<\/strong> pour garantir la s\u00e9curit\u00e9, la confidentialit\u00e9, l\u2019int\u00e9grit\u00e9 et la disponibilit\u00e9 des donn\u00e9es personnelles, \u00e9vitant leur alt\u00e9ration, perte, traitement ou acc\u00e8s non autoris\u00e9.<\/p>\t\t\t\t\t\t\t\t<\/div>\n\t\t\t\t<\/div>\n\t\t<div class=\"elementor-element elementor-element-7768162 e-con-full e-flex e-con e-child\" data-id=\"7768162\" data-element_type=\"container\" data-e-type=\"container\">\n\t\t\t\t<div class=\"elementor-element elementor-element-47face3 elementor-widget elementor-widget-heading\" data-id=\"47face3\" data-element_type=\"widget\" data-e-type=\"widget\" data-widget_type=\"heading.default\">\n\t\t\t\t\t<h3 class=\"elementor-heading-title elementor-size-default\">9. Droits des utilisateurs<\/h3>\t\t\t\t<\/div>\n\t\t\t\t<div class=\"elementor-element elementor-element-8b8c656 elementor-widget__width-inherit elementor-widget-mobile__width-inherit elementor-widget elementor-widget-text-editor\" data-id=\"8b8c656\" data-element_type=\"widget\" data-e-type=\"widget\" data-widget_type=\"text-editor.default\">\n\t\t\t\t\t\t\t\t\t<p>L\u2019utilisateur peut exercer \u00e0 tout moment les droits suivants :<\/p><ul data-start=\"4517\" data-end=\"4666\"><li data-start=\"4517\" data-end=\"4527\">Acc\u00e8s<\/li><li data-start=\"4528\" data-end=\"4545\">Rectification<\/li><li data-start=\"4546\" data-end=\"4559\">Suppression<\/li><li data-start=\"4560\" data-end=\"4573\">Opposition<\/li><li data-start=\"4574\" data-end=\"4604\">Limitation du traitement<\/li><li data-start=\"4605\" data-end=\"4634\">Portabilit\u00e9 des donn\u00e9es<\/li><li data-start=\"4635\" data-end=\"4666\">Retrait du consentement<\/li><\/ul><p>Pour exercer ces droits, vous pouvez envoyer une demande \u00e9crite \u00e0 :<\/p><ul data-start=\"4735\" data-end=\"4783\"><li data-start=\"4735\" data-end=\"4783\"><strong data-start=\"4737\" data-end=\"4759\"><a class=\"decorated-link cursor-pointer\" rel=\"noopener\" data-start=\"4739\" data-end=\"4757\">info@toolsplace.es<\/a><\/strong> ou <strong data-start=\"4762\" data-end=\"4783\"><a class=\"decorated-link cursor-pointer\" rel=\"noopener\" data-start=\"4764\" data-end=\"4781\">info@blizzcool.es<\/a><\/strong><\/li><\/ul><p>De m\u00eame, vous avez le droit de d\u00e9poser une r\u00e9clamation aupr\u00e8s de l\u2019<strong data-start=\"4845\" data-end=\"4902\">Agence Espagnole de Protection des Donn\u00e9es (<a class=\"decorated-link\" href=\"http:\/\/www.aepd.es\" target=\"_new\" rel=\"noopener nofollow\" data-start=\"4888\" data-end=\"4899\">www.aepd.es<\/a>)<\/strong> si vous estimez que vos droits ont \u00e9t\u00e9 viol\u00e9s.<\/p>\t\t\t\t\t\t\t\t<\/div>\n\t\t\t\t<\/div>\n\t\t<div class=\"elementor-element elementor-element-8eeeb13 e-con-full e-flex e-con e-child\" data-id=\"8eeeb13\" data-element_type=\"container\" data-e-type=\"container\">\n\t\t\t\t<div class=\"elementor-element elementor-element-3e0844e elementor-widget elementor-widget-heading\" data-id=\"3e0844e\" data-element_type=\"widget\" data-e-type=\"widget\" data-widget_type=\"heading.default\">\n\t\t\t\t\t<h3 class=\"elementor-heading-title elementor-size-default\">10. Politique de cookies<\/h3>\t\t\t\t<\/div>\n\t\t\t\t<div class=\"elementor-element elementor-element-48ea7ac elementor-widget__width-inherit elementor-widget-mobile__width-inherit elementor-widget elementor-widget-text-editor\" data-id=\"48ea7ac\" data-element_type=\"widget\" data-e-type=\"widget\" data-widget_type=\"text-editor.default\">\n\t\t\t\t\t\t\t\t\t<p>Le site web utilise des cookies techniques et des cookies analytiques. Vous pouvez consulter des informations d\u00e9taill\u00e9es sur leur utilisation dans la <strong data-start=\"5105\" data-end=\"5128\">Politique de Cookies<\/strong>. <\/p>\t\t\t\t\t\t\t\t<\/div>\n\t\t\t\t<\/div>\n\t\t\t\t\t<\/div>\n\t\t\t\t<\/div>\n\t\t\t\t<\/div>\n\t\t","protected":false},"excerpt":{"rendered":"<p>POLITIQUE DE CONFIDENTIALIT\u00c9 \u2013 BLIZZCOOL Derni\u00e8re mise \u00e0 jour : 3 f\u00e9vrier 2026 1. Responsable du traitement Conform\u00e9ment au R\u00e8glement [&hellip;]<\/p>\n","protected":false},"author":1,"featured_media":0,"parent":0,"menu_order":0,"comment_status":"closed","ping_status":"closed","template":"elementor_header_footer","meta":{"_acf_changed":false,"site-sidebar-layout":"no-sidebar","site-content-layout":"","ast-site-content-layout":"full-width-container","site-content-style":"default","site-sidebar-style":"default","ast-global-header-display":"","ast-banner-title-visibility":"","ast-main-header-display":"","ast-hfb-above-header-display":"","ast-hfb-below-header-display":"","ast-hfb-mobile-header-display":"","site-post-title":"","ast-breadcrumbs-content":"","ast-featured-img":"disabled","footer-sml-layout":"","ast-disable-related-posts":"","theme-transparent-header-meta":"default","adv-header-id-meta":"","stick-header-meta":"","header-above-stick-meta":"","header-main-stick-meta":"","header-below-stick-meta":"","astra-migrate-meta-layouts":"default","ast-page-background-enabled":"default","ast-page-background-meta":{"desktop":{"background-color":"var(--ast-global-color-5)","background-image":"","background-repeat":"repeat","background-position":"center center","background-size":"auto","background-attachment":"scroll","background-type":"","background-media":"","overlay-type":"","overlay-color":"","overlay-opacity":"","overlay-gradient":""},"tablet":{"background-color":"","background-image":"","background-repeat":"repeat","background-position":"center center","background-size":"auto","background-attachment":"scroll","background-type":"","background-media":"","overlay-type":"","overlay-color":"","overlay-opacity":"","overlay-gradient":""},"mobile":{"background-color":"","background-image":"","background-repeat":"repeat","background-position":"center center","background-size":"auto","background-attachment":"scroll","background-type":"","background-media":"","overlay-type":"","overlay-color":"","overlay-opacity":"","overlay-gradient":""}},"ast-content-background-meta":{"desktop":{"background-color":"var(--ast-global-color-4)","background-image":"","background-repeat":"repeat","background-position":"center center","background-size":"auto","background-attachment":"scroll","background-type":"","background-media":"","overlay-type":"","overlay-color":"","overlay-opacity":"","overlay-gradient":""},"tablet":{"background-color":"var(--ast-global-color-4)","background-image":"","background-repeat":"repeat","background-position":"center center","background-size":"auto","background-attachment":"scroll","background-type":"","background-media":"","overlay-type":"","overlay-color":"","overlay-opacity":"","overlay-gradient":""},"mobile":{"background-color":"var(--ast-global-color-4)","background-image":"","background-repeat":"repeat","background-position":"center center","background-size":"auto","background-attachment":"scroll","background-type":"","background-media":"","overlay-type":"","overlay-color":"","overlay-opacity":"","overlay-gradient":""}},"footnotes":""},"class_list":["post-4845","page","type-page","status-publish","hentry"],"acf":[],"_links":{"self":[{"href":"https:\/\/blizzcool.es\/fr\/wp-json\/wp\/v2\/pages\/4845","targetHints":{"allow":["GET"]}}],"collection":[{"href":"https:\/\/blizzcool.es\/fr\/wp-json\/wp\/v2\/pages"}],"about":[{"href":"https:\/\/blizzcool.es\/fr\/wp-json\/wp\/v2\/types\/page"}],"author":[{"embeddable":true,"href":"https:\/\/blizzcool.es\/fr\/wp-json\/wp\/v2\/users\/1"}],"replies":[{"embeddable":true,"href":"https:\/\/blizzcool.es\/fr\/wp-json\/wp\/v2\/comments?post=4845"}],"version-history":[{"count":0,"href":"https:\/\/blizzcool.es\/fr\/wp-json\/wp\/v2\/pages\/4845\/revisions"}],"wp:attachment":[{"href":"https:\/\/blizzcool.es\/fr\/wp-json\/wp\/v2\/media?parent=4845"}],"curies":[{"name":"wp","href":"https:\/\/api.w.org\/{rel}","templated":true}]}}