{"id":4623,"date":"2025-12-30T09:51:26","date_gmt":"2025-12-30T09:51:26","guid":{"rendered":"https:\/\/blizzcool.es\/politique-relative-aux-cookies\/"},"modified":"2026-04-27T08:22:39","modified_gmt":"2026-04-27T08:22:39","slug":"politique-relative-aux-cookies","status":"publish","type":"page","link":"https:\/\/blizzcool.es\/fr\/politique-relative-aux-cookies\/","title":{"rendered":"Politique relative aux cookies"},"content":{"rendered":"\t\t<div data-elementor-type=\"wp-page\" data-elementor-id=\"4623\" class=\"elementor elementor-4623 elementor-720\" data-elementor-post-type=\"page\">\n\t\t\t\t<div class=\"elementor-element elementor-element-d439af9 e-flex e-con-boxed e-con e-parent\" data-id=\"d439af9\" data-element_type=\"container\" data-e-type=\"container\">\n\t\t\t\t\t<div class=\"e-con-inner\">\n\t\t\t\t<div class=\"elementor-element elementor-element-1b2d751 elementor-widget elementor-widget-heading\" data-id=\"1b2d751\" data-element_type=\"widget\" data-e-type=\"widget\" data-widget_type=\"heading.default\">\n\t\t\t\t\t<h1 class=\"elementor-heading-title elementor-size-default\">POLITIQUE RELATIVE AUX COOKIES \u2013 BLIZZCOOL<\/h1>\t\t\t\t<\/div>\n\t\t\t\t<div class=\"elementor-element elementor-element-010890a elementor-widget__width-inherit elementor-widget-mobile__width-inherit elementor-widget elementor-widget-text-editor\" data-id=\"010890a\" data-element_type=\"widget\" data-e-type=\"widget\" data-widget_type=\"text-editor.default\">\n\t\t\t\t\t\t\t\t\t<p data-start=\"3948\" data-end=\"3994\"><strong data-start=\"3948\" data-end=\"3973\">Derni\u00e8re mise \u00e0 jour :<\/strong> 3 f\u00e9vrier 2026<\/p>\t\t\t\t\t\t\t\t<\/div>\n\t\t<div class=\"elementor-element elementor-element-0376c1d e-con-full e-flex e-con e-child\" data-id=\"0376c1d\" data-element_type=\"container\" data-e-type=\"container\">\n\t\t\t\t<div class=\"elementor-element elementor-element-19c6099 elementor-widget elementor-widget-heading\" data-id=\"19c6099\" data-element_type=\"widget\" data-e-type=\"widget\" data-widget_type=\"heading.default\">\n\t\t\t\t\t<h3 class=\"elementor-heading-title elementor-size-default\">1. Que sont les cookies ?<\/h3>\t\t\t\t<\/div>\n\t\t\t\t<div class=\"elementor-element elementor-element-ee36a16 elementor-widget__width-inherit elementor-widget-mobile__width-inherit elementor-widget elementor-widget-text-editor\" data-id=\"ee36a16\" data-element_type=\"widget\" data-e-type=\"widget\" data-widget_type=\"text-editor.default\">\n\t\t\t\t\t\t\t\t\t<p>Les cookies sont de petits fichiers texte qui sont t\u00e9l\u00e9charg\u00e9s et stock\u00e9s sur l&rsquo;appareil de l&rsquo;utilisateur lorsqu&rsquo;il acc\u00e8de \u00e0 certaines pages web. Les cookies permettent, entre autres, de stocker et de r\u00e9cup\u00e9rer des informations sur les habitudes de navigation d&rsquo;un utilisateur ou de son \u00e9quipement et, selon les informations qu&rsquo;ils contiennent et la mani\u00e8re dont l&rsquo;appareil est utilis\u00e9, ils peuvent servir \u00e0 reconna\u00eetre l&rsquo;utilisateur. <\/p>\t\t\t\t\t\t\t\t<\/div>\n\t\t\t\t<\/div>\n\t\t<div class=\"elementor-element elementor-element-7116665 e-con-full e-flex e-con e-child\" data-id=\"7116665\" data-element_type=\"container\" data-e-type=\"container\">\n\t\t\t\t<div class=\"elementor-element elementor-element-ea5d82f elementor-widget elementor-widget-heading\" data-id=\"ea5d82f\" data-element_type=\"widget\" data-e-type=\"widget\" data-widget_type=\"heading.default\">\n\t\t\t\t\t<h3 class=\"elementor-heading-title elementor-size-default\">2. Responsable du traitement<\/h3>\t\t\t\t<\/div>\n\t\t\t\t<div class=\"elementor-element elementor-element-d162ada elementor-widget__width-inherit elementor-widget-mobile__width-inherit elementor-widget elementor-widget-text-editor\" data-id=\"d162ada\" data-element_type=\"widget\" data-e-type=\"widget\" data-widget_type=\"text-editor.default\">\n\t\t\t\t\t\t\t\t\t<p>Le responsable du traitement des donn\u00e9es obtenues par le biais des cookies est :<\/p>\n<ul data-start=\"822\" data-end=\"1083\">\n<li data-start=\"822\" data-end=\"860\"><strong data-start=\"824\" data-end=\"840\">Responsable :<\/strong> Tools Place, S.L.<\/li>\n<li data-start=\"861\" data-end=\"895\"><strong data-start=\"863\" data-end=\"883\">Marque commerciale :<\/strong> Blizzcool<\/li>\n<li data-start=\"896\" data-end=\"918\"><strong data-start=\"898\" data-end=\"906\">NIF :<\/strong> B42669192<\/li>\n<li data-start=\"919\" data-end=\"994\"><strong data-start=\"921\" data-end=\"935\">Si\u00e8ge social :<\/strong> Carrer Segorbe, 38, P. I. Carr\u00fas, 03206 Elche (Alicante)<\/li>\n<li data-start=\"995\" data-end=\"1083\"><strong data-start=\"997\" data-end=\"1032\">Adresse \u00e9lectronique de contact :<\/strong><br><ul data-start=\"1037\" data-end=\"1083\">\n<li data-start=\"1037\" data-end=\"1058\"><a class=\"decorated-link cursor-pointer\" rel=\"noopener\" data-start=\"1039\" data-end=\"1056\">info@blizzcool.es<\/a><\/li>\n<li data-start=\"1061\" data-end=\"1083\"><a class=\"decorated-link cursor-pointer\" rel=\"noopener\" data-start=\"1063\" data-end=\"1081\">info@toolsplace.es<\/a><\/li>\n<\/ul>\n<\/li>\n<\/ul>\n<p>Pour plus d&rsquo;informations sur le traitement des donn\u00e9es personnelles, veuillez consulter la <strong data-start=\"1169\" data-end=\"1195\">Politique de confidentialit\u00e9<\/strong> du site web.<\/p>\t\t\t\t\t\t\t\t<\/div>\n\t\t\t\t<\/div>\n\t\t<div class=\"elementor-element elementor-element-cfcc1a6 e-con-full e-flex e-con e-child\" data-id=\"cfcc1a6\" data-element_type=\"container\" data-e-type=\"container\">\n\t\t\t\t<div class=\"elementor-element elementor-element-ca8f89a elementor-widget elementor-widget-heading\" data-id=\"ca8f89a\" data-element_type=\"widget\" data-e-type=\"widget\" data-widget_type=\"heading.default\">\n\t\t\t\t\t<h3 class=\"elementor-heading-title elementor-size-default\">3. Types de cookies utilis\u00e9s sur ce site web<\/h3>\t\t\t\t<\/div>\n\t\t\t\t<div class=\"elementor-element elementor-element-d7e5f93 elementor-widget__width-inherit elementor-widget-mobile__width-inherit elementor-widget elementor-widget-text-editor\" data-id=\"d7e5f93\" data-element_type=\"widget\" data-e-type=\"widget\" data-widget_type=\"text-editor.default\">\n\t\t\t\t\t\t\t\t\t<p>Le site web <strong data-start=\"1283\" data-end=\"1296\">Blizzcool<\/strong> utilise les cat\u00e9gories de cookies suivantes :<\/p><h5 data-start=\"1344\" data-end=\"1408\"><span style=\"text-decoration: underline;\">a) Cookies techniques ou n\u00e9cessaires (exempt\u00e9s de consentement)<\/span><\/h5><p>Il s&rsquo;agit de cookies strictement n\u00e9cessaires au bon fonctionnement du site web et \u00e0 la fourniture des services demand\u00e9s par l&rsquo;utilisateur, tels que la gestion de la session, l&rsquo;acc\u00e8s aux zones priv\u00e9es ou le traitement des commandes.<br data-start=\"1640\" data-end=\"1643\"\/>Ces cookies ne n\u00e9cessitent pas le consentement de l&rsquo;utilisateur.<\/p><h5 data-start=\"1707\" data-end=\"1732\"><u>b) Cookies analytiques<\/u><\/h5><p>Ces cookies permettent de suivre et d&rsquo;analyser le comportement des utilisateurs sur le site web afin d&rsquo;am\u00e9liorer son fonctionnement et l&rsquo;exp\u00e9rience de navigation.<\/p><p>Ce site web utilise <strong data-start=\"1936\" data-end=\"1956\">Google Analytics<\/strong>, un service d&rsquo;analyse web fourni par Google LLC.<\/p><p>Les cookies analytiques :<\/p><ul data-start=\"2037\" data-end=\"2198\"><li data-start=\"2037\" data-end=\"2086\">Permettent de mesurer le trafic et l&rsquo;utilisation du site web<\/li><li data-start=\"2087\" data-end=\"2128\">Collectent des informations de mani\u00e8re agr\u00e9g\u00e9e<\/li><li data-start=\"2129\" data-end=\"2198\">Sont install\u00e9s <strong data-start=\"2143\" data-end=\"2196\">uniquement si l&rsquo;utilisateur donne son consentement<\/strong><\/li><\/ul><h3 data-start=\"1633\" data-end=\"1666\"><strong data-start=\"1637\" data-end=\"1666\">3 bis. Cookies utilis\u00e9s<\/strong><\/h3><p data-start=\"1668\" data-end=\"1714\">Ce site web utilise les cookies suivants :<\/p><h4 data-start=\"1716\" data-end=\"1747\">Cookies techniques (propres)<\/h4><p data-start=\"1748\" data-end=\"1820\">N\u00e9cessaires au fonctionnement du site web et du syst\u00e8me d&rsquo;achat :<\/p><div class=\"TyagGW_tableContainer\"><div class=\"group TyagGW_tableWrapper flex flex-col-reverse w-fit\" tabindex=\"-1\"><table class=\"w-fit min-w-(--thread-content-width)\" data-start=\"1822\" data-end=\"2228\"><thead data-start=\"1822\" data-end=\"1855\"><tr data-start=\"1822\" data-end=\"1855\"><th data-start=\"1822\" data-end=\"1831\" data-col-size=\"sm\">Cookie<\/th><th data-start=\"1831\" data-end=\"1843\" data-col-size=\"sm\">Finalit\u00e9<\/th><th data-start=\"1843\" data-end=\"1855\" data-col-size=\"sm\">Dur\u00e9e<\/th><\/tr><\/thead><tbody data-start=\"1885\" data-end=\"2228\"><tr data-start=\"1885\" data-end=\"1953\"><td data-start=\"1885\" data-end=\"1909\" data-col-size=\"sm\">woocommerce_cart_hash<\/td><td data-col-size=\"sm\" data-start=\"1909\" data-end=\"1943\">G\u00e9rer les modifications du panier<\/td><td data-col-size=\"sm\" data-start=\"1943\" data-end=\"1953\">Session<\/td><\/tr><tr data-start=\"1954\" data-end=\"2028\"><td data-start=\"1954\" data-end=\"1982\" data-col-size=\"sm\">woocommerce_items_in_cart<\/td><td data-col-size=\"sm\" data-start=\"1982\" data-end=\"2018\">Stocker les produits dans le panier<\/td><td data-col-size=\"sm\" data-start=\"2018\" data-end=\"2028\">Session<\/td><\/tr><tr data-start=\"2029\" data-end=\"2099\"><td data-start=\"2029\" data-end=\"2056\" data-col-size=\"sm\">wp_woocommerce_session_*<\/td><td data-col-size=\"sm\" data-start=\"2056\" data-end=\"2089\">Maintenir la session de l&rsquo;utilisateur<\/td><td data-col-size=\"sm\" data-start=\"2089\" data-end=\"2099\">2 jours<\/td><\/tr><tr data-start=\"2100\" data-end=\"2170\"><td data-start=\"2100\" data-end=\"2124\" data-col-size=\"sm\">wordpress_logged_in_*<\/td><td data-col-size=\"sm\" data-start=\"2124\" data-end=\"2160\">Identifier l&rsquo;utilisateur enregistr\u00e9<\/td><td data-col-size=\"sm\" data-start=\"2160\" data-end=\"2170\">Session<\/td><\/tr><tr data-start=\"2171\" data-end=\"2228\"><td data-start=\"2171\" data-end=\"2189\" data-col-size=\"sm\">wordpress_sec_*<\/td><td data-col-size=\"sm\" data-start=\"2189\" data-end=\"2218\">S\u00e9curit\u00e9 de l&rsquo;authentification<\/td><td data-col-size=\"sm\" data-start=\"2218\" data-end=\"2228\">Session<\/td><\/tr><\/tbody><\/table><\/div><\/div><p data-start=\"2230\" data-end=\"2289\">Ces cookies sont n\u00e9cessaires et ne requi\u00e8rent pas de consentement.<\/p><h4 data-start=\"2291\" data-end=\"2325\">Cookies analytiques (tiers)<\/h4><p data-start=\"2326\" data-end=\"2392\">Ce site web utilise des cookies analytiques de <strong data-start=\"2371\" data-end=\"2391\">Google Analytics<\/strong> :<\/p><div class=\"TyagGW_tableContainer\"><div class=\"group TyagGW_tableWrapper flex flex-col-reverse w-fit\" tabindex=\"-1\"><table class=\"w-fit min-w-(--thread-content-width)\" data-start=\"2394\" data-end=\"2597\"><thead data-start=\"2394\" data-end=\"2437\"><tr data-start=\"2394\" data-end=\"2437\"><th data-start=\"2394\" data-end=\"2403\" data-col-size=\"sm\">Cookie<\/th><th data-start=\"2403\" data-end=\"2413\" data-col-size=\"sm\">Titulaire<\/th><th data-start=\"2413\" data-end=\"2425\" data-col-size=\"sm\">Finalit\u00e9<\/th><th data-start=\"2425\" data-end=\"2437\" data-col-size=\"sm\">Dur\u00e9e<\/th><\/tr><\/thead><tbody data-start=\"2479\" data-end=\"2597\"><tr data-start=\"2479\" data-end=\"2536\"><td data-start=\"2479\" data-end=\"2485\" data-col-size=\"sm\">_ga<\/td><td data-col-size=\"sm\" data-start=\"2485\" data-end=\"2504\">Google Analytics<\/td><td data-col-size=\"sm\" data-start=\"2504\" data-end=\"2526\">Distinguer les utilisateurs<\/td><td data-col-size=\"sm\" data-start=\"2526\" data-end=\"2536\">2 ans<\/td><\/tr><tr data-start=\"2537\" data-end=\"2597\"><td data-start=\"2537\" data-end=\"2545\" data-col-size=\"sm\"><em data-start=\"2539\" data-end=\"2543\">_ga_<\/em>*<\/td><td data-col-size=\"sm\" data-start=\"2545\" data-end=\"2564\">Google Analytics<\/td><td data-col-size=\"sm\" data-start=\"2564\" data-end=\"2587\">Analyse des sessions<\/td><td data-col-size=\"sm\" data-start=\"2587\" data-end=\"2597\">2 ans<\/td><\/tr><\/tbody><\/table><\/div><\/div><p data-start=\"2599\" data-end=\"2669\">Ces cookies ne sont install\u00e9s que si l&rsquo;utilisateur donne son consentement.<\/p><p><em><span style=\"text-decoration: underline;\">Le nom exact de certains cookies peut varier en fonction de la version du site web ou des plugins utilis\u00e9s.<\/span><\/em><\/p><p> <\/p>\t\t\t\t\t\t\t\t<\/div>\n\t\t\t\t<\/div>\n\t\t<div class=\"elementor-element elementor-element-ef131db e-con-full e-flex e-con e-child\" data-id=\"ef131db\" data-element_type=\"container\" data-e-type=\"container\">\n\t\t\t\t<div class=\"elementor-element elementor-element-b9fd5ab elementor-widget elementor-widget-heading\" data-id=\"b9fd5ab\" data-element_type=\"widget\" data-e-type=\"widget\" data-widget_type=\"heading.default\">\n\t\t\t\t\t<h3 class=\"elementor-heading-title elementor-size-default\">4. Cookies de tiers<\/h3>\t\t\t\t<\/div>\n\t\t\t\t<div class=\"elementor-element elementor-element-e686b7c elementor-widget__width-inherit elementor-widget-mobile__width-inherit elementor-widget elementor-widget-text-editor\" data-id=\"e686b7c\" data-element_type=\"widget\" data-e-type=\"widget\" data-widget_type=\"text-editor.default\">\n\t\t\t\t\t\t\t\t\t<p>Le site web peut utiliser des cookies de tiers, notamment de <strong data-start=\"2298\" data-end=\"2318\">Google Analytics<\/strong>, dont les serveurs sont g\u00e9r\u00e9s par Google LLC.<\/p><p>Google peut traiter les donn\u00e9es collect\u00e9es conform\u00e9ment \u00e0 ses propres politiques. Pour plus d&rsquo;informations, l&rsquo;utilisateur peut consulter la politique relative aux cookies de Google. <\/p><p>Aucun cookie publicitaire ni cookie \u00e0 des fins de personnalisation commerciale n&rsquo;est utilis\u00e9.<\/p>\t\t\t\t\t\t\t\t<\/div>\n\t\t\t\t<\/div>\n\t\t<div class=\"elementor-element elementor-element-0867aff e-con-full e-flex e-con e-child\" data-id=\"0867aff\" data-element_type=\"container\" data-e-type=\"container\">\n\t\t\t\t<div class=\"elementor-element elementor-element-af97e8e elementor-widget elementor-widget-heading\" data-id=\"af97e8e\" data-element_type=\"widget\" data-e-type=\"widget\" data-widget_type=\"heading.default\">\n\t\t\t\t\t<h3 class=\"elementor-heading-title elementor-size-default\">5. Transferts internationaux de donn\u00e9es<\/h3>\t\t\t\t<\/div>\n\t\t\t\t<div class=\"elementor-element elementor-element-a8041c0 elementor-widget__width-inherit elementor-widget-mobile__width-inherit elementor-widget elementor-widget-text-editor\" data-id=\"a8041c0\" data-element_type=\"widget\" data-e-type=\"widget\" data-widget_type=\"text-editor.default\">\n\t\t\t\t\t\t\t\t\t<p>L&rsquo;utilisation de Google Analytics peut impliquer des transferts internationaux de donn\u00e9es en dehors de l&rsquo;Espace \u00e9conomique europ\u00e9en. Ces transferts sont effectu\u00e9s conform\u00e9ment aux m\u00e9canismes de garantie pr\u00e9vus par la r\u00e9glementation en vigueur en mati\u00e8re de protection des donn\u00e9es. <\/p>\t\t\t\t\t\t\t\t<\/div>\n\t\t\t\t<\/div>\n\t\t<div class=\"elementor-element elementor-element-4b4e1b1 e-con-full e-flex e-con e-child\" data-id=\"4b4e1b1\" data-element_type=\"container\" data-e-type=\"container\">\n\t\t\t\t<div class=\"elementor-element elementor-element-a5a3120 elementor-widget elementor-widget-heading\" data-id=\"a5a3120\" data-element_type=\"widget\" data-e-type=\"widget\" data-widget_type=\"heading.default\">\n\t\t\t\t\t<h3 class=\"elementor-heading-title elementor-size-default\">6. Gestion et configuration des cookies<\/h3>\t\t\t\t<\/div>\n\t\t\t\t<div class=\"elementor-element elementor-element-be42c73 elementor-widget__width-inherit elementor-widget-mobile__width-inherit elementor-widget elementor-widget-text-editor\" data-id=\"be42c73\" data-element_type=\"widget\" data-e-type=\"widget\" data-widget_type=\"text-editor.default\">\n\t\t\t\t\t\t\t\t\t<p>L&rsquo;utilisateur peut <strong data-start=\"3006\" data-end=\"3040\">accepter, refuser ou configurer<\/strong> l&rsquo;utilisation des cookies via le panneau de configuration disponible dans la banni\u00e8re de cookies du site web.<\/p><p>De m\u00eame, il peut configurer son navigateur pour autoriser, bloquer ou supprimer les cookies install\u00e9s sur son appareil. La d\u00e9sactivation de certains cookies peut affecter le bon fonctionnement du site web. <\/p>\t\t\t\t\t\t\t\t<\/div>\n\t\t\t\t<\/div>\n\t\t<div class=\"elementor-element elementor-element-27b9b6d e-con-full e-flex e-con e-child\" data-id=\"27b9b6d\" data-element_type=\"container\" data-e-type=\"container\">\n\t\t\t\t<div class=\"elementor-element elementor-element-3156c5c elementor-widget elementor-widget-heading\" data-id=\"3156c5c\" data-element_type=\"widget\" data-e-type=\"widget\" data-widget_type=\"heading.default\">\n\t\t\t\t\t<h3 class=\"elementor-heading-title elementor-size-default\">7. Retrait du consentement<\/h3>\t\t\t\t<\/div>\n\t\t\t\t<div class=\"elementor-element elementor-element-1bfbde1 elementor-widget__width-inherit elementor-widget-mobile__width-inherit elementor-widget elementor-widget-text-editor\" data-id=\"1bfbde1\" data-element_type=\"widget\" data-e-type=\"widget\" data-widget_type=\"text-editor.default\">\n\t\t\t\t\t\t\t\t\t<p>L&rsquo;utilisateur peut retirer son consentement \u00e0 tout moment en modifiant la configuration des cookies depuis le panneau pr\u00e9vu \u00e0 cet effet ou depuis les options de son navigateur.<\/p>\t\t\t\t\t\t\t\t<\/div>\n\t\t\t\t<\/div>\n\t\t<div class=\"elementor-element elementor-element-6d1e3f0 e-con-full e-flex e-con e-child\" data-id=\"6d1e3f0\" data-element_type=\"container\" data-e-type=\"container\">\n\t\t\t\t<div class=\"elementor-element elementor-element-b5d5e0b elementor-widget elementor-widget-heading\" data-id=\"b5d5e0b\" data-element_type=\"widget\" data-e-type=\"widget\" data-widget_type=\"heading.default\">\n\t\t\t\t\t<h3 class=\"elementor-heading-title elementor-size-default\">8. Mises \u00e0 jour et modifications de la politique relative aux cookies<\/h3>\t\t\t\t<\/div>\n\t\t\t\t<div class=\"elementor-element elementor-element-84e0eb6 elementor-widget__width-inherit elementor-widget-mobile__width-inherit elementor-widget elementor-widget-text-editor\" data-id=\"84e0eb6\" data-element_type=\"widget\" data-e-type=\"widget\" data-widget_type=\"text-editor.default\">\n\t\t\t\t\t\t\t\t\t<p>La pr\u00e9sente Politique relative aux cookies peut \u00eatre modifi\u00e9e en fonction des exigences l\u00e9gales ou des changements dans l&rsquo;utilisation des cookies sur le site web. Il est recommand\u00e9 \u00e0 l&rsquo;utilisateur de la consulter r\u00e9guli\u00e8rement. <\/p>\t\t\t\t\t\t\t\t<\/div>\n\t\t\t\t<\/div>\n\t\t<div class=\"elementor-element elementor-element-95f1226 e-con-full e-flex e-con e-child\" data-id=\"95f1226\" data-element_type=\"container\" data-e-type=\"container\">\n\t\t\t\t<div class=\"elementor-element elementor-element-4990584 elementor-widget elementor-widget-heading\" data-id=\"4990584\" data-element_type=\"widget\" data-e-type=\"widget\" data-widget_type=\"heading.default\">\n\t\t\t\t\t<h3 class=\"elementor-heading-title elementor-size-default\">9. Contact<\/h3>\t\t\t\t<\/div>\n\t\t\t\t<div class=\"elementor-element elementor-element-d56140c elementor-widget__width-inherit elementor-widget-mobile__width-inherit elementor-widget elementor-widget-text-editor\" data-id=\"d56140c\" data-element_type=\"widget\" data-e-type=\"widget\" data-widget_type=\"text-editor.default\">\n\t\t\t\t\t\t\t\t\t<p>Si vous avez des questions concernant l&rsquo;utilisation des cookies sur ce site web, vous pouvez nous contacter \u00e0 :<br data-start=\"3939\" data-end=\"3942\"\/>\ud83d\udce7 <strong data-start=\"3945\" data-end=\"3966\"><a class=\"decorated-link cursor-pointer\" rel=\"noopener\" data-start=\"3947\" data-end=\"3964\">info@blizzcool.es<\/a><\/strong><br data-start=\"3966\" data-end=\"3969\"\/>\ud83d\udce7 <strong data-start=\"3972\" data-end=\"3994\"><a class=\"decorated-link cursor-pointer\" rel=\"noopener\" data-start=\"3974\" data-end=\"3992\">info@toolsplace.es<\/a><\/strong><\/p>\t\t\t\t\t\t\t\t<\/div>\n\t\t\t\t<\/div>\n\t\t\t\t\t<\/div>\n\t\t\t\t<\/div>\n\t\t\t\t<\/div>\n\t\t","protected":false},"excerpt":{"rendered":"<p>POLITIQUE RELATIVE AUX COOKIES \u2013 BLIZZCOOL Derni\u00e8re mise \u00e0 jour : 3 f\u00e9vrier 2026 1. Que sont les cookies ? [&hellip;]<\/p>\n","protected":false},"author":1,"featured_media":0,"parent":0,"menu_order":0,"comment_status":"closed","ping_status":"closed","template":"elementor_header_footer","meta":{"_acf_changed":false,"site-sidebar-layout":"no-sidebar","site-content-layout":"","ast-site-content-layout":"full-width-container","site-content-style":"default","site-sidebar-style":"default","ast-global-header-display":"","ast-banner-title-visibility":"","ast-main-header-display":"","ast-hfb-above-header-display":"","ast-hfb-below-header-display":"","ast-hfb-mobile-header-display":"","site-post-title":"","ast-breadcrumbs-content":"","ast-featured-img":"disabled","footer-sml-layout":"","ast-disable-related-posts":"","theme-transparent-header-meta":"default","adv-header-id-meta":"","stick-header-meta":"","header-above-stick-meta":"","header-main-stick-meta":"","header-below-stick-meta":"","astra-migrate-meta-layouts":"default","ast-page-background-enabled":"default","ast-page-background-meta":{"desktop":{"background-color":"var(--ast-global-color-5)","background-image":"","background-repeat":"repeat","background-position":"center center","background-size":"auto","background-attachment":"scroll","background-type":"","background-media":"","overlay-type":"","overlay-color":"","overlay-opacity":"","overlay-gradient":""},"tablet":{"background-color":"","background-image":"","background-repeat":"repeat","background-position":"center center","background-size":"auto","background-attachment":"scroll","background-type":"","background-media":"","overlay-type":"","overlay-color":"","overlay-opacity":"","overlay-gradient":""},"mobile":{"background-color":"","background-image":"","background-repeat":"repeat","background-position":"center center","background-size":"auto","background-attachment":"scroll","background-type":"","background-media":"","overlay-type":"","overlay-color":"","overlay-opacity":"","overlay-gradient":""}},"ast-content-background-meta":{"desktop":{"background-color":"var(--ast-global-color-4)","background-image":"","background-repeat":"repeat","background-position":"center center","background-size":"auto","background-attachment":"scroll","background-type":"","background-media":"","overlay-type":"","overlay-color":"","overlay-opacity":"","overlay-gradient":""},"tablet":{"background-color":"var(--ast-global-color-4)","background-image":"","background-repeat":"repeat","background-position":"center center","background-size":"auto","background-attachment":"scroll","background-type":"","background-media":"","overlay-type":"","overlay-color":"","overlay-opacity":"","overlay-gradient":""},"mobile":{"background-color":"var(--ast-global-color-4)","background-image":"","background-repeat":"repeat","background-position":"center center","background-size":"auto","background-attachment":"scroll","background-type":"","background-media":"","overlay-type":"","overlay-color":"","overlay-opacity":"","overlay-gradient":""}},"footnotes":""},"class_list":["post-4623","page","type-page","status-publish","hentry"],"acf":[],"_links":{"self":[{"href":"https:\/\/blizzcool.es\/fr\/wp-json\/wp\/v2\/pages\/4623","targetHints":{"allow":["GET"]}}],"collection":[{"href":"https:\/\/blizzcool.es\/fr\/wp-json\/wp\/v2\/pages"}],"about":[{"href":"https:\/\/blizzcool.es\/fr\/wp-json\/wp\/v2\/types\/page"}],"author":[{"embeddable":true,"href":"https:\/\/blizzcool.es\/fr\/wp-json\/wp\/v2\/users\/1"}],"replies":[{"embeddable":true,"href":"https:\/\/blizzcool.es\/fr\/wp-json\/wp\/v2\/comments?post=4623"}],"version-history":[{"count":0,"href":"https:\/\/blizzcool.es\/fr\/wp-json\/wp\/v2\/pages\/4623\/revisions"}],"wp:attachment":[{"href":"https:\/\/blizzcool.es\/fr\/wp-json\/wp\/v2\/media?parent=4623"}],"curies":[{"name":"wp","href":"https:\/\/api.w.org\/{rel}","templated":true}]}}